{"id":10112,"date":"2021-12-13T12:15:40","date_gmt":"2021-12-13T11:15:40","guid":{"rendered":"https:\/\/www.beefeed.com\/yesapi-allgemeine-geschaeftsbedingungen\/"},"modified":"2021-12-13T12:15:40","modified_gmt":"2021-12-13T11:15:40","slug":"yesapi-allgemeine-geschaeftsbedingungen","status":"publish","type":"page","link":"https:\/\/www.beefeed.com\/de\/yesapi-allgemeine-geschaeftsbedingungen\/","title":{"rendered":"#YESAPI &#8211; Allgemeine Gesch\u00e4ftsbedingungen"},"content":{"rendered":"\t\t<div data-elementor-type=\"wp-page\" data-elementor-id=\"10112\" class=\"elementor elementor-10112 elementor-10105\" data-elementor-post-type=\"page\">\n\t\t\t\t\t\t<section class=\"elementor-section elementor-top-section elementor-element elementor-element-c417351 elementor-hidden-desktop elementor-section-boxed elementor-section-height-default elementor-section-height-default\" data-id=\"c417351\" data-element_type=\"section\" data-settings=\"{&quot;background_background&quot;:&quot;classic&quot;}\">\n\t\t\t\t\t\t<div class=\"elementor-container elementor-column-gap-default\">\n\t\t\t\t\t<div class=\"elementor-column elementor-col-100 elementor-top-column elementor-element elementor-element-cd3c3be\" data-id=\"cd3c3be\" data-element_type=\"column\">\n\t\t\t<div class=\"elementor-widget-wrap elementor-element-populated\">\n\t\t\t\t\t\t<div class=\"elementor-element elementor-element-2d8f144 elementor-widget elementor-widget-image\" data-id=\"2d8f144\" data-element_type=\"widget\" data-widget_type=\"image.default\">\n\t\t\t\t<div class=\"elementor-widget-container\">\n\t\t\t\t\t\t\t\t\t\t\t\t\t\t\t<img fetchpriority=\"high\" decoding=\"async\" width=\"812\" height=\"442\" src=\"https:\/\/www.beefeed.com\/wp-content\/uploads\/2019\/05\/Cropped_HEX_products2-1024x558.jpg\" class=\"attachment-large size-large wp-image-1666\" alt=\"Zwei Arbeitsbienen\" srcset=\"https:\/\/www.beefeed.com\/wp-content\/uploads\/2019\/05\/Cropped_HEX_products2-1024x558.jpg 1024w, https:\/\/www.beefeed.com\/wp-content\/uploads\/2019\/05\/Cropped_HEX_products2-300x163.jpg 300w, https:\/\/www.beefeed.com\/wp-content\/uploads\/2019\/05\/Cropped_HEX_products2-768x418.jpg 768w, https:\/\/www.beefeed.com\/wp-content\/uploads\/2019\/05\/Cropped_HEX_products2.jpg 1440w\" sizes=\"(max-width: 812px) 100vw, 812px\" \/>\t\t\t\t\t\t\t\t\t\t\t\t\t\t\t<\/div>\n\t\t\t\t<\/div>\n\t\t\t\t\t<\/div>\n\t\t<\/div>\n\t\t\t\t\t<\/div>\n\t\t<\/section>\n\t\t\t\t<section class=\"elementor-section elementor-top-section elementor-element elementor-element-c73d33e elementor-section-stretched elementor-section-content-top elementor-hidden-desktop elementor-section-boxed elementor-section-height-default elementor-section-height-default\" data-id=\"c73d33e\" data-element_type=\"section\" data-settings=\"{&quot;stretch_section&quot;:&quot;section-stretched&quot;,&quot;background_background&quot;:&quot;classic&quot;}\">\n\t\t\t\t\t\t<div class=\"elementor-container elementor-column-gap-default\">\n\t\t\t\t\t<div class=\"elementor-column elementor-col-50 elementor-top-column elementor-element elementor-element-67a22d7\" data-id=\"67a22d7\" data-element_type=\"column\">\n\t\t\t<div class=\"elementor-widget-wrap elementor-element-populated\">\n\t\t\t\t\t\t<div class=\"elementor-element elementor-element-7db7f7b elementor-widget elementor-widget-spacer\" data-id=\"7db7f7b\" data-element_type=\"widget\" data-widget_type=\"spacer.default\">\n\t\t\t\t<div class=\"elementor-widget-container\">\n\t\t\t\t\t\t\t<div class=\"elementor-spacer\">\n\t\t\t<div class=\"elementor-spacer-inner\"><\/div>\n\t\t<\/div>\n\t\t\t\t\t\t<\/div>\n\t\t\t\t<\/div>\n\t\t\t\t<div class=\"elementor-element elementor-element-8af8972 elementor-widget elementor-widget-heading\" data-id=\"8af8972\" data-element_type=\"widget\" data-widget_type=\"heading.default\">\n\t\t\t\t<div class=\"elementor-widget-container\">\n\t\t\t\t\t<h2 class=\"elementor-heading-title elementor-size-default\">#YESAPI - Allgemeine Gesch\u00e4ftsbedingungen<\/h2>\t\t\t\t<\/div>\n\t\t\t\t<\/div>\n\t\t\t\t\t<\/div>\n\t\t<\/div>\n\t\t\t\t<div class=\"elementor-column elementor-col-50 elementor-top-column elementor-element elementor-element-1c69f7d\" data-id=\"1c69f7d\" data-element_type=\"column\">\n\t\t\t<div class=\"elementor-widget-wrap\">\n\t\t\t\t\t\t\t<\/div>\n\t\t<\/div>\n\t\t\t\t\t<\/div>\n\t\t<\/section>\n\t\t\t\t<section class=\"elementor-section elementor-top-section elementor-element elementor-element-b6a4770 elementor-section-stretched elementor-section-content-top elementor-hidden-tablet elementor-hidden-phone elementor-section-boxed elementor-section-height-default elementor-section-height-default\" data-id=\"b6a4770\" data-element_type=\"section\" data-settings=\"{&quot;stretch_section&quot;:&quot;section-stretched&quot;,&quot;background_background&quot;:&quot;classic&quot;}\">\n\t\t\t\t\t\t<div class=\"elementor-container elementor-column-gap-default\">\n\t\t\t\t\t<div class=\"elementor-column elementor-col-50 elementor-top-column elementor-element elementor-element-07366b3\" data-id=\"07366b3\" data-element_type=\"column\">\n\t\t\t<div class=\"elementor-widget-wrap elementor-element-populated\">\n\t\t\t\t\t\t<div class=\"elementor-element elementor-element-6041bfa elementor-widget elementor-widget-spacer\" data-id=\"6041bfa\" data-element_type=\"widget\" data-widget_type=\"spacer.default\">\n\t\t\t\t<div class=\"elementor-widget-container\">\n\t\t\t\t\t\t\t<div class=\"elementor-spacer\">\n\t\t\t<div class=\"elementor-spacer-inner\"><\/div>\n\t\t<\/div>\n\t\t\t\t\t\t<\/div>\n\t\t\t\t<\/div>\n\t\t\t\t<div class=\"elementor-element elementor-element-dc06237 elementor-widget elementor-widget-heading\" data-id=\"dc06237\" data-element_type=\"widget\" data-widget_type=\"heading.default\">\n\t\t\t\t<div class=\"elementor-widget-container\">\n\t\t\t\t\t<h2 class=\"elementor-heading-title elementor-size-default\">#YESAPI - Allgemeine Gesch\u00e4ftsbedingungen<\/h2>\t\t\t\t<\/div>\n\t\t\t\t<\/div>\n\t\t\t\t\t<\/div>\n\t\t<\/div>\n\t\t\t\t<div class=\"elementor-column elementor-col-50 elementor-top-column elementor-element elementor-element-568109d\" data-id=\"568109d\" data-element_type=\"column\">\n\t\t\t<div class=\"elementor-widget-wrap elementor-element-populated\">\n\t\t\t\t\t\t<div class=\"elementor-element elementor-element-ef50bcc elementor-widget elementor-widget-image\" data-id=\"ef50bcc\" data-element_type=\"widget\" data-widget_type=\"image.default\">\n\t\t\t\t<div class=\"elementor-widget-container\">\n\t\t\t\t\t\t\t\t\t\t\t\t\t\t\t<img fetchpriority=\"high\" decoding=\"async\" width=\"812\" height=\"442\" src=\"https:\/\/www.beefeed.com\/wp-content\/uploads\/2019\/05\/Cropped_HEX_products2-1024x558.jpg\" class=\"attachment-large size-large wp-image-1666\" alt=\"Zwei Arbeitsbienen\" srcset=\"https:\/\/www.beefeed.com\/wp-content\/uploads\/2019\/05\/Cropped_HEX_products2-1024x558.jpg 1024w, https:\/\/www.beefeed.com\/wp-content\/uploads\/2019\/05\/Cropped_HEX_products2-300x163.jpg 300w, https:\/\/www.beefeed.com\/wp-content\/uploads\/2019\/05\/Cropped_HEX_products2-768x418.jpg 768w, https:\/\/www.beefeed.com\/wp-content\/uploads\/2019\/05\/Cropped_HEX_products2.jpg 1440w\" sizes=\"(max-width: 812px) 100vw, 812px\" \/>\t\t\t\t\t\t\t\t\t\t\t\t\t\t\t<\/div>\n\t\t\t\t<\/div>\n\t\t\t\t\t<\/div>\n\t\t<\/div>\n\t\t\t\t\t<\/div>\n\t\t<\/section>\n\t\t\t\t<section class=\"elementor-section elementor-top-section elementor-element elementor-element-c1a0b41 elementor-section-stretched elementor-section-content-top api-section elementor-section-boxed elementor-section-height-default elementor-section-height-default\" data-id=\"c1a0b41\" data-element_type=\"section\" data-settings=\"{&quot;stretch_section&quot;:&quot;section-stretched&quot;,&quot;background_background&quot;:&quot;classic&quot;}\">\n\t\t\t\t\t\t<div class=\"elementor-container elementor-column-gap-default\">\n\t\t\t\t\t<div class=\"elementor-column elementor-col-66 elementor-top-column elementor-element elementor-element-7e842b3 api-section-column\" data-id=\"7e842b3\" data-element_type=\"column\">\n\t\t\t<div class=\"elementor-widget-wrap elementor-element-populated\">\n\t\t\t\t\t\t<div class=\"elementor-element elementor-element-caf5eee elementor-widget elementor-widget-spacer\" data-id=\"caf5eee\" data-element_type=\"widget\" data-widget_type=\"spacer.default\">\n\t\t\t\t<div class=\"elementor-widget-container\">\n\t\t\t\t\t\t\t<div class=\"elementor-spacer\">\n\t\t\t<div class=\"elementor-spacer-inner\"><\/div>\n\t\t<\/div>\n\t\t\t\t\t\t<\/div>\n\t\t\t\t<\/div>\n\t\t\t\t<div class=\"elementor-element elementor-element-24c4824 elementor-widget elementor-widget-text-editor\" data-id=\"24c4824\" data-element_type=\"widget\" data-widget_type=\"text-editor.default\">\n\t\t\t\t<div class=\"elementor-widget-container\">\n\t\t\t\t\t\t\t\t\t<p>Wir freuen uns zu sehen, wie Sie das Bienenleben und API Bienenfutterprodukte in sozialen Medien bewerben und bitten m\u00f6glicherweise darum, diese Bilder (Fotos oder Videos) auf unseren eigenen Kan\u00e4len zu teilen. Der Kanal, auf dem wir die Bilder ver\u00f6ffentlichen, wird in erster Linie die API-Website (beefeed.com) sein, k\u00f6nnte aber auch den API-Newsletter oder unsere eigenen Social-Media-Kan\u00e4le umfassen.<\/p>\n<p>Indem Sie diesen Bedingungen zustimmen und uns im Gegenzug auf unsere Anfrage zur Verwendung eines oder mehrerer pers\u00f6nlicher Bilder eine #YESAPI senden, erteilen Sie API (S\u00fcdzucker AG) eine nicht-exklusive, geb\u00fchrenfreie und weltweite Lizenz zur Nutzung und Weitergabe Ihres Bildes f\u00fcr Marketing- und\/oder Werbezwecke, einschlie\u00dflich des Rechts, Ihr Bild zu reproduzieren, zu verteilen, zu \u00e4ndern und zu bearbeiten. Sie versichern und garantieren, dass Sie die Rechte an dem von Ihnen eingereichten Material besitzen oder kontrollieren und dass Sie die Erlaubnis aller auf dem Bild erscheinenden Personen haben. Falls Produkte anderer Marken auf dem Bild erscheinen und diese Marke in Ihrem Bild erw\u00e4hnt wird, erw\u00e4hnen wir diese Marke auch, wenn Sie Ihr Bild teilen. Wenn andere Marken in Ihrem Bild angezeigt w\u00fcrden, aber nicht erw\u00e4hnt werden, k\u00f6nnen wir diese Marke ebenfalls nicht erw\u00e4hnen. Eine Erw\u00e4hnung k\u00f6nnen wir jedoch auf Anfrage jederzeit nachtr\u00e4glich hinzuf\u00fcgen. Das Bild bleibt jederzeit Ihr Eigentum und eine erteilte Erlaubnis kann widerrufen werden.<\/p>\n<p><strong>Erlaubnis zur\u00fcckziehen<\/strong><\/p>\n<p>Wenn Sie Ihre Einwilligung widerrufen m\u00f6chten, k\u00f6nnen Sie uns eine E-Mail an dominique.demets@suedzuckergroup.com senden und wir werden Ihr Bild innerhalb von 14 Tagen aus unseren digitalen Kan\u00e4len entfernen. Wenn wir Ihr Bild in unserem Newsletter verwendet haben, ist es nicht m\u00f6glich, das Bild zu entfernen, wir werden es jedoch in Zukunft nicht mehr verwenden.<\/p>\n<p><a href=\"\/de\/privacy\/\"><span style=\"text-decoration: underline;\">Unsere Datenschutzerkl\u00e4rung kann hier eingesehen werden.<\/span><\/a><\/p>\n\t\t\t\t\t\t\t\t<\/div>\n\t\t\t\t<\/div>\n\t\t\t\t\t<\/div>\n\t\t<\/div>\n\t\t\t\t<div class=\"elementor-column elementor-col-33 elementor-top-column elementor-element elementor-element-f11638f\" data-id=\"f11638f\" data-element_type=\"column\">\n\t\t\t<div class=\"elementor-widget-wrap\">\n\t\t\t\t\t\t\t<\/div>\n\t\t<\/div>\n\t\t\t\t\t<\/div>\n\t\t<\/section>\n\t\t\t\t<\/div>\n\t\t","protected":false},"excerpt":{"rendered":"<p>#YESAPI &#8211; Allgemeine Gesch\u00e4ftsbedingungen #YESAPI &#8211; Allgemeine Gesch\u00e4ftsbedingungen Wir freuen uns zu sehen, wie Sie das Bienenleben und API Bienenfutterprodukte in sozialen Medien bewerben und bitten m\u00f6glicherweise darum, diese Bilder (Fotos oder Videos) auf unseren eigenen Kan\u00e4len zu teilen. Der Kanal, auf dem wir die Bilder ver\u00f6ffentlichen, wird in erster Linie die API-Website (beefeed.com) sein, [&hellip;]<\/p>\n","protected":false},"author":1,"featured_media":0,"parent":0,"menu_order":0,"comment_status":"closed","ping_status":"closed","template":"elementor_header_footer","meta":{"_acf_changed":false,"_mc_calendar":[],"footnotes":"","_links_to":"","_links_to_target":"","_wp_rev_ctl_limit":""},"class_list":["post-10112","page","type-page","status-publish","hentry"],"acf":[],"yoast_head":"<!-- This site is optimized with the Yoast SEO Premium plugin v25.6 (Yoast SEO v25.6) - https:\/\/yoast.com\/wordpress\/plugins\/seo\/ -->\n<title>API - #YESAPI - Allgemeine Gesch\u00e4ftsbedingungen<\/title>\n<meta name=\"robots\" content=\"index, follow, max-snippet:-1, max-image-preview:large, max-video-preview:-1\" \/>\n<link rel=\"canonical\" href=\"https:\/\/www.beefeed.com\/de\/yesapi-allgemeine-geschaeftsbedingungen\/\" \/>\n<meta property=\"og:locale\" content=\"de_DE\" \/>\n<meta property=\"og:type\" content=\"article\" \/>\n<meta property=\"og:title\" content=\"#YESAPI - Allgemeine Gesch\u00e4ftsbedingungen\" \/>\n<meta property=\"og:description\" content=\"#YESAPI &#8211; Allgemeine Gesch\u00e4ftsbedingungen #YESAPI &#8211; Allgemeine Gesch\u00e4ftsbedingungen Wir freuen uns zu sehen, wie Sie das Bienenleben und API Bienenfutterprodukte in sozialen Medien bewerben und bitten m\u00f6glicherweise darum, diese Bilder (Fotos oder Videos) auf unseren eigenen Kan\u00e4len zu teilen. Der Kanal, auf dem wir die Bilder ver\u00f6ffentlichen, wird in erster Linie die API-Website (beefeed.com) sein, [&hellip;]\" \/>\n<meta property=\"og:url\" content=\"https:\/\/www.beefeed.com\/de\/yesapi-allgemeine-geschaeftsbedingungen\/\" \/>\n<meta property=\"og:site_name\" content=\"API\" \/>\n<meta property=\"og:image\" content=\"https:\/\/www.beefeed.com\/wp-content\/uploads\/2019\/05\/Cropped_HEX_products2-1024x558.jpg\" \/>\n<meta name=\"twitter:card\" content=\"summary_large_image\" \/>\n<meta name=\"twitter:label1\" content=\"Gesch\u00e4tzte Lesezeit\" \/>\n\t<meta name=\"twitter:data1\" content=\"2\u00a0Minuten\" \/>\n<script type=\"application\/ld+json\" class=\"yoast-schema-graph\">{\"@context\":\"https:\/\/schema.org\",\"@graph\":[{\"@type\":\"WebPage\",\"@id\":\"https:\/\/www.beefeed.com\/de\/yesapi-allgemeine-geschaeftsbedingungen\/\",\"url\":\"https:\/\/www.beefeed.com\/de\/yesapi-allgemeine-geschaeftsbedingungen\/\",\"name\":\"API - #YESAPI - Allgemeine Gesch\u00e4ftsbedingungen\",\"isPartOf\":{\"@id\":\"https:\/\/www.beefeed.com\/de\/#website\"},\"primaryImageOfPage\":{\"@id\":\"https:\/\/www.beefeed.com\/de\/yesapi-allgemeine-geschaeftsbedingungen\/#primaryimage\"},\"image\":{\"@id\":\"https:\/\/www.beefeed.com\/de\/yesapi-allgemeine-geschaeftsbedingungen\/#primaryimage\"},\"thumbnailUrl\":\"https:\/\/www.beefeed.com\/wp-content\/uploads\/2019\/05\/Cropped_HEX_products2-1024x558.jpg\",\"datePublished\":\"2021-12-13T11:15:40+00:00\",\"breadcrumb\":{\"@id\":\"https:\/\/www.beefeed.com\/de\/yesapi-allgemeine-geschaeftsbedingungen\/#breadcrumb\"},\"inLanguage\":\"de\",\"potentialAction\":[{\"@type\":\"ReadAction\",\"target\":[\"https:\/\/www.beefeed.com\/de\/yesapi-allgemeine-geschaeftsbedingungen\/\"]}]},{\"@type\":\"ImageObject\",\"inLanguage\":\"de\",\"@id\":\"https:\/\/www.beefeed.com\/de\/yesapi-allgemeine-geschaeftsbedingungen\/#primaryimage\",\"url\":\"https:\/\/www.beefeed.com\/wp-content\/uploads\/2019\/05\/Cropped_HEX_products2-1024x558.jpg\",\"contentUrl\":\"https:\/\/www.beefeed.com\/wp-content\/uploads\/2019\/05\/Cropped_HEX_products2-1024x558.jpg\"},{\"@type\":\"BreadcrumbList\",\"@id\":\"https:\/\/www.beefeed.com\/de\/yesapi-allgemeine-geschaeftsbedingungen\/#breadcrumb\",\"itemListElement\":[{\"@type\":\"ListItem\",\"position\":1,\"name\":\"Home\",\"item\":\"https:\/\/www.beefeed.com\/de\/\"},{\"@type\":\"ListItem\",\"position\":2,\"name\":\"#YESAPI &#8211; Allgemeine Gesch\u00e4ftsbedingungen\"}]},{\"@type\":\"WebSite\",\"@id\":\"https:\/\/www.beefeed.com\/de\/#website\",\"url\":\"https:\/\/www.beefeed.com\/de\/\",\"name\":\"API\",\"description\":\"\",\"publisher\":{\"@id\":\"https:\/\/www.beefeed.com\/de\/#organization\"},\"potentialAction\":[{\"@type\":\"SearchAction\",\"target\":{\"@type\":\"EntryPoint\",\"urlTemplate\":\"https:\/\/www.beefeed.com\/de\/?s={search_term_string}\"},\"query-input\":{\"@type\":\"PropertyValueSpecification\",\"valueRequired\":true,\"valueName\":\"search_term_string\"}}],\"inLanguage\":\"de\"},{\"@type\":\"Organization\",\"@id\":\"https:\/\/www.beefeed.com\/de\/#organization\",\"name\":\"Suedzucker AG\",\"url\":\"https:\/\/www.beefeed.com\/de\/\",\"logo\":{\"@type\":\"ImageObject\",\"inLanguage\":\"de\",\"@id\":\"https:\/\/www.beefeed.com\/de\/#\/schema\/logo\/image\/\",\"url\":\"https:\/\/www.beefeed.com\/wp-content\/uploads\/2019\/06\/Logo-API-e1560863497158.png\",\"contentUrl\":\"https:\/\/www.beefeed.com\/wp-content\/uploads\/2019\/06\/Logo-API-e1560863497158.png\",\"width\":1772,\"height\":1890,\"caption\":\"Suedzucker AG\"},\"image\":{\"@id\":\"https:\/\/www.beefeed.com\/de\/#\/schema\/logo\/image\/\"}}]}<\/script>\n<!-- \/ Yoast SEO Premium plugin. -->","yoast_head_json":{"title":"API - #YESAPI - Allgemeine Gesch\u00e4ftsbedingungen","robots":{"index":"index","follow":"follow","max-snippet":"max-snippet:-1","max-image-preview":"max-image-preview:large","max-video-preview":"max-video-preview:-1"},"canonical":"https:\/\/www.beefeed.com\/de\/yesapi-allgemeine-geschaeftsbedingungen\/","og_locale":"de_DE","og_type":"article","og_title":"#YESAPI - Allgemeine Gesch\u00e4ftsbedingungen","og_description":"#YESAPI &#8211; Allgemeine Gesch\u00e4ftsbedingungen #YESAPI &#8211; Allgemeine Gesch\u00e4ftsbedingungen Wir freuen uns zu sehen, wie Sie das Bienenleben und API Bienenfutterprodukte in sozialen Medien bewerben und bitten m\u00f6glicherweise darum, diese Bilder (Fotos oder Videos) auf unseren eigenen Kan\u00e4len zu teilen. Der Kanal, auf dem wir die Bilder ver\u00f6ffentlichen, wird in erster Linie die API-Website (beefeed.com) sein, [&hellip;]","og_url":"https:\/\/www.beefeed.com\/de\/yesapi-allgemeine-geschaeftsbedingungen\/","og_site_name":"API","og_image":[{"url":"https:\/\/www.beefeed.com\/wp-content\/uploads\/2019\/05\/Cropped_HEX_products2-1024x558.jpg","type":"","width":"","height":""}],"twitter_card":"summary_large_image","twitter_misc":{"Gesch\u00e4tzte Lesezeit":"2\u00a0Minuten"},"schema":{"@context":"https:\/\/schema.org","@graph":[{"@type":"WebPage","@id":"https:\/\/www.beefeed.com\/de\/yesapi-allgemeine-geschaeftsbedingungen\/","url":"https:\/\/www.beefeed.com\/de\/yesapi-allgemeine-geschaeftsbedingungen\/","name":"API - #YESAPI - Allgemeine Gesch\u00e4ftsbedingungen","isPartOf":{"@id":"https:\/\/www.beefeed.com\/de\/#website"},"primaryImageOfPage":{"@id":"https:\/\/www.beefeed.com\/de\/yesapi-allgemeine-geschaeftsbedingungen\/#primaryimage"},"image":{"@id":"https:\/\/www.beefeed.com\/de\/yesapi-allgemeine-geschaeftsbedingungen\/#primaryimage"},"thumbnailUrl":"https:\/\/www.beefeed.com\/wp-content\/uploads\/2019\/05\/Cropped_HEX_products2-1024x558.jpg","datePublished":"2021-12-13T11:15:40+00:00","breadcrumb":{"@id":"https:\/\/www.beefeed.com\/de\/yesapi-allgemeine-geschaeftsbedingungen\/#breadcrumb"},"inLanguage":"de","potentialAction":[{"@type":"ReadAction","target":["https:\/\/www.beefeed.com\/de\/yesapi-allgemeine-geschaeftsbedingungen\/"]}]},{"@type":"ImageObject","inLanguage":"de","@id":"https:\/\/www.beefeed.com\/de\/yesapi-allgemeine-geschaeftsbedingungen\/#primaryimage","url":"https:\/\/www.beefeed.com\/wp-content\/uploads\/2019\/05\/Cropped_HEX_products2-1024x558.jpg","contentUrl":"https:\/\/www.beefeed.com\/wp-content\/uploads\/2019\/05\/Cropped_HEX_products2-1024x558.jpg"},{"@type":"BreadcrumbList","@id":"https:\/\/www.beefeed.com\/de\/yesapi-allgemeine-geschaeftsbedingungen\/#breadcrumb","itemListElement":[{"@type":"ListItem","position":1,"name":"Home","item":"https:\/\/www.beefeed.com\/de\/"},{"@type":"ListItem","position":2,"name":"#YESAPI &#8211; Allgemeine Gesch\u00e4ftsbedingungen"}]},{"@type":"WebSite","@id":"https:\/\/www.beefeed.com\/de\/#website","url":"https:\/\/www.beefeed.com\/de\/","name":"API","description":"","publisher":{"@id":"https:\/\/www.beefeed.com\/de\/#organization"},"potentialAction":[{"@type":"SearchAction","target":{"@type":"EntryPoint","urlTemplate":"https:\/\/www.beefeed.com\/de\/?s={search_term_string}"},"query-input":{"@type":"PropertyValueSpecification","valueRequired":true,"valueName":"search_term_string"}}],"inLanguage":"de"},{"@type":"Organization","@id":"https:\/\/www.beefeed.com\/de\/#organization","name":"Suedzucker AG","url":"https:\/\/www.beefeed.com\/de\/","logo":{"@type":"ImageObject","inLanguage":"de","@id":"https:\/\/www.beefeed.com\/de\/#\/schema\/logo\/image\/","url":"https:\/\/www.beefeed.com\/wp-content\/uploads\/2019\/06\/Logo-API-e1560863497158.png","contentUrl":"https:\/\/www.beefeed.com\/wp-content\/uploads\/2019\/06\/Logo-API-e1560863497158.png","width":1772,"height":1890,"caption":"Suedzucker AG"},"image":{"@id":"https:\/\/www.beefeed.com\/de\/#\/schema\/logo\/image\/"}}]}},"_links":{"self":[{"href":"https:\/\/www.beefeed.com\/de\/wp-json\/wp\/v2\/pages\/10112","targetHints":{"allow":["GET"]}}],"collection":[{"href":"https:\/\/www.beefeed.com\/de\/wp-json\/wp\/v2\/pages"}],"about":[{"href":"https:\/\/www.beefeed.com\/de\/wp-json\/wp\/v2\/types\/page"}],"author":[{"embeddable":true,"href":"https:\/\/www.beefeed.com\/de\/wp-json\/wp\/v2\/users\/1"}],"replies":[{"embeddable":true,"href":"https:\/\/www.beefeed.com\/de\/wp-json\/wp\/v2\/comments?post=10112"}],"version-history":[{"count":0,"href":"https:\/\/www.beefeed.com\/de\/wp-json\/wp\/v2\/pages\/10112\/revisions"}],"wp:attachment":[{"href":"https:\/\/www.beefeed.com\/de\/wp-json\/wp\/v2\/media?parent=10112"}],"curies":[{"name":"wp","href":"https:\/\/api.w.org\/{rel}","templated":true}]}}