{"id":11873,"date":"2022-06-16T12:16:09","date_gmt":"2022-06-16T10:16:09","guid":{"rendered":"https:\/\/www.beefeed.com\/pilotbetriebe\/"},"modified":"2022-06-16T12:26:32","modified_gmt":"2022-06-16T10:26:32","slug":"pilotbetriebe","status":"publish","type":"page","link":"https:\/\/www.beefeed.com\/de\/pilotbetriebe\/","title":{"rendered":"Pilotbetriebe"},"content":{"rendered":"\t\t<div data-elementor-type=\"wp-page\" data-elementor-id=\"11873\" class=\"elementor elementor-11873 elementor-11340\" data-elementor-post-type=\"page\">\n\t\t\t\t\t\t<section class=\"elementor-section elementor-top-section elementor-element elementor-element-6ba1a84 elementor-section-stretched elementor-section-content-top elementor-section-boxed elementor-section-height-default elementor-section-height-default\" data-id=\"6ba1a84\" data-element_type=\"section\" data-settings=\"{&quot;stretch_section&quot;:&quot;section-stretched&quot;,&quot;background_background&quot;:&quot;classic&quot;}\">\n\t\t\t\t\t\t<div class=\"elementor-container elementor-column-gap-default\">\n\t\t\t\t\t<div class=\"elementor-column elementor-col-50 elementor-top-column elementor-element elementor-element-99c661a\" data-id=\"99c661a\" data-element_type=\"column\">\n\t\t\t<div class=\"elementor-widget-wrap elementor-element-populated\">\n\t\t\t\t\t\t<div class=\"elementor-element elementor-element-7ef36f1 elementor-widget elementor-widget-spacer\" data-id=\"7ef36f1\" data-element_type=\"widget\" data-widget_type=\"spacer.default\">\n\t\t\t\t<div class=\"elementor-widget-container\">\n\t\t\t\t\t\t\t<div class=\"elementor-spacer\">\n\t\t\t<div class=\"elementor-spacer-inner\"><\/div>\n\t\t<\/div>\n\t\t\t\t\t\t<\/div>\n\t\t\t\t<\/div>\n\t\t\t\t<div class=\"elementor-element elementor-element-5eba0f7 elementor-widget elementor-widget-heading\" data-id=\"5eba0f7\" data-element_type=\"widget\" data-widget_type=\"heading.default\">\n\t\t\t\t<div class=\"elementor-widget-container\">\n\t\t\t\t\t<h1 class=\"elementor-heading-title elementor-size-default\">Pilotbetriebe<\/h1>\t\t\t\t<\/div>\n\t\t\t\t<\/div>\n\t\t\t\t<div class=\"elementor-element elementor-element-0b804a5 elementor-widget elementor-widget-text-editor\" data-id=\"0b804a5\" data-element_type=\"widget\" data-widget_type=\"text-editor.default\">\n\t\t\t\t<div class=\"elementor-widget-container\">\n\t\t\t\t\t\t\t\t\tDie Pilotbetriebe in Deutschland (Kirschgartshausen), Frankreich (Etrepagny) und Belgien haben das Ziel, innovative landwirtschaftliche Praktiken zu testen, um die Nachhaltigkeit in einem sich ver\u00e4ndernden \u00d6kosystem zu f\u00f6rdern und gleichzeitig die Rentabilit\u00e4t der R\u00fcben zu erhalten. Die Aktivit\u00e4ten\/Tests, die hier durchgef\u00fchrt werden, sind vielf\u00e4ltig:\t\t\t\t\t\t\t\t<\/div>\n\t\t\t\t<\/div>\n\t\t\t\t\t<\/div>\n\t\t<\/div>\n\t\t\t\t<div class=\"elementor-column elementor-col-50 elementor-top-column elementor-element elementor-element-6648806\" data-id=\"6648806\" data-element_type=\"column\">\n\t\t\t<div class=\"elementor-widget-wrap elementor-element-populated\">\n\t\t\t\t\t\t<div class=\"elementor-element elementor-element-77104a3 elementor-hidden-mobile elementor-widget elementor-widget-image\" data-id=\"77104a3\" data-element_type=\"widget\" data-widget_type=\"image.default\">\n\t\t\t\t<div class=\"elementor-widget-container\">\n\t\t\t\t\t\t\t\t\t\t\t\t\t\t\t<img fetchpriority=\"high\" decoding=\"async\" width=\"812\" height=\"442\" src=\"https:\/\/www.beefeed.com\/wp-content\/uploads\/2022\/06\/hex_fermespilotes-1024x558.jpg\" class=\"attachment-large size-large wp-image-11612\" alt=\"\" srcset=\"https:\/\/www.beefeed.com\/wp-content\/uploads\/2022\/06\/hex_fermespilotes-1024x558.jpg 1024w, https:\/\/www.beefeed.com\/wp-content\/uploads\/2022\/06\/hex_fermespilotes-300x163.jpg 300w, https:\/\/www.beefeed.com\/wp-content\/uploads\/2022\/06\/hex_fermespilotes-768x418.jpg 768w, https:\/\/www.beefeed.com\/wp-content\/uploads\/2022\/06\/hex_fermespilotes.jpg 1140w\" sizes=\"(max-width: 812px) 100vw, 812px\" \/>\t\t\t\t\t\t\t\t\t\t\t\t\t\t\t<\/div>\n\t\t\t\t<\/div>\n\t\t\t\t\t<\/div>\n\t\t<\/div>\n\t\t\t\t\t<\/div>\n\t\t<\/section>\n\t\t\t\t<section class=\"elementor-section elementor-top-section elementor-element elementor-element-249ce6b elementor-section-stretched elementor-section-content-top api-section elementor-section-boxed elementor-section-height-default elementor-section-height-default\" data-id=\"249ce6b\" data-element_type=\"section\" data-settings=\"{&quot;stretch_section&quot;:&quot;section-stretched&quot;,&quot;background_background&quot;:&quot;classic&quot;}\">\n\t\t\t\t\t\t<div class=\"elementor-container elementor-column-gap-default\">\n\t\t\t\t\t<div class=\"elementor-column elementor-col-66 elementor-top-column elementor-element elementor-element-3fc0c62 api-section-column\" data-id=\"3fc0c62\" data-element_type=\"column\" data-settings=\"{&quot;background_background&quot;:&quot;classic&quot;}\">\n\t\t\t<div class=\"elementor-widget-wrap elementor-element-populated\">\n\t\t\t\t\t\t<div class=\"elementor-element elementor-element-01d55c3 elementor-widget elementor-widget-text-editor\" data-id=\"01d55c3\" data-element_type=\"widget\" data-widget_type=\"text-editor.default\">\n\t\t\t\t<div class=\"elementor-widget-container\">\n\t\t\t\t\t\t\t\t\t<ol>\r\n \t<li>Fruchtfolge und Anbausysteme.<\/li>\r\n \t<li>D\u00fcngung, parzellenspezifisch und bedarfsorientiert.<\/li>\r\n \t<li>Pflanzenschutz: chemisch, mechanisch oder autonom.<\/li>\r\n \t<li>Digitalisierung: Anwendung neuer Technologien.<\/li>\r\n \t<li>F\u00f6rderung der Biodiversit\u00e4t.<\/li>\r\n<\/ol>\t\t\t\t\t\t\t\t<\/div>\n\t\t\t\t<\/div>\n\t\t\t\t\t<\/div>\n\t\t<\/div>\n\t\t\t\t<div class=\"elementor-column elementor-col-33 elementor-top-column elementor-element elementor-element-a2ed053\" data-id=\"a2ed053\" data-element_type=\"column\">\n\t\t\t<div class=\"elementor-widget-wrap\">\n\t\t\t\t\t\t\t<\/div>\n\t\t<\/div>\n\t\t\t\t\t<\/div>\n\t\t<\/section>\n\t\t\t\t<section class=\"elementor-section elementor-top-section elementor-element elementor-element-1320bea elementor-section-stretched api-section elementor-section-boxed elementor-section-height-default elementor-section-height-default\" data-id=\"1320bea\" data-element_type=\"section\" data-settings=\"{&quot;stretch_section&quot;:&quot;section-stretched&quot;,&quot;background_background&quot;:&quot;classic&quot;}\">\n\t\t\t\t\t\t<div class=\"elementor-container elementor-column-gap-default\">\n\t\t\t\t\t<div class=\"elementor-column elementor-col-66 elementor-top-column elementor-element elementor-element-d991054 api-section-column\" data-id=\"d991054\" data-element_type=\"column\" data-settings=\"{&quot;background_background&quot;:&quot;classic&quot;}\">\n\t\t\t<div class=\"elementor-widget-wrap elementor-element-populated\">\n\t\t\t\t\t\t<section class=\"elementor-section elementor-inner-section elementor-element elementor-element-b417a6f elementor-section-content-middle elementor-section-boxed elementor-section-height-default elementor-section-height-default\" data-id=\"b417a6f\" data-element_type=\"section\">\n\t\t\t\t\t\t<div class=\"elementor-container elementor-column-gap-default\">\n\t\t\t\t\t<div class=\"elementor-column elementor-col-50 elementor-inner-column elementor-element elementor-element-152b10f\" data-id=\"152b10f\" data-element_type=\"column\">\n\t\t\t<div class=\"elementor-widget-wrap elementor-element-populated\">\n\t\t\t\t\t\t<div class=\"elementor-element elementor-element-594d2ea api-line-title elementor-widget elementor-widget-heading\" data-id=\"594d2ea\" data-element_type=\"widget\" data-widget_type=\"heading.default\">\n\t\t\t\t<div class=\"elementor-widget-container\">\n\t\t\t\t\t<h3 class=\"elementor-heading-title elementor-size-default\"><a href=\"https:\/\/www.beefeed.com\/de\/bluehstreifen\/\">Lesen Sie weiter: Bl\u00fchstreifen<\/a><\/h3>\t\t\t\t<\/div>\n\t\t\t\t<\/div>\n\t\t\t\t<div class=\"elementor-element elementor-element-07e3719 elementor-widget elementor-widget-text-editor\" data-id=\"07e3719\" data-element_type=\"widget\" data-widget_type=\"text-editor.default\">\n\t\t\t\t<div class=\"elementor-widget-container\">\n\t\t\t\t\t\t\t\t\tIn einem Ansatz zur F\u00f6rderung der Biodiversit\u00e4t diskutiert die S\u00fcdzucker-Gruppe seit 2014 mit Landwirten \u00fcber die Anlage von Bl\u00fchstreifen.\t\t\t\t\t\t\t\t<\/div>\n\t\t\t\t<\/div>\n\t\t\t\t\t<\/div>\n\t\t<\/div>\n\t\t\t\t<div class=\"elementor-column elementor-col-50 elementor-inner-column elementor-element elementor-element-ca67352\" data-id=\"ca67352\" data-element_type=\"column\">\n\t\t\t<div class=\"elementor-widget-wrap elementor-element-populated\">\n\t\t\t\t\t\t<div class=\"elementor-element elementor-element-b62e56f elementor-widget elementor-widget-image\" data-id=\"b62e56f\" data-element_type=\"widget\" data-widget_type=\"image.default\">\n\t\t\t\t<div class=\"elementor-widget-container\">\n\t\t\t\t\t\t\t\t\t\t\t\t\t\t\t\t<a href=\"https:\/\/www.beefeed.com\/de\/bluehstreifen\/\">\n\t\t\t\t\t\t\t<img decoding=\"async\" width=\"66\" height=\"61\" src=\"https:\/\/www.beefeed.com\/wp-content\/uploads\/2019\/04\/icon-arrow-temp.png\" class=\"attachment-full size-full wp-image-1295\" alt=\"Icon arrow\" \/>\t\t\t\t\t\t\t\t<\/a>\n\t\t\t\t\t\t\t\t\t\t\t\t\t\t\t<\/div>\n\t\t\t\t<\/div>\n\t\t\t\t\t<\/div>\n\t\t<\/div>\n\t\t\t\t\t<\/div>\n\t\t<\/section>\n\t\t\t\t\t<\/div>\n\t\t<\/div>\n\t\t\t\t<div class=\"elementor-column elementor-col-33 elementor-top-column elementor-element elementor-element-f983930\" data-id=\"f983930\" data-element_type=\"column\">\n\t\t\t<div class=\"elementor-widget-wrap\">\n\t\t\t\t\t\t\t<\/div>\n\t\t<\/div>\n\t\t\t\t\t<\/div>\n\t\t<\/section>\n\t\t\t\t<\/div>\n\t\t","protected":false},"excerpt":{"rendered":"<p>Pilotbetriebe Die Pilotbetriebe in Deutschland (Kirschgartshausen), Frankreich (Etrepagny) und Belgien haben das Ziel, innovative landwirtschaftliche Praktiken zu testen, um die Nachhaltigkeit in einem sich ver\u00e4ndernden \u00d6kosystem zu f\u00f6rdern und gleichzeitig die Rentabilit\u00e4t der R\u00fcben zu erhalten. Die Aktivit\u00e4ten\/Tests, die hier durchgef\u00fchrt werden, sind vielf\u00e4ltig: Fruchtfolge und Anbausysteme. D\u00fcngung, parzellenspezifisch und bedarfsorientiert. Pflanzenschutz: chemisch, mechanisch oder [&hellip;]<\/p>\n","protected":false},"author":1,"featured_media":0,"parent":0,"menu_order":0,"comment_status":"closed","ping_status":"closed","template":"elementor_header_footer","meta":{"_acf_changed":false,"_mc_calendar":[],"footnotes":"","_links_to":"","_links_to_target":"","_wp_rev_ctl_limit":""},"class_list":["post-11873","page","type-page","status-publish","hentry"],"acf":[],"yoast_head":"<!-- This site is optimized with the Yoast SEO Premium plugin v25.6 (Yoast SEO v25.6) - https:\/\/yoast.com\/wordpress\/plugins\/seo\/ -->\n<title>API - Pilotbetriebe<\/title>\n<meta name=\"robots\" content=\"index, follow, max-snippet:-1, max-image-preview:large, max-video-preview:-1\" \/>\n<link rel=\"canonical\" href=\"https:\/\/www.beefeed.com\/de\/pilotbetriebe\/\" \/>\n<meta property=\"og:locale\" content=\"de_DE\" \/>\n<meta property=\"og:type\" content=\"article\" \/>\n<meta property=\"og:title\" content=\"Pilotbetriebe\" \/>\n<meta property=\"og:description\" content=\"Pilotbetriebe Die Pilotbetriebe in Deutschland (Kirschgartshausen), Frankreich (Etrepagny) und Belgien haben das Ziel, innovative landwirtschaftliche Praktiken zu testen, um die Nachhaltigkeit in einem sich ver\u00e4ndernden \u00d6kosystem zu f\u00f6rdern und gleichzeitig die Rentabilit\u00e4t der R\u00fcben zu erhalten. Die Aktivit\u00e4ten\/Tests, die hier durchgef\u00fchrt werden, sind vielf\u00e4ltig: Fruchtfolge und Anbausysteme. D\u00fcngung, parzellenspezifisch und bedarfsorientiert. Pflanzenschutz: chemisch, mechanisch oder [&hellip;]\" \/>\n<meta property=\"og:url\" content=\"https:\/\/www.beefeed.com\/de\/pilotbetriebe\/\" \/>\n<meta property=\"og:site_name\" content=\"API\" \/>\n<meta property=\"article:modified_time\" content=\"2022-06-16T10:26:32+00:00\" \/>\n<meta property=\"og:image\" content=\"https:\/\/www.beefeed.com\/wp-content\/uploads\/2022\/06\/hex_fermespilotes-1024x558.jpg\" \/>\n<meta name=\"twitter:card\" content=\"summary_large_image\" \/>\n<meta name=\"twitter:label1\" content=\"Gesch\u00e4tzte Lesezeit\" \/>\n\t<meta name=\"twitter:data1\" content=\"1\u00a0Minute\" \/>\n<script type=\"application\/ld+json\" class=\"yoast-schema-graph\">{\"@context\":\"https:\/\/schema.org\",\"@graph\":[{\"@type\":\"WebPage\",\"@id\":\"https:\/\/www.beefeed.com\/de\/pilotbetriebe\/\",\"url\":\"https:\/\/www.beefeed.com\/de\/pilotbetriebe\/\",\"name\":\"API - Pilotbetriebe\",\"isPartOf\":{\"@id\":\"https:\/\/www.beefeed.com\/de\/#website\"},\"primaryImageOfPage\":{\"@id\":\"https:\/\/www.beefeed.com\/de\/pilotbetriebe\/#primaryimage\"},\"image\":{\"@id\":\"https:\/\/www.beefeed.com\/de\/pilotbetriebe\/#primaryimage\"},\"thumbnailUrl\":\"https:\/\/www.beefeed.com\/wp-content\/uploads\/2022\/06\/hex_fermespilotes-1024x558.jpg\",\"datePublished\":\"2022-06-16T10:16:09+00:00\",\"dateModified\":\"2022-06-16T10:26:32+00:00\",\"breadcrumb\":{\"@id\":\"https:\/\/www.beefeed.com\/de\/pilotbetriebe\/#breadcrumb\"},\"inLanguage\":\"de\",\"potentialAction\":[{\"@type\":\"ReadAction\",\"target\":[\"https:\/\/www.beefeed.com\/de\/pilotbetriebe\/\"]}]},{\"@type\":\"ImageObject\",\"inLanguage\":\"de\",\"@id\":\"https:\/\/www.beefeed.com\/de\/pilotbetriebe\/#primaryimage\",\"url\":\"https:\/\/www.beefeed.com\/wp-content\/uploads\/2022\/06\/hex_fermespilotes-1024x558.jpg\",\"contentUrl\":\"https:\/\/www.beefeed.com\/wp-content\/uploads\/2022\/06\/hex_fermespilotes-1024x558.jpg\"},{\"@type\":\"BreadcrumbList\",\"@id\":\"https:\/\/www.beefeed.com\/de\/pilotbetriebe\/#breadcrumb\",\"itemListElement\":[{\"@type\":\"ListItem\",\"position\":1,\"name\":\"Home\",\"item\":\"https:\/\/www.beefeed.com\/de\/\"},{\"@type\":\"ListItem\",\"position\":2,\"name\":\"Pilotbetriebe\"}]},{\"@type\":\"WebSite\",\"@id\":\"https:\/\/www.beefeed.com\/de\/#website\",\"url\":\"https:\/\/www.beefeed.com\/de\/\",\"name\":\"API\",\"description\":\"\",\"publisher\":{\"@id\":\"https:\/\/www.beefeed.com\/de\/#organization\"},\"potentialAction\":[{\"@type\":\"SearchAction\",\"target\":{\"@type\":\"EntryPoint\",\"urlTemplate\":\"https:\/\/www.beefeed.com\/de\/?s={search_term_string}\"},\"query-input\":{\"@type\":\"PropertyValueSpecification\",\"valueRequired\":true,\"valueName\":\"search_term_string\"}}],\"inLanguage\":\"de\"},{\"@type\":\"Organization\",\"@id\":\"https:\/\/www.beefeed.com\/de\/#organization\",\"name\":\"Suedzucker AG\",\"url\":\"https:\/\/www.beefeed.com\/de\/\",\"logo\":{\"@type\":\"ImageObject\",\"inLanguage\":\"de\",\"@id\":\"https:\/\/www.beefeed.com\/de\/#\/schema\/logo\/image\/\",\"url\":\"https:\/\/www.beefeed.com\/wp-content\/uploads\/2019\/06\/Logo-API-e1560863497158.png\",\"contentUrl\":\"https:\/\/www.beefeed.com\/wp-content\/uploads\/2019\/06\/Logo-API-e1560863497158.png\",\"width\":1772,\"height\":1890,\"caption\":\"Suedzucker AG\"},\"image\":{\"@id\":\"https:\/\/www.beefeed.com\/de\/#\/schema\/logo\/image\/\"}}]}<\/script>\n<!-- \/ Yoast SEO Premium plugin. -->","yoast_head_json":{"title":"API - Pilotbetriebe","robots":{"index":"index","follow":"follow","max-snippet":"max-snippet:-1","max-image-preview":"max-image-preview:large","max-video-preview":"max-video-preview:-1"},"canonical":"https:\/\/www.beefeed.com\/de\/pilotbetriebe\/","og_locale":"de_DE","og_type":"article","og_title":"Pilotbetriebe","og_description":"Pilotbetriebe Die Pilotbetriebe in Deutschland (Kirschgartshausen), Frankreich (Etrepagny) und Belgien haben das Ziel, innovative landwirtschaftliche Praktiken zu testen, um die Nachhaltigkeit in einem sich ver\u00e4ndernden \u00d6kosystem zu f\u00f6rdern und gleichzeitig die Rentabilit\u00e4t der R\u00fcben zu erhalten. Die Aktivit\u00e4ten\/Tests, die hier durchgef\u00fchrt werden, sind vielf\u00e4ltig: Fruchtfolge und Anbausysteme. D\u00fcngung, parzellenspezifisch und bedarfsorientiert. Pflanzenschutz: chemisch, mechanisch oder [&hellip;]","og_url":"https:\/\/www.beefeed.com\/de\/pilotbetriebe\/","og_site_name":"API","article_modified_time":"2022-06-16T10:26:32+00:00","og_image":[{"url":"https:\/\/www.beefeed.com\/wp-content\/uploads\/2022\/06\/hex_fermespilotes-1024x558.jpg","type":"","width":"","height":""}],"twitter_card":"summary_large_image","twitter_misc":{"Gesch\u00e4tzte Lesezeit":"1\u00a0Minute"},"schema":{"@context":"https:\/\/schema.org","@graph":[{"@type":"WebPage","@id":"https:\/\/www.beefeed.com\/de\/pilotbetriebe\/","url":"https:\/\/www.beefeed.com\/de\/pilotbetriebe\/","name":"API - Pilotbetriebe","isPartOf":{"@id":"https:\/\/www.beefeed.com\/de\/#website"},"primaryImageOfPage":{"@id":"https:\/\/www.beefeed.com\/de\/pilotbetriebe\/#primaryimage"},"image":{"@id":"https:\/\/www.beefeed.com\/de\/pilotbetriebe\/#primaryimage"},"thumbnailUrl":"https:\/\/www.beefeed.com\/wp-content\/uploads\/2022\/06\/hex_fermespilotes-1024x558.jpg","datePublished":"2022-06-16T10:16:09+00:00","dateModified":"2022-06-16T10:26:32+00:00","breadcrumb":{"@id":"https:\/\/www.beefeed.com\/de\/pilotbetriebe\/#breadcrumb"},"inLanguage":"de","potentialAction":[{"@type":"ReadAction","target":["https:\/\/www.beefeed.com\/de\/pilotbetriebe\/"]}]},{"@type":"ImageObject","inLanguage":"de","@id":"https:\/\/www.beefeed.com\/de\/pilotbetriebe\/#primaryimage","url":"https:\/\/www.beefeed.com\/wp-content\/uploads\/2022\/06\/hex_fermespilotes-1024x558.jpg","contentUrl":"https:\/\/www.beefeed.com\/wp-content\/uploads\/2022\/06\/hex_fermespilotes-1024x558.jpg"},{"@type":"BreadcrumbList","@id":"https:\/\/www.beefeed.com\/de\/pilotbetriebe\/#breadcrumb","itemListElement":[{"@type":"ListItem","position":1,"name":"Home","item":"https:\/\/www.beefeed.com\/de\/"},{"@type":"ListItem","position":2,"name":"Pilotbetriebe"}]},{"@type":"WebSite","@id":"https:\/\/www.beefeed.com\/de\/#website","url":"https:\/\/www.beefeed.com\/de\/","name":"API","description":"","publisher":{"@id":"https:\/\/www.beefeed.com\/de\/#organization"},"potentialAction":[{"@type":"SearchAction","target":{"@type":"EntryPoint","urlTemplate":"https:\/\/www.beefeed.com\/de\/?s={search_term_string}"},"query-input":{"@type":"PropertyValueSpecification","valueRequired":true,"valueName":"search_term_string"}}],"inLanguage":"de"},{"@type":"Organization","@id":"https:\/\/www.beefeed.com\/de\/#organization","name":"Suedzucker AG","url":"https:\/\/www.beefeed.com\/de\/","logo":{"@type":"ImageObject","inLanguage":"de","@id":"https:\/\/www.beefeed.com\/de\/#\/schema\/logo\/image\/","url":"https:\/\/www.beefeed.com\/wp-content\/uploads\/2019\/06\/Logo-API-e1560863497158.png","contentUrl":"https:\/\/www.beefeed.com\/wp-content\/uploads\/2019\/06\/Logo-API-e1560863497158.png","width":1772,"height":1890,"caption":"Suedzucker AG"},"image":{"@id":"https:\/\/www.beefeed.com\/de\/#\/schema\/logo\/image\/"}}]}},"_links":{"self":[{"href":"https:\/\/www.beefeed.com\/de\/wp-json\/wp\/v2\/pages\/11873","targetHints":{"allow":["GET"]}}],"collection":[{"href":"https:\/\/www.beefeed.com\/de\/wp-json\/wp\/v2\/pages"}],"about":[{"href":"https:\/\/www.beefeed.com\/de\/wp-json\/wp\/v2\/types\/page"}],"author":[{"embeddable":true,"href":"https:\/\/www.beefeed.com\/de\/wp-json\/wp\/v2\/users\/1"}],"replies":[{"embeddable":true,"href":"https:\/\/www.beefeed.com\/de\/wp-json\/wp\/v2\/comments?post=11873"}],"version-history":[{"count":0,"href":"https:\/\/www.beefeed.com\/de\/wp-json\/wp\/v2\/pages\/11873\/revisions"}],"wp:attachment":[{"href":"https:\/\/www.beefeed.com\/de\/wp-json\/wp\/v2\/media?parent=11873"}],"curies":[{"name":"wp","href":"https:\/\/api.w.org\/{rel}","templated":true}]}}