{"id":1312,"date":"2019-05-13T14:25:46","date_gmt":"2019-05-13T14:25:46","guid":{"rendered":"https:\/\/www.beefeed.com\/bienenfutter-die-bedeutung-adaptierter-bienennahrung\/"},"modified":"2023-03-06T14:10:49","modified_gmt":"2023-03-06T13:10:49","slug":"bienenfutter-bedeutung","status":"publish","type":"page","link":"https:\/\/www.beefeed.com\/de\/bienenfutter-bedeutung\/","title":{"rendered":"Bienenfutter &#8211; Die Bedeutung artgerechter Bienennahrung"},"content":{"rendered":"\t\t<div data-elementor-type=\"wp-post\" data-elementor-id=\"1312\" class=\"elementor elementor-1312 elementor-1270\" data-elementor-post-type=\"page\">\n\t\t\t\t\t\t<section class=\"elementor-section elementor-top-section elementor-element elementor-element-80a3c1c elementor-hidden-desktop elementor-section-boxed elementor-section-height-default elementor-section-height-default\" data-id=\"80a3c1c\" data-element_type=\"section\" data-settings=\"{&quot;background_background&quot;:&quot;classic&quot;}\">\n\t\t\t\t\t\t<div class=\"elementor-container elementor-column-gap-default\">\n\t\t\t\t\t<div class=\"elementor-column elementor-col-100 elementor-top-column elementor-element elementor-element-d270541\" data-id=\"d270541\" data-element_type=\"column\">\n\t\t\t<div class=\"elementor-widget-wrap elementor-element-populated\">\n\t\t\t\t\t\t<div class=\"elementor-element elementor-element-f27c711 elementor-widget elementor-widget-image\" data-id=\"f27c711\" data-element_type=\"widget\" data-widget_type=\"image.default\">\n\t\t\t\t<div class=\"elementor-widget-container\">\n\t\t\t\t\t\t\t\t\t\t\t\t\t\t\t<img fetchpriority=\"high\" decoding=\"async\" width=\"812\" height=\"442\" src=\"https:\/\/www.beefeed.com\/wp-content\/uploads\/2019\/05\/Cropped_HEX_shutterstock_363311150-1024x558.jpg\" class=\"attachment-large size-large wp-image-1656\" alt=\"Sonnenblume und Biene\" srcset=\"https:\/\/www.beefeed.com\/wp-content\/uploads\/2019\/05\/Cropped_HEX_shutterstock_363311150-1024x558.jpg 1024w, https:\/\/www.beefeed.com\/wp-content\/uploads\/2019\/05\/Cropped_HEX_shutterstock_363311150-300x163.jpg 300w, https:\/\/www.beefeed.com\/wp-content\/uploads\/2019\/05\/Cropped_HEX_shutterstock_363311150-768x418.jpg 768w, https:\/\/www.beefeed.com\/wp-content\/uploads\/2019\/05\/Cropped_HEX_shutterstock_363311150.jpg 1440w\" sizes=\"(max-width: 812px) 100vw, 812px\" \/>\t\t\t\t\t\t\t\t\t\t\t\t\t\t\t<\/div>\n\t\t\t\t<\/div>\n\t\t\t\t\t<\/div>\n\t\t<\/div>\n\t\t\t\t\t<\/div>\n\t\t<\/section>\n\t\t\t\t<section class=\"elementor-section elementor-top-section elementor-element elementor-element-543f1fe elementor-section-stretched elementor-section-content-top elementor-hidden-desktop elementor-section-boxed elementor-section-height-default elementor-section-height-default\" data-id=\"543f1fe\" data-element_type=\"section\" data-settings=\"{&quot;stretch_section&quot;:&quot;section-stretched&quot;,&quot;background_background&quot;:&quot;classic&quot;}\">\n\t\t\t\t\t\t<div class=\"elementor-container elementor-column-gap-default\">\n\t\t\t\t\t<div class=\"elementor-column elementor-col-50 elementor-top-column elementor-element elementor-element-235d6aa\" data-id=\"235d6aa\" data-element_type=\"column\">\n\t\t\t<div class=\"elementor-widget-wrap elementor-element-populated\">\n\t\t\t\t\t\t<div class=\"elementor-element elementor-element-1a7da56 elementor-widget elementor-widget-spacer\" data-id=\"1a7da56\" data-element_type=\"widget\" data-widget_type=\"spacer.default\">\n\t\t\t\t<div class=\"elementor-widget-container\">\n\t\t\t\t\t\t\t<div class=\"elementor-spacer\">\n\t\t\t<div class=\"elementor-spacer-inner\"><\/div>\n\t\t<\/div>\n\t\t\t\t\t\t<\/div>\n\t\t\t\t<\/div>\n\t\t\t\t<div class=\"elementor-element elementor-element-a79ed3e elementor-widget elementor-widget-heading\" data-id=\"a79ed3e\" data-element_type=\"widget\" data-widget_type=\"heading.default\">\n\t\t\t\t<div class=\"elementor-widget-container\">\n\t\t\t\t\t<h2 class=\"elementor-heading-title elementor-size-default\">Notwendigkeit der F\u00fctterung<\/h2>\t\t\t\t<\/div>\n\t\t\t\t<\/div>\n\t\t\t\t<div class=\"elementor-element elementor-element-78e8b69 elementor-widget elementor-widget-text-editor\" data-id=\"78e8b69\" data-element_type=\"widget\" data-widget_type=\"text-editor.default\">\n\t\t\t\t<div class=\"elementor-widget-container\">\n\t\t\t\t\t\t\t\t\t<p>Wie wichtig die <strong>Auswahl des richtigen Bienenfutters<\/strong> ist, zeigt sich an den N\u00e4hrstoffen, die in den verschiedenen Entwicklungsstadien ben\u00f6tigt werden: Beim \u00dcbergang vom Ei zum Insekt spielt die Aufnahme von Proteinen eine zentrale Rolle; Bei voll entwickelten Bienen (Drohnen, Arbeiterinnen und K\u00f6niginnen) hingegen ist die Energieversorgung aus Kohlenhydraten von gro\u00dfer Bedeutung.<\/p>\t\t\t\t\t\t\t\t<\/div>\n\t\t\t\t<\/div>\n\t\t\t\t\t<\/div>\n\t\t<\/div>\n\t\t\t\t<div class=\"elementor-column elementor-col-50 elementor-top-column elementor-element elementor-element-e5b1160\" data-id=\"e5b1160\" data-element_type=\"column\">\n\t\t\t<div class=\"elementor-widget-wrap\">\n\t\t\t\t\t\t\t<\/div>\n\t\t<\/div>\n\t\t\t\t\t<\/div>\n\t\t<\/section>\n\t\t\t\t<section class=\"elementor-section elementor-top-section elementor-element elementor-element-3b7887f elementor-section-stretched elementor-section-content-top elementor-hidden-tablet elementor-hidden-phone elementor-section-boxed elementor-section-height-default elementor-section-height-default\" data-id=\"3b7887f\" data-element_type=\"section\" data-settings=\"{&quot;stretch_section&quot;:&quot;section-stretched&quot;,&quot;background_background&quot;:&quot;classic&quot;}\">\n\t\t\t\t\t\t<div class=\"elementor-container elementor-column-gap-default\">\n\t\t\t\t\t<div class=\"elementor-column elementor-col-50 elementor-top-column elementor-element elementor-element-6d04ab8\" data-id=\"6d04ab8\" data-element_type=\"column\">\n\t\t\t<div class=\"elementor-widget-wrap elementor-element-populated\">\n\t\t\t\t\t\t<div class=\"elementor-element elementor-element-30bc2b8 elementor-widget elementor-widget-spacer\" data-id=\"30bc2b8\" data-element_type=\"widget\" data-widget_type=\"spacer.default\">\n\t\t\t\t<div class=\"elementor-widget-container\">\n\t\t\t\t\t\t\t<div class=\"elementor-spacer\">\n\t\t\t<div class=\"elementor-spacer-inner\"><\/div>\n\t\t<\/div>\n\t\t\t\t\t\t<\/div>\n\t\t\t\t<\/div>\n\t\t\t\t<div class=\"elementor-element elementor-element-9f9409d elementor-widget elementor-widget-heading\" data-id=\"9f9409d\" data-element_type=\"widget\" data-widget_type=\"heading.default\">\n\t\t\t\t<div class=\"elementor-widget-container\">\n\t\t\t\t\t<h1 class=\"elementor-heading-title elementor-size-default\">Notwendigkeit der F\u00fctterung <\/h1>\t\t\t\t<\/div>\n\t\t\t\t<\/div>\n\t\t\t\t<div class=\"elementor-element elementor-element-32afa54 elementor-widget elementor-widget-text-editor\" data-id=\"32afa54\" data-element_type=\"widget\" data-widget_type=\"text-editor.default\">\n\t\t\t\t<div class=\"elementor-widget-container\">\n\t\t\t\t\t\t\t\t\t<p>Wie wichtig die <strong>Auswahl des richtigen Bienenfutters<\/strong> ist, zeigt sich an den N\u00e4hrstoffen, die in den verschiedenen Entwicklungsstadien ben\u00f6tigt werden: Beim \u00dcbergang vom Ei zum Insekt spielt die Aufnahme von Proteinen eine zentrale Rolle; Bei voll entwickelten Bienen (Drohnen, Arbeiterinnen und K\u00f6niginnen) hingegen ist die Energieversorgung aus Kohlenhydraten von gro\u00dfer Bedeutung.<\/p>\t\t\t\t\t\t\t\t<\/div>\n\t\t\t\t<\/div>\n\t\t\t\t\t<\/div>\n\t\t<\/div>\n\t\t\t\t<div class=\"elementor-column elementor-col-50 elementor-top-column elementor-element elementor-element-26d2c6a\" data-id=\"26d2c6a\" data-element_type=\"column\">\n\t\t\t<div class=\"elementor-widget-wrap elementor-element-populated\">\n\t\t\t\t\t\t<div class=\"elementor-element elementor-element-5543832 elementor-widget elementor-widget-image\" data-id=\"5543832\" data-element_type=\"widget\" data-widget_type=\"image.default\">\n\t\t\t\t<div class=\"elementor-widget-container\">\n\t\t\t\t\t\t\t\t\t\t\t\t\t\t\t<img decoding=\"async\" width=\"812\" height=\"442\" src=\"https:\/\/www.beefeed.com\/wp-content\/uploads\/2020\/07\/Cropped_HEX_shutterstock_363311150-1024x558.jpg\" class=\"attachment-large size-large wp-image-7243\" alt=\"\" srcset=\"https:\/\/www.beefeed.com\/wp-content\/uploads\/2020\/07\/Cropped_HEX_shutterstock_363311150-1024x558.jpg 1024w, https:\/\/www.beefeed.com\/wp-content\/uploads\/2020\/07\/Cropped_HEX_shutterstock_363311150-300x163.jpg 300w, https:\/\/www.beefeed.com\/wp-content\/uploads\/2020\/07\/Cropped_HEX_shutterstock_363311150-768x418.jpg 768w, https:\/\/www.beefeed.com\/wp-content\/uploads\/2020\/07\/Cropped_HEX_shutterstock_363311150.jpg 1140w\" sizes=\"(max-width: 812px) 100vw, 812px\" \/>\t\t\t\t\t\t\t\t\t\t\t\t\t\t\t<\/div>\n\t\t\t\t<\/div>\n\t\t\t\t\t<\/div>\n\t\t<\/div>\n\t\t\t\t\t<\/div>\n\t\t<\/section>\n\t\t\t\t<section class=\"elementor-section elementor-top-section elementor-element elementor-element-f52ce5a elementor-section-stretched elementor-section-content-top api-section elementor-section-boxed elementor-section-height-default elementor-section-height-default\" data-id=\"f52ce5a\" data-element_type=\"section\" data-settings=\"{&quot;stretch_section&quot;:&quot;section-stretched&quot;,&quot;background_background&quot;:&quot;classic&quot;}\">\n\t\t\t\t\t\t<div class=\"elementor-container elementor-column-gap-default\">\n\t\t\t\t\t<div class=\"elementor-column elementor-col-66 elementor-top-column elementor-element elementor-element-249f6b7 api-section-column\" data-id=\"249f6b7\" data-element_type=\"column\">\n\t\t\t<div class=\"elementor-widget-wrap elementor-element-populated\">\n\t\t\t\t\t\t<div class=\"elementor-element elementor-element-5f09e99 elementor-widget elementor-widget-text-editor\" data-id=\"5f09e99\" data-element_type=\"widget\" data-widget_type=\"text-editor.default\">\n\t\t\t\t<div class=\"elementor-widget-container\">\n\t\t\t\t\t\t\t\t\t<p>Der Nahrungsbedarf der Bienen ergibt sich daraus, dass der Imker meist Honig aus den Bienenst\u00f6cken sammelt \u2013 dieser Honig stellt den <strong>nat\u00fcrlichen Nahrungsvorrat<\/strong> der Bienen dar. In unseren Klimazonen mit teilweise strengen Wintern muss der Imker sie daher mit <strong>Ersatzfutter<\/strong> versorgen. Ebenso k\u00f6nnen regional und saisonal schwankende Honigabflussverh\u00e4ltnisse eine <strong>L\u00fcckenf\u00fctterung<\/strong> bei Knappheit in der Natur erforderlich machen, um den Zuchtbetrieb aufrechterhalten und den Nahrungsbedarf der Bienen decken zu k\u00f6nnen. Bei Brutbildung und K\u00f6niginnenaufzucht kann es auch notwendig sein, eine <strong>Zuf\u00fctterung<\/strong> vorzunehmen.<\/p><p>Es gibt mehrere alternative Futtersorten in Form von Bienensirup oder S\u00fc\u00dfigkeiten, die je nach Jahreszeit der Imkerei bevorzugt werden.<\/p>\t\t\t\t\t\t\t\t<\/div>\n\t\t\t\t<\/div>\n\t\t\t\t\t<\/div>\n\t\t<\/div>\n\t\t\t\t<div class=\"elementor-column elementor-col-33 elementor-top-column elementor-element elementor-element-f35c535\" data-id=\"f35c535\" data-element_type=\"column\">\n\t\t\t<div class=\"elementor-widget-wrap\">\n\t\t\t\t\t\t\t<\/div>\n\t\t<\/div>\n\t\t\t\t\t<\/div>\n\t\t<\/section>\n\t\t\t\t<section class=\"elementor-section elementor-top-section elementor-element elementor-element-7bc5368 elementor-section-stretched api-section elementor-section-boxed elementor-section-height-default elementor-section-height-default\" data-id=\"7bc5368\" data-element_type=\"section\" data-settings=\"{&quot;stretch_section&quot;:&quot;section-stretched&quot;,&quot;background_background&quot;:&quot;classic&quot;}\">\n\t\t\t\t\t\t<div class=\"elementor-container elementor-column-gap-default\">\n\t\t\t\t\t<div class=\"elementor-column elementor-col-66 elementor-top-column elementor-element elementor-element-d932fde api-section-column\" data-id=\"d932fde\" data-element_type=\"column\" data-settings=\"{&quot;background_background&quot;:&quot;classic&quot;}\">\n\t\t\t<div class=\"elementor-widget-wrap elementor-element-populated\">\n\t\t\t\t\t\t<section class=\"elementor-section elementor-inner-section elementor-element elementor-element-1a65f92 elementor-section-content-middle elementor-section-boxed elementor-section-height-default elementor-section-height-default\" data-id=\"1a65f92\" data-element_type=\"section\">\n\t\t\t\t\t\t<div class=\"elementor-container elementor-column-gap-default\">\n\t\t\t\t\t<div class=\"elementor-column elementor-col-50 elementor-inner-column elementor-element elementor-element-2c6472d\" data-id=\"2c6472d\" data-element_type=\"column\">\n\t\t\t<div class=\"elementor-widget-wrap elementor-element-populated\">\n\t\t\t\t\t\t<div class=\"elementor-element elementor-element-7b7e37b api-line-title elementor-widget elementor-widget-heading\" data-id=\"7b7e37b\" data-element_type=\"widget\" data-widget_type=\"heading.default\">\n\t\t\t\t<div class=\"elementor-widget-container\">\n\t\t\t\t\t<h3 class=\"elementor-heading-title elementor-size-default\"><a href=\"https:\/\/www.beefeed.com\/de\/bienenfutter\/\">Lesen Sie weiter: Bienenfutter im Vergleich<\/a><\/h3>\t\t\t\t<\/div>\n\t\t\t\t<\/div>\n\t\t\t\t<div class=\"elementor-element elementor-element-dd22cc0 elementor-widget elementor-widget-text-editor\" data-id=\"dd22cc0\" data-element_type=\"widget\" data-widget_type=\"text-editor.default\">\n\t\t\t\t<div class=\"elementor-widget-container\">\n\t\t\t\t\t\t\t\t\tErfahren Sie alles \u00fcber eine breite Palette verschiedener Futtermittel f\u00fcr Bienen\t\t\t\t\t\t\t\t<\/div>\n\t\t\t\t<\/div>\n\t\t\t\t\t<\/div>\n\t\t<\/div>\n\t\t\t\t<div class=\"elementor-column elementor-col-50 elementor-inner-column elementor-element elementor-element-c0e1085\" data-id=\"c0e1085\" data-element_type=\"column\">\n\t\t\t<div class=\"elementor-widget-wrap elementor-element-populated\">\n\t\t\t\t\t\t<div class=\"elementor-element elementor-element-de0407a elementor-widget elementor-widget-image\" data-id=\"de0407a\" data-element_type=\"widget\" data-widget_type=\"image.default\">\n\t\t\t\t<div class=\"elementor-widget-container\">\n\t\t\t\t\t\t\t\t\t\t\t\t\t\t\t\t<a href=\"https:\/\/www.beefeed.com\/de\/bienenfutter\/\">\n\t\t\t\t\t\t\t<img decoding=\"async\" width=\"66\" height=\"61\" src=\"https:\/\/www.beefeed.com\/wp-content\/uploads\/2020\/07\/icon-arrow-temp.png\" class=\"attachment-full size-full wp-image-7252\" alt=\"\" \/>\t\t\t\t\t\t\t\t<\/a>\n\t\t\t\t\t\t\t\t\t\t\t\t\t\t\t<\/div>\n\t\t\t\t<\/div>\n\t\t\t\t\t<\/div>\n\t\t<\/div>\n\t\t\t\t\t<\/div>\n\t\t<\/section>\n\t\t\t\t\t<\/div>\n\t\t<\/div>\n\t\t\t\t<div class=\"elementor-column elementor-col-33 elementor-top-column elementor-element elementor-element-48325d8\" data-id=\"48325d8\" data-element_type=\"column\">\n\t\t\t<div class=\"elementor-widget-wrap\">\n\t\t\t\t\t\t\t<\/div>\n\t\t<\/div>\n\t\t\t\t\t<\/div>\n\t\t<\/section>\n\t\t\t\t<\/div>\n\t\t","protected":false},"excerpt":{"rendered":"<p>Notwendigkeit der F\u00fctterung Wie wichtig die Auswahl des richtigen Bienenfutters ist, zeigt sich an den N\u00e4hrstoffen, die in den verschiedenen Entwicklungsstadien ben\u00f6tigt werden: Beim \u00dcbergang vom Ei zum Insekt spielt die Aufnahme von Proteinen eine zentrale Rolle; Bei voll entwickelten Bienen (Drohnen, Arbeiterinnen und K\u00f6niginnen) hingegen ist die Energieversorgung aus Kohlenhydraten von gro\u00dfer Bedeutung. Notwendigkeit [&hellip;]<\/p>\n","protected":false},"author":1,"featured_media":3114,"parent":0,"menu_order":0,"comment_status":"closed","ping_status":"closed","template":"elementor_header_footer","meta":{"_acf_changed":false,"_mc_calendar":[],"footnotes":"","_links_to":"","_links_to_target":"","_wp_rev_ctl_limit":""},"class_list":["post-1312","page","type-page","status-publish","has-post-thumbnail","hentry"],"acf":[],"yoast_head":"<!-- This site is optimized with the Yoast SEO Premium plugin v25.6 (Yoast SEO v25.6) - https:\/\/yoast.com\/wordpress\/plugins\/seo\/ -->\n<title>Die Bedeutung der Auswahl des Bienenfutters | API von S\u00fcdzucker<\/title>\n<meta name=\"description\" content=\"Die Bedeutung einer an die Bed\u00fcrfnisse der Bienen angepassten Nahrung: zur Deckung des Nahrungsbedarfs im Falle einer Knappheit in der Natur\" \/>\n<meta name=\"robots\" content=\"index, follow, max-snippet:-1, max-image-preview:large, max-video-preview:-1\" \/>\n<link rel=\"canonical\" href=\"https:\/\/www.beefeed.com\/de\/bienenfutter-bedeutung\/\" \/>\n<meta property=\"og:locale\" content=\"de_DE\" \/>\n<meta property=\"og:type\" content=\"article\" \/>\n<meta property=\"og:title\" content=\"Bienenfutter - Die Bedeutung artgerechter Bienennahrung\" \/>\n<meta property=\"og:description\" content=\"Die Bedeutung einer an die Bed\u00fcrfnisse der Bienen angepassten Nahrung: zur Deckung des Nahrungsbedarfs im Falle einer Knappheit in der Natur\" \/>\n<meta property=\"og:url\" content=\"https:\/\/www.beefeed.com\/de\/bienenfutter-bedeutung\/\" \/>\n<meta property=\"og:site_name\" content=\"API\" \/>\n<meta property=\"article:modified_time\" content=\"2023-03-06T13:10:49+00:00\" \/>\n<meta property=\"og:image\" content=\"https:\/\/www.beefeed.com\/wp-content\/uploads\/2019\/07\/API-Full-Range-line-up-v2.png\" \/>\n\t<meta property=\"og:image:width\" content=\"1140\" \/>\n\t<meta property=\"og:image:height\" content=\"795\" \/>\n\t<meta property=\"og:image:type\" content=\"image\/png\" \/>\n<meta name=\"twitter:card\" content=\"summary_large_image\" \/>\n<meta name=\"twitter:label1\" content=\"Gesch\u00e4tzte Lesezeit\" \/>\n\t<meta name=\"twitter:data1\" content=\"2\u00a0Minuten\" \/>\n<script type=\"application\/ld+json\" class=\"yoast-schema-graph\">{\"@context\":\"https:\/\/schema.org\",\"@graph\":[{\"@type\":\"WebPage\",\"@id\":\"https:\/\/www.beefeed.com\/de\/bienenfutter-bedeutung\/\",\"url\":\"https:\/\/www.beefeed.com\/de\/bienenfutter-bedeutung\/\",\"name\":\"Die Bedeutung der Auswahl des Bienenfutters | API von S\u00fcdzucker\",\"isPartOf\":{\"@id\":\"https:\/\/www.beefeed.com\/de\/#website\"},\"primaryImageOfPage\":{\"@id\":\"https:\/\/www.beefeed.com\/de\/bienenfutter-bedeutung\/#primaryimage\"},\"image\":{\"@id\":\"https:\/\/www.beefeed.com\/de\/bienenfutter-bedeutung\/#primaryimage\"},\"thumbnailUrl\":\"https:\/\/www.beefeed.com\/wp-content\/uploads\/2019\/07\/API-Full-Range-line-up-v2.png\",\"datePublished\":\"2019-05-13T14:25:46+00:00\",\"dateModified\":\"2023-03-06T13:10:49+00:00\",\"description\":\"Die Bedeutung einer an die Bed\u00fcrfnisse der Bienen angepassten Nahrung: zur Deckung des Nahrungsbedarfs im Falle einer Knappheit in der Natur\",\"breadcrumb\":{\"@id\":\"https:\/\/www.beefeed.com\/de\/bienenfutter-bedeutung\/#breadcrumb\"},\"inLanguage\":\"de\",\"potentialAction\":[{\"@type\":\"ReadAction\",\"target\":[\"https:\/\/www.beefeed.com\/de\/bienenfutter-bedeutung\/\"]}]},{\"@type\":\"ImageObject\",\"inLanguage\":\"de\",\"@id\":\"https:\/\/www.beefeed.com\/de\/bienenfutter-bedeutung\/#primaryimage\",\"url\":\"https:\/\/www.beefeed.com\/wp-content\/uploads\/2019\/07\/API-Full-Range-line-up-v2.png\",\"contentUrl\":\"https:\/\/www.beefeed.com\/wp-content\/uploads\/2019\/07\/API-Full-Range-line-up-v2.png\",\"width\":1140,\"height\":795,\"caption\":\"API full range of products V2\"},{\"@type\":\"BreadcrumbList\",\"@id\":\"https:\/\/www.beefeed.com\/de\/bienenfutter-bedeutung\/#breadcrumb\",\"itemListElement\":[{\"@type\":\"ListItem\",\"position\":1,\"name\":\"Home\",\"item\":\"https:\/\/www.beefeed.com\/de\/\"},{\"@type\":\"ListItem\",\"position\":2,\"name\":\"Bienenfutter &#8211; Die Bedeutung artgerechter Bienennahrung\"}]},{\"@type\":\"WebSite\",\"@id\":\"https:\/\/www.beefeed.com\/de\/#website\",\"url\":\"https:\/\/www.beefeed.com\/de\/\",\"name\":\"API\",\"description\":\"\",\"publisher\":{\"@id\":\"https:\/\/www.beefeed.com\/de\/#organization\"},\"potentialAction\":[{\"@type\":\"SearchAction\",\"target\":{\"@type\":\"EntryPoint\",\"urlTemplate\":\"https:\/\/www.beefeed.com\/de\/?s={search_term_string}\"},\"query-input\":{\"@type\":\"PropertyValueSpecification\",\"valueRequired\":true,\"valueName\":\"search_term_string\"}}],\"inLanguage\":\"de\"},{\"@type\":\"Organization\",\"@id\":\"https:\/\/www.beefeed.com\/de\/#organization\",\"name\":\"Suedzucker AG\",\"url\":\"https:\/\/www.beefeed.com\/de\/\",\"logo\":{\"@type\":\"ImageObject\",\"inLanguage\":\"de\",\"@id\":\"https:\/\/www.beefeed.com\/de\/#\/schema\/logo\/image\/\",\"url\":\"https:\/\/www.beefeed.com\/wp-content\/uploads\/2019\/06\/Logo-API-e1560863497158.png\",\"contentUrl\":\"https:\/\/www.beefeed.com\/wp-content\/uploads\/2019\/06\/Logo-API-e1560863497158.png\",\"width\":1772,\"height\":1890,\"caption\":\"Suedzucker AG\"},\"image\":{\"@id\":\"https:\/\/www.beefeed.com\/de\/#\/schema\/logo\/image\/\"}}]}<\/script>\n<!-- \/ Yoast SEO Premium plugin. -->","yoast_head_json":{"title":"Die Bedeutung der Auswahl des Bienenfutters | API von S\u00fcdzucker","description":"Die Bedeutung einer an die Bed\u00fcrfnisse der Bienen angepassten Nahrung: zur Deckung des Nahrungsbedarfs im Falle einer Knappheit in der Natur","robots":{"index":"index","follow":"follow","max-snippet":"max-snippet:-1","max-image-preview":"max-image-preview:large","max-video-preview":"max-video-preview:-1"},"canonical":"https:\/\/www.beefeed.com\/de\/bienenfutter-bedeutung\/","og_locale":"de_DE","og_type":"article","og_title":"Bienenfutter - Die Bedeutung artgerechter Bienennahrung","og_description":"Die Bedeutung einer an die Bed\u00fcrfnisse der Bienen angepassten Nahrung: zur Deckung des Nahrungsbedarfs im Falle einer Knappheit in der Natur","og_url":"https:\/\/www.beefeed.com\/de\/bienenfutter-bedeutung\/","og_site_name":"API","article_modified_time":"2023-03-06T13:10:49+00:00","og_image":[{"width":1140,"height":795,"url":"https:\/\/www.beefeed.com\/wp-content\/uploads\/2019\/07\/API-Full-Range-line-up-v2.png","type":"image\/png"}],"twitter_card":"summary_large_image","twitter_misc":{"Gesch\u00e4tzte Lesezeit":"2\u00a0Minuten"},"schema":{"@context":"https:\/\/schema.org","@graph":[{"@type":"WebPage","@id":"https:\/\/www.beefeed.com\/de\/bienenfutter-bedeutung\/","url":"https:\/\/www.beefeed.com\/de\/bienenfutter-bedeutung\/","name":"Die Bedeutung der Auswahl des Bienenfutters | API von S\u00fcdzucker","isPartOf":{"@id":"https:\/\/www.beefeed.com\/de\/#website"},"primaryImageOfPage":{"@id":"https:\/\/www.beefeed.com\/de\/bienenfutter-bedeutung\/#primaryimage"},"image":{"@id":"https:\/\/www.beefeed.com\/de\/bienenfutter-bedeutung\/#primaryimage"},"thumbnailUrl":"https:\/\/www.beefeed.com\/wp-content\/uploads\/2019\/07\/API-Full-Range-line-up-v2.png","datePublished":"2019-05-13T14:25:46+00:00","dateModified":"2023-03-06T13:10:49+00:00","description":"Die Bedeutung einer an die Bed\u00fcrfnisse der Bienen angepassten Nahrung: zur Deckung des Nahrungsbedarfs im Falle einer Knappheit in der Natur","breadcrumb":{"@id":"https:\/\/www.beefeed.com\/de\/bienenfutter-bedeutung\/#breadcrumb"},"inLanguage":"de","potentialAction":[{"@type":"ReadAction","target":["https:\/\/www.beefeed.com\/de\/bienenfutter-bedeutung\/"]}]},{"@type":"ImageObject","inLanguage":"de","@id":"https:\/\/www.beefeed.com\/de\/bienenfutter-bedeutung\/#primaryimage","url":"https:\/\/www.beefeed.com\/wp-content\/uploads\/2019\/07\/API-Full-Range-line-up-v2.png","contentUrl":"https:\/\/www.beefeed.com\/wp-content\/uploads\/2019\/07\/API-Full-Range-line-up-v2.png","width":1140,"height":795,"caption":"API full range of products V2"},{"@type":"BreadcrumbList","@id":"https:\/\/www.beefeed.com\/de\/bienenfutter-bedeutung\/#breadcrumb","itemListElement":[{"@type":"ListItem","position":1,"name":"Home","item":"https:\/\/www.beefeed.com\/de\/"},{"@type":"ListItem","position":2,"name":"Bienenfutter &#8211; Die Bedeutung artgerechter Bienennahrung"}]},{"@type":"WebSite","@id":"https:\/\/www.beefeed.com\/de\/#website","url":"https:\/\/www.beefeed.com\/de\/","name":"API","description":"","publisher":{"@id":"https:\/\/www.beefeed.com\/de\/#organization"},"potentialAction":[{"@type":"SearchAction","target":{"@type":"EntryPoint","urlTemplate":"https:\/\/www.beefeed.com\/de\/?s={search_term_string}"},"query-input":{"@type":"PropertyValueSpecification","valueRequired":true,"valueName":"search_term_string"}}],"inLanguage":"de"},{"@type":"Organization","@id":"https:\/\/www.beefeed.com\/de\/#organization","name":"Suedzucker AG","url":"https:\/\/www.beefeed.com\/de\/","logo":{"@type":"ImageObject","inLanguage":"de","@id":"https:\/\/www.beefeed.com\/de\/#\/schema\/logo\/image\/","url":"https:\/\/www.beefeed.com\/wp-content\/uploads\/2019\/06\/Logo-API-e1560863497158.png","contentUrl":"https:\/\/www.beefeed.com\/wp-content\/uploads\/2019\/06\/Logo-API-e1560863497158.png","width":1772,"height":1890,"caption":"Suedzucker AG"},"image":{"@id":"https:\/\/www.beefeed.com\/de\/#\/schema\/logo\/image\/"}}]}},"_links":{"self":[{"href":"https:\/\/www.beefeed.com\/de\/wp-json\/wp\/v2\/pages\/1312","targetHints":{"allow":["GET"]}}],"collection":[{"href":"https:\/\/www.beefeed.com\/de\/wp-json\/wp\/v2\/pages"}],"about":[{"href":"https:\/\/www.beefeed.com\/de\/wp-json\/wp\/v2\/types\/page"}],"author":[{"embeddable":true,"href":"https:\/\/www.beefeed.com\/de\/wp-json\/wp\/v2\/users\/1"}],"replies":[{"embeddable":true,"href":"https:\/\/www.beefeed.com\/de\/wp-json\/wp\/v2\/comments?post=1312"}],"version-history":[{"count":0,"href":"https:\/\/www.beefeed.com\/de\/wp-json\/wp\/v2\/pages\/1312\/revisions"}],"wp:featuredmedia":[{"embeddable":true,"href":"https:\/\/www.beefeed.com\/de\/wp-json\/wp\/v2\/media\/3114"}],"wp:attachment":[{"href":"https:\/\/www.beefeed.com\/de\/wp-json\/wp\/v2\/media?parent=1312"}],"curies":[{"name":"wp","href":"https:\/\/api.w.org\/{rel}","templated":true}]}}