{"id":11273,"date":"2022-05-25T09:51:31","date_gmt":"2022-05-25T07:51:31","guid":{"rendered":"https:\/\/www.beefeed.com\/notas-legales\/"},"modified":"2025-12-10T09:03:41","modified_gmt":"2025-12-10T08:03:41","slug":"notas-legales","status":"publish","type":"page","link":"https:\/\/www.beefeed.com\/es\/notas-legales\/","title":{"rendered":"Notas legales"},"content":{"rendered":"\t\t<div data-elementor-type=\"wp-page\" data-elementor-id=\"11273\" class=\"elementor elementor-11273 elementor-11260\" data-elementor-post-type=\"page\">\n\t\t\t\t\t\t<section class=\"elementor-section elementor-top-section elementor-element elementor-element-0b93cdd elementor-section-stretched elementor-section-content-top elementor-section-boxed elementor-section-height-default elementor-section-height-default\" data-id=\"0b93cdd\" data-element_type=\"section\" data-settings=\"{&quot;stretch_section&quot;:&quot;section-stretched&quot;,&quot;background_background&quot;:&quot;classic&quot;}\">\n\t\t\t\t\t\t<div class=\"elementor-container elementor-column-gap-default\">\n\t\t\t\t\t<div class=\"elementor-column elementor-col-50 elementor-top-column elementor-element elementor-element-1d97f75\" data-id=\"1d97f75\" data-element_type=\"column\">\n\t\t\t<div class=\"elementor-widget-wrap elementor-element-populated\">\n\t\t\t\t\t\t<div class=\"elementor-element elementor-element-00b3922 elementor-widget elementor-widget-spacer\" data-id=\"00b3922\" data-element_type=\"widget\" data-widget_type=\"spacer.default\">\n\t\t\t\t<div class=\"elementor-widget-container\">\n\t\t\t\t\t\t\t<div class=\"elementor-spacer\">\n\t\t\t<div class=\"elementor-spacer-inner\"><\/div>\n\t\t<\/div>\n\t\t\t\t\t\t<\/div>\n\t\t\t\t<\/div>\n\t\t\t\t<div class=\"elementor-element elementor-element-a3067d7 elementor-widget elementor-widget-heading\" data-id=\"a3067d7\" data-element_type=\"widget\" data-widget_type=\"heading.default\">\n\t\t\t\t<div class=\"elementor-widget-container\">\n\t\t\t\t\t<h1 class=\"elementor-heading-title elementor-size-default\">Notas legales<\/h1>\t\t\t\t<\/div>\n\t\t\t\t<\/div>\n\t\t\t\t\t<\/div>\n\t\t<\/div>\n\t\t\t\t<div class=\"elementor-column elementor-col-50 elementor-top-column elementor-element elementor-element-d96a2cf\" data-id=\"d96a2cf\" data-element_type=\"column\">\n\t\t\t<div class=\"elementor-widget-wrap elementor-element-populated\">\n\t\t\t\t\t\t<div class=\"elementor-element elementor-element-a683cfb elementor-hidden-mobile elementor-widget elementor-widget-image\" data-id=\"a683cfb\" data-element_type=\"widget\" data-widget_type=\"image.default\">\n\t\t\t\t<div class=\"elementor-widget-container\">\n\t\t\t\t\t\t\t\t\t\t\t\t\t\t\t<img fetchpriority=\"high\" decoding=\"async\" width=\"812\" height=\"442\" src=\"https:\/\/www.beefeed.com\/wp-content\/uploads\/2021\/11\/Cropped_HEX_Library2-1024x558.jpg\" class=\"attachment-large size-large wp-image-9828\" alt=\"\" srcset=\"https:\/\/www.beefeed.com\/wp-content\/uploads\/2021\/11\/Cropped_HEX_Library2-1024x558.jpg 1024w, https:\/\/www.beefeed.com\/wp-content\/uploads\/2021\/11\/Cropped_HEX_Library2-300x163.jpg 300w, https:\/\/www.beefeed.com\/wp-content\/uploads\/2021\/11\/Cropped_HEX_Library2-768x418.jpg 768w, https:\/\/www.beefeed.com\/wp-content\/uploads\/2021\/11\/Cropped_HEX_Library2.jpg 1140w\" sizes=\"(max-width: 812px) 100vw, 812px\" \/>\t\t\t\t\t\t\t\t\t\t\t\t\t\t\t<\/div>\n\t\t\t\t<\/div>\n\t\t\t\t\t<\/div>\n\t\t<\/div>\n\t\t\t\t\t<\/div>\n\t\t<\/section>\n\t\t\t\t<section class=\"elementor-section elementor-top-section elementor-element elementor-element-e0dbc23 elementor-section-boxed elementor-section-height-default elementor-section-height-default\" data-id=\"e0dbc23\" data-element_type=\"section\">\n\t\t\t\t\t\t<div class=\"elementor-container elementor-column-gap-default\">\n\t\t\t\t\t<div class=\"elementor-column elementor-col-100 elementor-top-column elementor-element elementor-element-edd43aa\" data-id=\"edd43aa\" data-element_type=\"column\">\n\t\t\t<div class=\"elementor-widget-wrap elementor-element-populated\">\n\t\t\t\t\t\t<div class=\"elementor-element elementor-element-fca3a5e elementor-widget elementor-widget-text-editor\" data-id=\"fca3a5e\" data-element_type=\"widget\" data-widget_type=\"text-editor.default\">\n\t\t\t\t<div class=\"elementor-widget-container\">\n\t\t\t\t\t\t\t\t\t<p>S\u00fcdzucker AG<br \/>Marketing GBZV<br \/>Beatrycze Grela<br \/>Maximilianstra\u00dfe 10<br \/>68165 Manheim<\/p><p>Tel\u00e9fono: +49(0)621\/421-0<br \/>Telefax: +49(0)621\/421-393<br \/>Correo electr\u00f3nico: info@suedzuckergroup.com<\/p><p>Presidente de la Junta Supervisora<br \/>Dr. Stefan Streng<\/p><p>Junta Ejecutiva<br \/>Dr. Niels P\u00f6rksen (CEO), Stephan B\u00fcttner, Dr. Theresa von Fugler, Hans-Peter Gai, Dr. Stephan Meeder<\/p><p>Ubicaci\u00f3n de la empresa<br \/>Mannheim<\/p><p>Tribunal de registro<br \/>Tribunal de Distrito de Mannheim, No. HRB 0042<\/p><p>N\u00famero de identificaci\u00f3n fiscal sobre el volumen de negocios<br \/>DE 143837220<\/p>\t\t\t\t\t\t\t\t<\/div>\n\t\t\t\t<\/div>\n\t\t\t\t<div class=\"elementor-element elementor-element-be17ee7 elementor-widget elementor-widget-html\" data-id=\"be17ee7\" data-element_type=\"widget\" data-widget_type=\"html.default\">\n\t\t\t\t<div class=\"elementor-widget-container\">\n\t\t\t\t\t<script>\n\/\/Block cookie bar on legal pages\n\nconsole.log(\"Banner blocker script loaded\");\nwindow.addEventListener(\"CookiebotOnDialogInit\", function () {\n  if (!Cookiebot.consented) {\n    Cookiebot.submitCustomConsent(!1, !1, !1);\n    window.addEventListener(\"CookiebotOnConsentReady\", function () {\n      Cookiebot.deleteConsentCookie();\n    });\n  }\n});\n<\/script>\t\t\t\t<\/div>\n\t\t\t\t<\/div>\n\t\t\t\t\t<\/div>\n\t\t<\/div>\n\t\t\t\t\t<\/div>\n\t\t<\/section>\n\t\t\t\t<\/div>\n\t\t","protected":false},"excerpt":{"rendered":"<p>S\u00fcdzucker AGMarketing GBZVBeatrycze GrelaMaximilianstra\u00dfe 1068165 Manheim Tel\u00e9fono: +49(0)621\/421-0Telefax: +49(0)621\/421-393Correo electr\u00f3nico: info@suedzuckergroup.com Presidente de la Junta SupervisoraDr. Stefan Streng Junta EjecutivaDr. Niels P\u00f6rksen (CEO), Stephan B\u00fcttner, Dr. Theresa von Fugler, Hans-Peter Gai, Dr. Stephan Meeder Ubicaci\u00f3n de la empresaMannheim Tribunal de registroTribunal de Distrito de Mannheim, No. HRB 0042 N\u00famero de identificaci\u00f3n fiscal sobre el volumen [&hellip;]<\/p>\n","protected":false},"author":1,"featured_media":0,"parent":0,"menu_order":0,"comment_status":"closed","ping_status":"closed","template":"elementor_header_footer","meta":{"_acf_changed":false,"_mc_calendar":[],"footnotes":"","_links_to":"","_links_to_target":"","_wp_rev_ctl_limit":""},"class_list":["post-11273","page","type-page","status-publish","hentry"],"acf":[],"yoast_head":"<!-- This site is optimized with the Yoast SEO Premium plugin v25.6 (Yoast SEO v25.6) - https:\/\/yoast.com\/wordpress\/plugins\/seo\/ -->\n<title>API - Notas legales<\/title>\n<meta name=\"robots\" content=\"index, follow, max-snippet:-1, max-image-preview:large, max-video-preview:-1\" \/>\n<link rel=\"canonical\" href=\"https:\/\/www.beefeed.com\/es\/notas-legales\/\" \/>\n<meta property=\"og:locale\" content=\"es_ES\" \/>\n<meta property=\"og:type\" content=\"article\" \/>\n<meta property=\"og:title\" content=\"Notas legales\" \/>\n<meta property=\"og:description\" content=\"S\u00fcdzucker AGMarketing GBZVBeatrycze GrelaMaximilianstra\u00dfe 1068165 Manheim Tel\u00e9fono: +49(0)621\/421-0Telefax: +49(0)621\/421-393Correo electr\u00f3nico: info@suedzuckergroup.com Presidente de la Junta SupervisoraDr. Stefan Streng Junta EjecutivaDr. Niels P\u00f6rksen (CEO), Stephan B\u00fcttner, Dr. Theresa von Fugler, Hans-Peter Gai, Dr. Stephan Meeder Ubicaci\u00f3n de la empresaMannheim Tribunal de registroTribunal de Distrito de Mannheim, No. HRB 0042 N\u00famero de identificaci\u00f3n fiscal sobre el volumen [&hellip;]\" \/>\n<meta property=\"og:url\" content=\"https:\/\/www.beefeed.com\/es\/notas-legales\/\" \/>\n<meta property=\"og:site_name\" content=\"API\" \/>\n<meta property=\"article:modified_time\" content=\"2025-12-10T08:03:41+00:00\" \/>\n<meta property=\"og:image\" content=\"https:\/\/www.beefeed.com\/wp-content\/uploads\/2021\/11\/Cropped_HEX_Library2.jpg\" \/>\n\t<meta property=\"og:image:width\" content=\"1140\" \/>\n\t<meta property=\"og:image:height\" content=\"621\" \/>\n\t<meta property=\"og:image:type\" content=\"image\/jpeg\" \/>\n<meta name=\"twitter:card\" content=\"summary_large_image\" \/>\n<meta name=\"twitter:label1\" content=\"Tiempo de lectura\" \/>\n\t<meta name=\"twitter:data1\" content=\"1 minuto\" \/>\n<script type=\"application\/ld+json\" class=\"yoast-schema-graph\">{\"@context\":\"https:\/\/schema.org\",\"@graph\":[{\"@type\":\"WebPage\",\"@id\":\"https:\/\/www.beefeed.com\/es\/notas-legales\/\",\"url\":\"https:\/\/www.beefeed.com\/es\/notas-legales\/\",\"name\":\"API - Notas legales\",\"isPartOf\":{\"@id\":\"https:\/\/www.beefeed.com\/es\/#website\"},\"primaryImageOfPage\":{\"@id\":\"https:\/\/www.beefeed.com\/es\/notas-legales\/#primaryimage\"},\"image\":{\"@id\":\"https:\/\/www.beefeed.com\/es\/notas-legales\/#primaryimage\"},\"thumbnailUrl\":\"https:\/\/www.beefeed.com\/wp-content\/uploads\/2021\/11\/Cropped_HEX_Library2-1024x558.jpg\",\"datePublished\":\"2022-05-25T07:51:31+00:00\",\"dateModified\":\"2025-12-10T08:03:41+00:00\",\"breadcrumb\":{\"@id\":\"https:\/\/www.beefeed.com\/es\/notas-legales\/#breadcrumb\"},\"inLanguage\":\"es\",\"potentialAction\":[{\"@type\":\"ReadAction\",\"target\":[\"https:\/\/www.beefeed.com\/es\/notas-legales\/\"]}]},{\"@type\":\"ImageObject\",\"inLanguage\":\"es\",\"@id\":\"https:\/\/www.beefeed.com\/es\/notas-legales\/#primaryimage\",\"url\":\"https:\/\/www.beefeed.com\/wp-content\/uploads\/2021\/11\/Cropped_HEX_Library2-1024x558.jpg\",\"contentUrl\":\"https:\/\/www.beefeed.com\/wp-content\/uploads\/2021\/11\/Cropped_HEX_Library2-1024x558.jpg\"},{\"@type\":\"BreadcrumbList\",\"@id\":\"https:\/\/www.beefeed.com\/es\/notas-legales\/#breadcrumb\",\"itemListElement\":[{\"@type\":\"ListItem\",\"position\":1,\"name\":\"Home\",\"item\":\"https:\/\/www.beefeed.com\/es\/\"},{\"@type\":\"ListItem\",\"position\":2,\"name\":\"Notas legales\"}]},{\"@type\":\"WebSite\",\"@id\":\"https:\/\/www.beefeed.com\/es\/#website\",\"url\":\"https:\/\/www.beefeed.com\/es\/\",\"name\":\"API\",\"description\":\"\",\"publisher\":{\"@id\":\"https:\/\/www.beefeed.com\/es\/#organization\"},\"potentialAction\":[{\"@type\":\"SearchAction\",\"target\":{\"@type\":\"EntryPoint\",\"urlTemplate\":\"https:\/\/www.beefeed.com\/es\/?s={search_term_string}\"},\"query-input\":{\"@type\":\"PropertyValueSpecification\",\"valueRequired\":true,\"valueName\":\"search_term_string\"}}],\"inLanguage\":\"es\"},{\"@type\":\"Organization\",\"@id\":\"https:\/\/www.beefeed.com\/es\/#organization\",\"name\":\"Suedzucker AG\",\"url\":\"https:\/\/www.beefeed.com\/es\/\",\"logo\":{\"@type\":\"ImageObject\",\"inLanguage\":\"es\",\"@id\":\"https:\/\/www.beefeed.com\/es\/#\/schema\/logo\/image\/\",\"url\":\"https:\/\/www.beefeed.com\/wp-content\/uploads\/2019\/06\/Logo-API-e1560863497158.png\",\"contentUrl\":\"https:\/\/www.beefeed.com\/wp-content\/uploads\/2019\/06\/Logo-API-e1560863497158.png\",\"width\":1772,\"height\":1890,\"caption\":\"Suedzucker AG\"},\"image\":{\"@id\":\"https:\/\/www.beefeed.com\/es\/#\/schema\/logo\/image\/\"}}]}<\/script>\n<!-- \/ Yoast SEO Premium plugin. -->","yoast_head_json":{"title":"API - Notas legales","robots":{"index":"index","follow":"follow","max-snippet":"max-snippet:-1","max-image-preview":"max-image-preview:large","max-video-preview":"max-video-preview:-1"},"canonical":"https:\/\/www.beefeed.com\/es\/notas-legales\/","og_locale":"es_ES","og_type":"article","og_title":"Notas legales","og_description":"S\u00fcdzucker AGMarketing GBZVBeatrycze GrelaMaximilianstra\u00dfe 1068165 Manheim Tel\u00e9fono: +49(0)621\/421-0Telefax: +49(0)621\/421-393Correo electr\u00f3nico: info@suedzuckergroup.com Presidente de la Junta SupervisoraDr. Stefan Streng Junta EjecutivaDr. Niels P\u00f6rksen (CEO), Stephan B\u00fcttner, Dr. Theresa von Fugler, Hans-Peter Gai, Dr. Stephan Meeder Ubicaci\u00f3n de la empresaMannheim Tribunal de registroTribunal de Distrito de Mannheim, No. HRB 0042 N\u00famero de identificaci\u00f3n fiscal sobre el volumen [&hellip;]","og_url":"https:\/\/www.beefeed.com\/es\/notas-legales\/","og_site_name":"API","article_modified_time":"2025-12-10T08:03:41+00:00","og_image":[{"width":1140,"height":621,"url":"https:\/\/www.beefeed.com\/wp-content\/uploads\/2021\/11\/Cropped_HEX_Library2.jpg","type":"image\/jpeg"}],"twitter_card":"summary_large_image","twitter_misc":{"Tiempo de lectura":"1 minuto"},"schema":{"@context":"https:\/\/schema.org","@graph":[{"@type":"WebPage","@id":"https:\/\/www.beefeed.com\/es\/notas-legales\/","url":"https:\/\/www.beefeed.com\/es\/notas-legales\/","name":"API - Notas legales","isPartOf":{"@id":"https:\/\/www.beefeed.com\/es\/#website"},"primaryImageOfPage":{"@id":"https:\/\/www.beefeed.com\/es\/notas-legales\/#primaryimage"},"image":{"@id":"https:\/\/www.beefeed.com\/es\/notas-legales\/#primaryimage"},"thumbnailUrl":"https:\/\/www.beefeed.com\/wp-content\/uploads\/2021\/11\/Cropped_HEX_Library2-1024x558.jpg","datePublished":"2022-05-25T07:51:31+00:00","dateModified":"2025-12-10T08:03:41+00:00","breadcrumb":{"@id":"https:\/\/www.beefeed.com\/es\/notas-legales\/#breadcrumb"},"inLanguage":"es","potentialAction":[{"@type":"ReadAction","target":["https:\/\/www.beefeed.com\/es\/notas-legales\/"]}]},{"@type":"ImageObject","inLanguage":"es","@id":"https:\/\/www.beefeed.com\/es\/notas-legales\/#primaryimage","url":"https:\/\/www.beefeed.com\/wp-content\/uploads\/2021\/11\/Cropped_HEX_Library2-1024x558.jpg","contentUrl":"https:\/\/www.beefeed.com\/wp-content\/uploads\/2021\/11\/Cropped_HEX_Library2-1024x558.jpg"},{"@type":"BreadcrumbList","@id":"https:\/\/www.beefeed.com\/es\/notas-legales\/#breadcrumb","itemListElement":[{"@type":"ListItem","position":1,"name":"Home","item":"https:\/\/www.beefeed.com\/es\/"},{"@type":"ListItem","position":2,"name":"Notas legales"}]},{"@type":"WebSite","@id":"https:\/\/www.beefeed.com\/es\/#website","url":"https:\/\/www.beefeed.com\/es\/","name":"API","description":"","publisher":{"@id":"https:\/\/www.beefeed.com\/es\/#organization"},"potentialAction":[{"@type":"SearchAction","target":{"@type":"EntryPoint","urlTemplate":"https:\/\/www.beefeed.com\/es\/?s={search_term_string}"},"query-input":{"@type":"PropertyValueSpecification","valueRequired":true,"valueName":"search_term_string"}}],"inLanguage":"es"},{"@type":"Organization","@id":"https:\/\/www.beefeed.com\/es\/#organization","name":"Suedzucker AG","url":"https:\/\/www.beefeed.com\/es\/","logo":{"@type":"ImageObject","inLanguage":"es","@id":"https:\/\/www.beefeed.com\/es\/#\/schema\/logo\/image\/","url":"https:\/\/www.beefeed.com\/wp-content\/uploads\/2019\/06\/Logo-API-e1560863497158.png","contentUrl":"https:\/\/www.beefeed.com\/wp-content\/uploads\/2019\/06\/Logo-API-e1560863497158.png","width":1772,"height":1890,"caption":"Suedzucker AG"},"image":{"@id":"https:\/\/www.beefeed.com\/es\/#\/schema\/logo\/image\/"}}]}},"_links":{"self":[{"href":"https:\/\/www.beefeed.com\/es\/wp-json\/wp\/v2\/pages\/11273","targetHints":{"allow":["GET"]}}],"collection":[{"href":"https:\/\/www.beefeed.com\/es\/wp-json\/wp\/v2\/pages"}],"about":[{"href":"https:\/\/www.beefeed.com\/es\/wp-json\/wp\/v2\/types\/page"}],"author":[{"embeddable":true,"href":"https:\/\/www.beefeed.com\/es\/wp-json\/wp\/v2\/users\/1"}],"replies":[{"embeddable":true,"href":"https:\/\/www.beefeed.com\/es\/wp-json\/wp\/v2\/comments?post=11273"}],"version-history":[{"count":0,"href":"https:\/\/www.beefeed.com\/es\/wp-json\/wp\/v2\/pages\/11273\/revisions"}],"wp:attachment":[{"href":"https:\/\/www.beefeed.com\/es\/wp-json\/wp\/v2\/media?parent=11273"}],"curies":[{"name":"wp","href":"https:\/\/api.w.org\/{rel}","templated":true}]}}