{"id":2095,"date":"2019-06-03T07:31:02","date_gmt":"2019-06-03T07:31:02","guid":{"rendered":"https:\/\/www.beefeed.com\/alimento-para-abejas-la-importancia-de-un-alimento-para-abejas-adaptado\/"},"modified":"2020-07-28T13:38:27","modified_gmt":"2020-07-28T11:38:27","slug":"importancia","status":"publish","type":"page","link":"https:\/\/www.beefeed.com\/es\/importancia\/","title":{"rendered":"Alimento para abejas &#8211; La importancia de un alimento para abejas adaptado"},"content":{"rendered":"\t\t<div data-elementor-type=\"wp-post\" data-elementor-id=\"2095\" class=\"elementor elementor-2095 elementor-1270\" data-elementor-post-type=\"page\">\n\t\t\t\t\t\t<section class=\"elementor-section elementor-top-section elementor-element elementor-element-7d53f89 elementor-hidden-desktop elementor-section-boxed elementor-section-height-default elementor-section-height-default\" data-id=\"7d53f89\" data-element_type=\"section\" data-settings=\"{&quot;background_background&quot;:&quot;classic&quot;}\">\n\t\t\t\t\t\t<div class=\"elementor-container elementor-column-gap-default\">\n\t\t\t\t\t<div class=\"elementor-column elementor-col-100 elementor-top-column elementor-element elementor-element-a83651e\" data-id=\"a83651e\" data-element_type=\"column\">\n\t\t\t<div class=\"elementor-widget-wrap elementor-element-populated\">\n\t\t\t\t\t\t<div class=\"elementor-element elementor-element-da7990c elementor-widget elementor-widget-image\" data-id=\"da7990c\" data-element_type=\"widget\" data-widget_type=\"image.default\">\n\t\t\t\t<div class=\"elementor-widget-container\">\n\t\t\t\t\t\t\t\t\t\t\t\t\t\t\t<img fetchpriority=\"high\" decoding=\"async\" width=\"812\" height=\"442\" src=\"https:\/\/www.beefeed.com\/wp-content\/uploads\/2020\/07\/Cropped_HEX_shutterstock_363311150-1024x558.jpg\" class=\"attachment-large size-large wp-image-7251\" alt=\"Nourriture pour les abeilles\" srcset=\"https:\/\/www.beefeed.com\/wp-content\/uploads\/2020\/07\/Cropped_HEX_shutterstock_363311150-1024x558.jpg 1024w, https:\/\/www.beefeed.com\/wp-content\/uploads\/2020\/07\/Cropped_HEX_shutterstock_363311150-300x163.jpg 300w, https:\/\/www.beefeed.com\/wp-content\/uploads\/2020\/07\/Cropped_HEX_shutterstock_363311150-768x418.jpg 768w, https:\/\/www.beefeed.com\/wp-content\/uploads\/2020\/07\/Cropped_HEX_shutterstock_363311150.jpg 1140w\" sizes=\"(max-width: 812px) 100vw, 812px\" \/>\t\t\t\t\t\t\t\t\t\t\t\t\t\t\t<\/div>\n\t\t\t\t<\/div>\n\t\t\t\t\t<\/div>\n\t\t<\/div>\n\t\t\t\t\t<\/div>\n\t\t<\/section>\n\t\t\t\t<section class=\"elementor-section elementor-top-section elementor-element elementor-element-3bf0e49 elementor-section-stretched elementor-section-content-top elementor-hidden-desktop elementor-section-boxed elementor-section-height-default elementor-section-height-default\" data-id=\"3bf0e49\" data-element_type=\"section\" data-settings=\"{&quot;stretch_section&quot;:&quot;section-stretched&quot;,&quot;background_background&quot;:&quot;classic&quot;}\">\n\t\t\t\t\t\t<div class=\"elementor-container elementor-column-gap-default\">\n\t\t\t\t\t<div class=\"elementor-column elementor-col-50 elementor-top-column elementor-element elementor-element-7a86507\" data-id=\"7a86507\" data-element_type=\"column\">\n\t\t\t<div class=\"elementor-widget-wrap elementor-element-populated\">\n\t\t\t\t\t\t<div class=\"elementor-element elementor-element-915d4ba elementor-widget elementor-widget-spacer\" data-id=\"915d4ba\" data-element_type=\"widget\" data-widget_type=\"spacer.default\">\n\t\t\t\t<div class=\"elementor-widget-container\">\n\t\t\t\t\t\t\t<div class=\"elementor-spacer\">\n\t\t\t<div class=\"elementor-spacer-inner\"><\/div>\n\t\t<\/div>\n\t\t\t\t\t\t<\/div>\n\t\t\t\t<\/div>\n\t\t\t\t<div class=\"elementor-element elementor-element-de7f28d elementor-widget elementor-widget-heading\" data-id=\"de7f28d\" data-element_type=\"widget\" data-widget_type=\"heading.default\">\n\t\t\t\t<div class=\"elementor-widget-container\">\n\t\t\t\t\t<h2 class=\"elementor-heading-title elementor-size-default\">Importancia de la alimentaci\u00f3n<\/h2>\t\t\t\t<\/div>\n\t\t\t\t<\/div>\n\t\t\t\t<div class=\"elementor-element elementor-element-b5d8e5e elementor-widget elementor-widget-text-editor\" data-id=\"b5d8e5e\" data-element_type=\"widget\" data-widget_type=\"text-editor.default\">\n\t\t\t\t<div class=\"elementor-widget-container\">\n\t\t\t\t\t\t\t\t\t<p>La especial importancia de la <strong>alimentaci\u00f3n de las abejas<\/strong> puede demostrarse en las fases de su desarrollo: en la fase de transici\u00f3n del huevo al insecto, la absorci\u00f3n de prote\u00ednas desempe\u00f1a un papel central; sin embargo, para las abejas totalmente desarrolladas (abejorros, trabajadoras y reinas) el suministro de energ\u00eda procedente de los carbohidratos es muy importante.<\/p>\t\t\t\t\t\t\t\t<\/div>\n\t\t\t\t<\/div>\n\t\t\t\t\t<\/div>\n\t\t<\/div>\n\t\t\t\t<div class=\"elementor-column elementor-col-50 elementor-top-column elementor-element elementor-element-0501085\" data-id=\"0501085\" data-element_type=\"column\">\n\t\t\t<div class=\"elementor-widget-wrap\">\n\t\t\t\t\t\t\t<\/div>\n\t\t<\/div>\n\t\t\t\t\t<\/div>\n\t\t<\/section>\n\t\t\t\t<section class=\"elementor-section elementor-top-section elementor-element elementor-element-865afd9 elementor-section-stretched elementor-section-content-top elementor-hidden-tablet elementor-hidden-phone elementor-section-boxed elementor-section-height-default elementor-section-height-default\" data-id=\"865afd9\" data-element_type=\"section\" data-settings=\"{&quot;stretch_section&quot;:&quot;section-stretched&quot;,&quot;background_background&quot;:&quot;classic&quot;}\">\n\t\t\t\t\t\t<div class=\"elementor-container elementor-column-gap-default\">\n\t\t\t\t\t<div class=\"elementor-column elementor-col-50 elementor-top-column elementor-element elementor-element-05d3469\" data-id=\"05d3469\" data-element_type=\"column\">\n\t\t\t<div class=\"elementor-widget-wrap elementor-element-populated\">\n\t\t\t\t\t\t<div class=\"elementor-element elementor-element-c1b4070 elementor-widget elementor-widget-spacer\" data-id=\"c1b4070\" data-element_type=\"widget\" data-widget_type=\"spacer.default\">\n\t\t\t\t<div class=\"elementor-widget-container\">\n\t\t\t\t\t\t\t<div class=\"elementor-spacer\">\n\t\t\t<div class=\"elementor-spacer-inner\"><\/div>\n\t\t<\/div>\n\t\t\t\t\t\t<\/div>\n\t\t\t\t<\/div>\n\t\t\t\t<div class=\"elementor-element elementor-element-02311b6 elementor-widget elementor-widget-heading\" data-id=\"02311b6\" data-element_type=\"widget\" data-widget_type=\"heading.default\">\n\t\t\t\t<div class=\"elementor-widget-container\">\n\t\t\t\t\t<h1 class=\"elementor-heading-title elementor-size-default\">Importancia de la alimentaci\u00f3n<\/h1>\t\t\t\t<\/div>\n\t\t\t\t<\/div>\n\t\t\t\t<div class=\"elementor-element elementor-element-c2fa375 elementor-widget elementor-widget-text-editor\" data-id=\"c2fa375\" data-element_type=\"widget\" data-widget_type=\"text-editor.default\">\n\t\t\t\t<div class=\"elementor-widget-container\">\n\t\t\t\t\t\t\t\t\t<p>La especial importancia de la <strong>alimentaci\u00f3n de las abejas<\/strong> puede demostrarse en las fases de su desarrollo: en la fase de transici\u00f3n del huevo al insecto, la absorci\u00f3n de prote\u00ednas desempe\u00f1a un papel central; sin embargo, para las abejas totalmente desarrolladas (abejorros, trabajadoras y reinas) el suministro de energ\u00eda procedente de los carbohidratos es muy importante.<\/p>\t\t\t\t\t\t\t\t<\/div>\n\t\t\t\t<\/div>\n\t\t\t\t\t<\/div>\n\t\t<\/div>\n\t\t\t\t<div class=\"elementor-column elementor-col-50 elementor-top-column elementor-element elementor-element-947a336\" data-id=\"947a336\" data-element_type=\"column\">\n\t\t\t<div class=\"elementor-widget-wrap elementor-element-populated\">\n\t\t\t\t\t\t<div class=\"elementor-element elementor-element-382a2ab elementor-widget elementor-widget-image\" data-id=\"382a2ab\" data-element_type=\"widget\" data-widget_type=\"image.default\">\n\t\t\t\t<div class=\"elementor-widget-container\">\n\t\t\t\t\t\t\t\t\t\t\t\t\t\t\t<img fetchpriority=\"high\" decoding=\"async\" width=\"812\" height=\"442\" src=\"https:\/\/www.beefeed.com\/wp-content\/uploads\/2020\/07\/Cropped_HEX_shutterstock_363311150-1024x558.jpg\" class=\"attachment-large size-large wp-image-7251\" alt=\"Nourriture pour les abeilles\" srcset=\"https:\/\/www.beefeed.com\/wp-content\/uploads\/2020\/07\/Cropped_HEX_shutterstock_363311150-1024x558.jpg 1024w, https:\/\/www.beefeed.com\/wp-content\/uploads\/2020\/07\/Cropped_HEX_shutterstock_363311150-300x163.jpg 300w, https:\/\/www.beefeed.com\/wp-content\/uploads\/2020\/07\/Cropped_HEX_shutterstock_363311150-768x418.jpg 768w, https:\/\/www.beefeed.com\/wp-content\/uploads\/2020\/07\/Cropped_HEX_shutterstock_363311150.jpg 1140w\" sizes=\"(max-width: 812px) 100vw, 812px\" \/>\t\t\t\t\t\t\t\t\t\t\t\t\t\t\t<\/div>\n\t\t\t\t<\/div>\n\t\t\t\t\t<\/div>\n\t\t<\/div>\n\t\t\t\t\t<\/div>\n\t\t<\/section>\n\t\t\t\t<section class=\"elementor-section elementor-top-section elementor-element elementor-element-4086438 elementor-section-stretched elementor-section-content-top api-section elementor-section-boxed elementor-section-height-default elementor-section-height-default\" data-id=\"4086438\" data-element_type=\"section\" data-settings=\"{&quot;stretch_section&quot;:&quot;section-stretched&quot;,&quot;background_background&quot;:&quot;classic&quot;}\">\n\t\t\t\t\t\t<div class=\"elementor-container elementor-column-gap-default\">\n\t\t\t\t\t<div class=\"elementor-column elementor-col-66 elementor-top-column elementor-element elementor-element-d86afd7 api-section-column\" data-id=\"d86afd7\" data-element_type=\"column\">\n\t\t\t<div class=\"elementor-widget-wrap elementor-element-populated\">\n\t\t\t\t\t\t<div class=\"elementor-element elementor-element-d559c27 elementor-widget elementor-widget-text-editor\" data-id=\"d559c27\" data-element_type=\"widget\" data-widget_type=\"text-editor.default\">\n\t\t\t\t<div class=\"elementor-widget-container\">\n\t\t\t\t\t\t\t\t\t<p>La necesidad de alimentarse es el resultado de que el apicultor coseche la miel: la <strong>comida natural de las abejas<\/strong>. En nuestros climas con inviernos parcialmente hostiles, el apicultor debe proporcionar un <strong>alimento sustitutivo<\/strong>. Del mismo modo, las variaciones regionales y estacionales en las condiciones de la miel pueden hacer que sea necesario proporcionar <strong>alimentaci\u00f3n suplementaria<\/strong> para mantener las actividades de reproducci\u00f3n y cubrir las necesidades alimentarias de las abejas. En el caso de la formaci\u00f3n de las cr\u00edas y la cr\u00eda de la reina, tambi\u00e9n es necesario proporcionar <strong>alimentaci\u00f3n suplementaria<\/strong>.<\/p>\t\t\t\t\t\t\t\t<\/div>\n\t\t\t\t<\/div>\n\t\t\t\t\t<\/div>\n\t\t<\/div>\n\t\t\t\t<div class=\"elementor-column elementor-col-33 elementor-top-column elementor-element elementor-element-3f15e70\" data-id=\"3f15e70\" data-element_type=\"column\">\n\t\t\t<div class=\"elementor-widget-wrap\">\n\t\t\t\t\t\t\t<\/div>\n\t\t<\/div>\n\t\t\t\t\t<\/div>\n\t\t<\/section>\n\t\t\t\t<section class=\"elementor-section elementor-top-section elementor-element elementor-element-f20cf50 elementor-section-stretched api-section elementor-section-boxed elementor-section-height-default elementor-section-height-default\" data-id=\"f20cf50\" data-element_type=\"section\" data-settings=\"{&quot;stretch_section&quot;:&quot;section-stretched&quot;,&quot;background_background&quot;:&quot;classic&quot;}\">\n\t\t\t\t\t\t<div class=\"elementor-container elementor-column-gap-default\">\n\t\t\t\t\t<div class=\"elementor-column elementor-col-66 elementor-top-column elementor-element elementor-element-62cc82d api-section-column\" data-id=\"62cc82d\" data-element_type=\"column\" data-settings=\"{&quot;background_background&quot;:&quot;classic&quot;}\">\n\t\t\t<div class=\"elementor-widget-wrap elementor-element-populated\">\n\t\t\t\t\t\t<section class=\"elementor-section elementor-inner-section elementor-element elementor-element-f93698c elementor-section-content-middle elementor-section-boxed elementor-section-height-default elementor-section-height-default\" data-id=\"f93698c\" data-element_type=\"section\">\n\t\t\t\t\t\t<div class=\"elementor-container elementor-column-gap-default\">\n\t\t\t\t\t<div class=\"elementor-column elementor-col-50 elementor-inner-column elementor-element elementor-element-2851979\" data-id=\"2851979\" data-element_type=\"column\">\n\t\t\t<div class=\"elementor-widget-wrap elementor-element-populated\">\n\t\t\t\t\t\t<div class=\"elementor-element elementor-element-b775f19 api-line-title elementor-widget elementor-widget-heading\" data-id=\"b775f19\" data-element_type=\"widget\" data-widget_type=\"heading.default\">\n\t\t\t\t<div class=\"elementor-widget-container\">\n\t\t\t\t\t<h3 class=\"elementor-heading-title elementor-size-default\"><a href=\"https:\/\/www.beefeed.com\/de\/bienenfutter\/\">Y ahora: Diferentes tipos de alimento<\/a><\/h3>\t\t\t\t<\/div>\n\t\t\t\t<\/div>\n\t\t\t\t<div class=\"elementor-element elementor-element-5ebd66e elementor-widget elementor-widget-text-editor\" data-id=\"5ebd66e\" data-element_type=\"widget\" data-widget_type=\"text-editor.default\">\n\t\t\t\t<div class=\"elementor-widget-container\">\n\t\t\t\t\t\t\t\t\tAqu\u00ed encontrar\u00e1 todo sobre la amplia gama de diferentes alimentos para las abejas.\t\t\t\t\t\t\t\t<\/div>\n\t\t\t\t<\/div>\n\t\t\t\t\t<\/div>\n\t\t<\/div>\n\t\t\t\t<div class=\"elementor-column elementor-col-50 elementor-inner-column elementor-element elementor-element-f0b20ed\" data-id=\"f0b20ed\" data-element_type=\"column\">\n\t\t\t<div class=\"elementor-widget-wrap elementor-element-populated\">\n\t\t\t\t\t\t<div class=\"elementor-element elementor-element-40b9b83 elementor-widget elementor-widget-image\" data-id=\"40b9b83\" data-element_type=\"widget\" data-widget_type=\"image.default\">\n\t\t\t\t<div class=\"elementor-widget-container\">\n\t\t\t\t\t\t\t\t\t\t\t\t\t\t\t\t<a href=\"https:\/\/www.beefeed.com\/de\/bienenfutter\/\">\n\t\t\t\t\t\t\t<img decoding=\"async\" width=\"66\" height=\"61\" src=\"https:\/\/www.beefeed.com\/wp-content\/uploads\/2020\/07\/icon-arrow-temp.png\" class=\"attachment-full size-full wp-image-7260\" alt=\"\" \/>\t\t\t\t\t\t\t\t<\/a>\n\t\t\t\t\t\t\t\t\t\t\t\t\t\t\t<\/div>\n\t\t\t\t<\/div>\n\t\t\t\t\t<\/div>\n\t\t<\/div>\n\t\t\t\t\t<\/div>\n\t\t<\/section>\n\t\t\t\t\t<\/div>\n\t\t<\/div>\n\t\t\t\t<div class=\"elementor-column elementor-col-33 elementor-top-column elementor-element elementor-element-61b77b2\" data-id=\"61b77b2\" data-element_type=\"column\">\n\t\t\t<div class=\"elementor-widget-wrap\">\n\t\t\t\t\t\t\t<\/div>\n\t\t<\/div>\n\t\t\t\t\t<\/div>\n\t\t<\/section>\n\t\t\t\t<\/div>\n\t\t","protected":false},"excerpt":{"rendered":"<p>Importancia de la alimentaci\u00f3n La especial importancia de la alimentaci\u00f3n de las abejas puede demostrarse en las fases de su desarrollo: en la fase de transici\u00f3n del huevo al insecto, la absorci\u00f3n de prote\u00ednas desempe\u00f1a un papel central; sin embargo, para las abejas totalmente desarrolladas (abejorros, trabajadoras y reinas) el suministro de energ\u00eda procedente de [&hellip;]<\/p>\n","protected":false},"author":1,"featured_media":4626,"parent":0,"menu_order":0,"comment_status":"closed","ping_status":"closed","template":"elementor_header_footer","meta":{"_acf_changed":false,"_mc_calendar":[],"footnotes":"","_links_to":"","_links_to_target":"","_wp_rev_ctl_limit":""},"class_list":["post-2095","page","type-page","status-publish","has-post-thumbnail","hentry"],"acf":[],"yoast_head":"<!-- This site is optimized with the Yoast SEO Premium plugin v25.6 (Yoast SEO v25.6) - https:\/\/yoast.com\/wordpress\/plugins\/seo\/ -->\n<title>La importancia de la alimentaci\u00f3n de las abejas | API from S\u00fcdzucker<\/title>\n<meta name=\"robots\" content=\"index, follow, max-snippet:-1, max-image-preview:large, max-video-preview:-1\" \/>\n<link rel=\"canonical\" href=\"https:\/\/www.beefeed.com\/es\/importancia\/\" \/>\n<meta property=\"og:locale\" content=\"es_ES\" \/>\n<meta property=\"og:type\" content=\"article\" \/>\n<meta property=\"og:title\" content=\"Alimento para abejas - La importancia de un alimento para abejas adaptado\" \/>\n<meta property=\"og:description\" content=\"Importancia de la alimentaci\u00f3n La especial importancia de la alimentaci\u00f3n de las abejas puede demostrarse en las fases de su desarrollo: en la fase de transici\u00f3n del huevo al insecto, la absorci\u00f3n de prote\u00ednas desempe\u00f1a un papel central; sin embargo, para las abejas totalmente desarrolladas (abejorros, trabajadoras y reinas) el suministro de energ\u00eda procedente de [&hellip;]\" \/>\n<meta property=\"og:url\" content=\"https:\/\/www.beefeed.com\/es\/importancia\/\" \/>\n<meta property=\"og:site_name\" content=\"API\" \/>\n<meta property=\"article:modified_time\" content=\"2020-07-28T11:38:27+00:00\" \/>\n<meta property=\"og:image\" content=\"https:\/\/www.beefeed.com\/wp-content\/uploads\/2019\/10\/API-Full-Range-line-up-V2.png\" \/>\n\t<meta property=\"og:image:width\" content=\"640\" \/>\n\t<meta property=\"og:image:height\" content=\"371\" \/>\n\t<meta property=\"og:image:type\" content=\"image\/png\" \/>\n<meta name=\"twitter:card\" content=\"summary_large_image\" \/>\n<meta name=\"twitter:label1\" content=\"Tiempo de lectura\" \/>\n\t<meta name=\"twitter:data1\" content=\"1 minuto\" \/>\n<script type=\"application\/ld+json\" class=\"yoast-schema-graph\">{\"@context\":\"https:\/\/schema.org\",\"@graph\":[{\"@type\":\"WebPage\",\"@id\":\"https:\/\/www.beefeed.com\/es\/importancia\/\",\"url\":\"https:\/\/www.beefeed.com\/es\/importancia\/\",\"name\":\"La importancia de la alimentaci\u00f3n de las abejas | API from S\u00fcdzucker\",\"isPartOf\":{\"@id\":\"https:\/\/www.beefeed.com\/es\/#website\"},\"primaryImageOfPage\":{\"@id\":\"https:\/\/www.beefeed.com\/es\/importancia\/#primaryimage\"},\"image\":{\"@id\":\"https:\/\/www.beefeed.com\/es\/importancia\/#primaryimage\"},\"thumbnailUrl\":\"https:\/\/www.beefeed.com\/wp-content\/uploads\/2019\/10\/API-Full-Range-line-up-V2.png\",\"datePublished\":\"2019-06-03T07:31:02+00:00\",\"dateModified\":\"2020-07-28T11:38:27+00:00\",\"breadcrumb\":{\"@id\":\"https:\/\/www.beefeed.com\/es\/importancia\/#breadcrumb\"},\"inLanguage\":\"es\",\"potentialAction\":[{\"@type\":\"ReadAction\",\"target\":[\"https:\/\/www.beefeed.com\/es\/importancia\/\"]}]},{\"@type\":\"ImageObject\",\"inLanguage\":\"es\",\"@id\":\"https:\/\/www.beefeed.com\/es\/importancia\/#primaryimage\",\"url\":\"https:\/\/www.beefeed.com\/wp-content\/uploads\/2019\/10\/API-Full-Range-line-up-V2.png\",\"contentUrl\":\"https:\/\/www.beefeed.com\/wp-content\/uploads\/2019\/10\/API-Full-Range-line-up-V2.png\",\"width\":640,\"height\":371,\"caption\":\"Gama completa de productos API\"},{\"@type\":\"BreadcrumbList\",\"@id\":\"https:\/\/www.beefeed.com\/es\/importancia\/#breadcrumb\",\"itemListElement\":[{\"@type\":\"ListItem\",\"position\":1,\"name\":\"Home\",\"item\":\"https:\/\/www.beefeed.com\/es\/\"},{\"@type\":\"ListItem\",\"position\":2,\"name\":\"Alimento para abejas &#8211; La importancia de un alimento para abejas adaptado\"}]},{\"@type\":\"WebSite\",\"@id\":\"https:\/\/www.beefeed.com\/es\/#website\",\"url\":\"https:\/\/www.beefeed.com\/es\/\",\"name\":\"API\",\"description\":\"\",\"publisher\":{\"@id\":\"https:\/\/www.beefeed.com\/es\/#organization\"},\"potentialAction\":[{\"@type\":\"SearchAction\",\"target\":{\"@type\":\"EntryPoint\",\"urlTemplate\":\"https:\/\/www.beefeed.com\/es\/?s={search_term_string}\"},\"query-input\":{\"@type\":\"PropertyValueSpecification\",\"valueRequired\":true,\"valueName\":\"search_term_string\"}}],\"inLanguage\":\"es\"},{\"@type\":\"Organization\",\"@id\":\"https:\/\/www.beefeed.com\/es\/#organization\",\"name\":\"Suedzucker AG\",\"url\":\"https:\/\/www.beefeed.com\/es\/\",\"logo\":{\"@type\":\"ImageObject\",\"inLanguage\":\"es\",\"@id\":\"https:\/\/www.beefeed.com\/es\/#\/schema\/logo\/image\/\",\"url\":\"https:\/\/www.beefeed.com\/wp-content\/uploads\/2019\/06\/Logo-API-e1560863497158.png\",\"contentUrl\":\"https:\/\/www.beefeed.com\/wp-content\/uploads\/2019\/06\/Logo-API-e1560863497158.png\",\"width\":1772,\"height\":1890,\"caption\":\"Suedzucker AG\"},\"image\":{\"@id\":\"https:\/\/www.beefeed.com\/es\/#\/schema\/logo\/image\/\"}}]}<\/script>\n<!-- \/ Yoast SEO Premium plugin. -->","yoast_head_json":{"title":"La importancia de la alimentaci\u00f3n de las abejas | API from S\u00fcdzucker","robots":{"index":"index","follow":"follow","max-snippet":"max-snippet:-1","max-image-preview":"max-image-preview:large","max-video-preview":"max-video-preview:-1"},"canonical":"https:\/\/www.beefeed.com\/es\/importancia\/","og_locale":"es_ES","og_type":"article","og_title":"Alimento para abejas - La importancia de un alimento para abejas adaptado","og_description":"Importancia de la alimentaci\u00f3n La especial importancia de la alimentaci\u00f3n de las abejas puede demostrarse en las fases de su desarrollo: en la fase de transici\u00f3n del huevo al insecto, la absorci\u00f3n de prote\u00ednas desempe\u00f1a un papel central; sin embargo, para las abejas totalmente desarrolladas (abejorros, trabajadoras y reinas) el suministro de energ\u00eda procedente de [&hellip;]","og_url":"https:\/\/www.beefeed.com\/es\/importancia\/","og_site_name":"API","article_modified_time":"2020-07-28T11:38:27+00:00","og_image":[{"width":640,"height":371,"url":"https:\/\/www.beefeed.com\/wp-content\/uploads\/2019\/10\/API-Full-Range-line-up-V2.png","type":"image\/png"}],"twitter_card":"summary_large_image","twitter_misc":{"Tiempo de lectura":"1 minuto"},"schema":{"@context":"https:\/\/schema.org","@graph":[{"@type":"WebPage","@id":"https:\/\/www.beefeed.com\/es\/importancia\/","url":"https:\/\/www.beefeed.com\/es\/importancia\/","name":"La importancia de la alimentaci\u00f3n de las abejas | API from S\u00fcdzucker","isPartOf":{"@id":"https:\/\/www.beefeed.com\/es\/#website"},"primaryImageOfPage":{"@id":"https:\/\/www.beefeed.com\/es\/importancia\/#primaryimage"},"image":{"@id":"https:\/\/www.beefeed.com\/es\/importancia\/#primaryimage"},"thumbnailUrl":"https:\/\/www.beefeed.com\/wp-content\/uploads\/2019\/10\/API-Full-Range-line-up-V2.png","datePublished":"2019-06-03T07:31:02+00:00","dateModified":"2020-07-28T11:38:27+00:00","breadcrumb":{"@id":"https:\/\/www.beefeed.com\/es\/importancia\/#breadcrumb"},"inLanguage":"es","potentialAction":[{"@type":"ReadAction","target":["https:\/\/www.beefeed.com\/es\/importancia\/"]}]},{"@type":"ImageObject","inLanguage":"es","@id":"https:\/\/www.beefeed.com\/es\/importancia\/#primaryimage","url":"https:\/\/www.beefeed.com\/wp-content\/uploads\/2019\/10\/API-Full-Range-line-up-V2.png","contentUrl":"https:\/\/www.beefeed.com\/wp-content\/uploads\/2019\/10\/API-Full-Range-line-up-V2.png","width":640,"height":371,"caption":"Gama completa de productos API"},{"@type":"BreadcrumbList","@id":"https:\/\/www.beefeed.com\/es\/importancia\/#breadcrumb","itemListElement":[{"@type":"ListItem","position":1,"name":"Home","item":"https:\/\/www.beefeed.com\/es\/"},{"@type":"ListItem","position":2,"name":"Alimento para abejas &#8211; La importancia de un alimento para abejas adaptado"}]},{"@type":"WebSite","@id":"https:\/\/www.beefeed.com\/es\/#website","url":"https:\/\/www.beefeed.com\/es\/","name":"API","description":"","publisher":{"@id":"https:\/\/www.beefeed.com\/es\/#organization"},"potentialAction":[{"@type":"SearchAction","target":{"@type":"EntryPoint","urlTemplate":"https:\/\/www.beefeed.com\/es\/?s={search_term_string}"},"query-input":{"@type":"PropertyValueSpecification","valueRequired":true,"valueName":"search_term_string"}}],"inLanguage":"es"},{"@type":"Organization","@id":"https:\/\/www.beefeed.com\/es\/#organization","name":"Suedzucker AG","url":"https:\/\/www.beefeed.com\/es\/","logo":{"@type":"ImageObject","inLanguage":"es","@id":"https:\/\/www.beefeed.com\/es\/#\/schema\/logo\/image\/","url":"https:\/\/www.beefeed.com\/wp-content\/uploads\/2019\/06\/Logo-API-e1560863497158.png","contentUrl":"https:\/\/www.beefeed.com\/wp-content\/uploads\/2019\/06\/Logo-API-e1560863497158.png","width":1772,"height":1890,"caption":"Suedzucker AG"},"image":{"@id":"https:\/\/www.beefeed.com\/es\/#\/schema\/logo\/image\/"}}]}},"_links":{"self":[{"href":"https:\/\/www.beefeed.com\/es\/wp-json\/wp\/v2\/pages\/2095","targetHints":{"allow":["GET"]}}],"collection":[{"href":"https:\/\/www.beefeed.com\/es\/wp-json\/wp\/v2\/pages"}],"about":[{"href":"https:\/\/www.beefeed.com\/es\/wp-json\/wp\/v2\/types\/page"}],"author":[{"embeddable":true,"href":"https:\/\/www.beefeed.com\/es\/wp-json\/wp\/v2\/users\/1"}],"replies":[{"embeddable":true,"href":"https:\/\/www.beefeed.com\/es\/wp-json\/wp\/v2\/comments?post=2095"}],"version-history":[{"count":0,"href":"https:\/\/www.beefeed.com\/es\/wp-json\/wp\/v2\/pages\/2095\/revisions"}],"wp:featuredmedia":[{"embeddable":true,"href":"https:\/\/www.beefeed.com\/es\/wp-json\/wp\/v2\/media\/4626"}],"wp:attachment":[{"href":"https:\/\/www.beefeed.com\/es\/wp-json\/wp\/v2\/media?parent=2095"}],"curies":[{"name":"wp","href":"https:\/\/api.w.org\/{rel}","templated":true}]}}