{"id":2144,"date":"2019-06-03T08:09:11","date_gmt":"2019-06-03T08:09:11","guid":{"rendered":"https:\/\/www.beefeed.com\/donde-comprar\/"},"modified":"2025-10-28T15:36:23","modified_gmt":"2025-10-28T14:36:23","slug":"donde-comprar","status":"publish","type":"page","link":"https:\/\/www.beefeed.com\/es\/donde-comprar\/","title":{"rendered":"D\u00f3nde comprar"},"content":{"rendered":"\t\t<div data-elementor-type=\"wp-post\" data-elementor-id=\"2144\" class=\"elementor elementor-2144 elementor-575\" data-elementor-post-type=\"page\">\n\t\t\t\t\t\t<section class=\"elementor-section elementor-top-section elementor-element elementor-element-caa96e1 elementor-hidden-desktop elementor-section-boxed elementor-section-height-default elementor-section-height-default\" data-id=\"caa96e1\" data-element_type=\"section\" data-settings=\"{&quot;background_background&quot;:&quot;classic&quot;}\">\n\t\t\t\t\t\t<div class=\"elementor-container elementor-column-gap-default\">\n\t\t\t\t\t<div class=\"elementor-column elementor-col-100 elementor-top-column elementor-element elementor-element-81bdfd2\" data-id=\"81bdfd2\" data-element_type=\"column\">\n\t\t\t<div class=\"elementor-widget-wrap elementor-element-populated\">\n\t\t\t\t\t\t<div class=\"elementor-element elementor-element-9f44682 elementor-widget elementor-widget-image\" data-id=\"9f44682\" data-element_type=\"widget\" data-widget_type=\"image.default\">\n\t\t\t\t<div class=\"elementor-widget-container\">\n\t\t\t\t\t\t\t\t\t\t\t\t\t\t\t<img fetchpriority=\"high\" decoding=\"async\" width=\"812\" height=\"442\" src=\"https:\/\/www.beefeed.com\/wp-content\/uploads\/2019\/05\/Cropped_HEX_WhereToBuy-1024x558.jpg\" class=\"attachment-large size-large wp-image-2146\" alt=\"Abejas en panal\" srcset=\"https:\/\/www.beefeed.com\/wp-content\/uploads\/2019\/05\/Cropped_HEX_WhereToBuy-1024x558.jpg 1024w, https:\/\/www.beefeed.com\/wp-content\/uploads\/2019\/05\/Cropped_HEX_WhereToBuy-300x163.jpg 300w, https:\/\/www.beefeed.com\/wp-content\/uploads\/2019\/05\/Cropped_HEX_WhereToBuy-768x418.jpg 768w, https:\/\/www.beefeed.com\/wp-content\/uploads\/2019\/05\/Cropped_HEX_WhereToBuy.jpg 1440w\" sizes=\"(max-width: 812px) 100vw, 812px\" \/>\t\t\t\t\t\t\t\t\t\t\t\t\t\t\t<\/div>\n\t\t\t\t<\/div>\n\t\t\t\t\t<\/div>\n\t\t<\/div>\n\t\t\t\t\t<\/div>\n\t\t<\/section>\n\t\t\t\t<section class=\"elementor-section elementor-top-section elementor-element elementor-element-e9ca128 elementor-section-stretched elementor-section-content-top elementor-hidden-desktop elementor-section-boxed elementor-section-height-default elementor-section-height-default\" data-id=\"e9ca128\" data-element_type=\"section\" data-settings=\"{&quot;stretch_section&quot;:&quot;section-stretched&quot;,&quot;background_background&quot;:&quot;classic&quot;}\">\n\t\t\t\t\t\t<div class=\"elementor-container elementor-column-gap-default\">\n\t\t\t\t\t<div class=\"elementor-column elementor-col-50 elementor-top-column elementor-element elementor-element-36b4e14\" data-id=\"36b4e14\" data-element_type=\"column\">\n\t\t\t<div class=\"elementor-widget-wrap elementor-element-populated\">\n\t\t\t\t\t\t<div class=\"elementor-element elementor-element-9a5127c elementor-widget elementor-widget-spacer\" data-id=\"9a5127c\" data-element_type=\"widget\" data-widget_type=\"spacer.default\">\n\t\t\t\t<div class=\"elementor-widget-container\">\n\t\t\t\t\t\t\t<div class=\"elementor-spacer\">\n\t\t\t<div class=\"elementor-spacer-inner\"><\/div>\n\t\t<\/div>\n\t\t\t\t\t\t<\/div>\n\t\t\t\t<\/div>\n\t\t\t\t<div class=\"elementor-element elementor-element-844e146 elementor-widget elementor-widget-heading\" data-id=\"844e146\" data-element_type=\"widget\" data-widget_type=\"heading.default\">\n\t\t\t\t<div class=\"elementor-widget-container\">\n\t\t\t\t\t<h2 class=\"elementor-heading-title elementor-size-default\">D\u00f3nde comprar nuestros productos<\/h2>\t\t\t\t<\/div>\n\t\t\t\t<\/div>\n\t\t\t\t<div class=\"elementor-element elementor-element-09555c6 elementor-widget elementor-widget-text-editor\" data-id=\"09555c6\" data-element_type=\"widget\" data-widget_type=\"text-editor.default\">\n\t\t\t\t<div class=\"elementor-widget-container\">\n\t\t\t\t\t\t\t\t\t<p>Puede encargar nuestros productos API de varios modos. <\/p>\n\t\t\t\t\t\t\t\t<\/div>\n\t\t\t\t<\/div>\n\t\t\t\t\t<\/div>\n\t\t<\/div>\n\t\t\t\t<div class=\"elementor-column elementor-col-50 elementor-top-column elementor-element elementor-element-41034ee\" data-id=\"41034ee\" data-element_type=\"column\">\n\t\t\t<div class=\"elementor-widget-wrap\">\n\t\t\t\t\t\t\t<\/div>\n\t\t<\/div>\n\t\t\t\t\t<\/div>\n\t\t<\/section>\n\t\t\t\t<section class=\"elementor-section elementor-top-section elementor-element elementor-element-7ea8754 elementor-section-stretched elementor-section-content-top elementor-hidden-tablet elementor-hidden-phone elementor-section-boxed elementor-section-height-default elementor-section-height-default\" data-id=\"7ea8754\" data-element_type=\"section\" data-settings=\"{&quot;stretch_section&quot;:&quot;section-stretched&quot;,&quot;background_background&quot;:&quot;classic&quot;}\">\n\t\t\t\t\t\t<div class=\"elementor-container elementor-column-gap-default\">\n\t\t\t\t\t<div class=\"elementor-column elementor-col-50 elementor-top-column elementor-element elementor-element-a12498d\" data-id=\"a12498d\" data-element_type=\"column\">\n\t\t\t<div class=\"elementor-widget-wrap elementor-element-populated\">\n\t\t\t\t\t\t<div class=\"elementor-element elementor-element-4062c97 elementor-widget elementor-widget-spacer\" data-id=\"4062c97\" data-element_type=\"widget\" data-widget_type=\"spacer.default\">\n\t\t\t\t<div class=\"elementor-widget-container\">\n\t\t\t\t\t\t\t<div class=\"elementor-spacer\">\n\t\t\t<div class=\"elementor-spacer-inner\"><\/div>\n\t\t<\/div>\n\t\t\t\t\t\t<\/div>\n\t\t\t\t<\/div>\n\t\t\t\t<div class=\"elementor-element elementor-element-383dc4d elementor-widget elementor-widget-heading\" data-id=\"383dc4d\" data-element_type=\"widget\" data-widget_type=\"heading.default\">\n\t\t\t\t<div class=\"elementor-widget-container\">\n\t\t\t\t\t<h2 class=\"elementor-heading-title elementor-size-default\">D\u00f3nde comprar nuestros productos<\/h2>\t\t\t\t<\/div>\n\t\t\t\t<\/div>\n\t\t\t\t<div class=\"elementor-element elementor-element-bd96949 elementor-widget elementor-widget-text-editor\" data-id=\"bd96949\" data-element_type=\"widget\" data-widget_type=\"text-editor.default\">\n\t\t\t\t<div class=\"elementor-widget-container\">\n\t\t\t\t\t\t\t\t\t<p>Puede encargar nuestros productos API de varios modos. <\/p>\n\t\t\t\t\t\t\t\t<\/div>\n\t\t\t\t<\/div>\n\t\t\t\t\t<\/div>\n\t\t<\/div>\n\t\t\t\t<div class=\"elementor-column elementor-col-50 elementor-top-column elementor-element elementor-element-f2ea84d\" data-id=\"f2ea84d\" data-element_type=\"column\">\n\t\t\t<div class=\"elementor-widget-wrap elementor-element-populated\">\n\t\t\t\t\t\t<div class=\"elementor-element elementor-element-5b49614 elementor-widget elementor-widget-image\" data-id=\"5b49614\" data-element_type=\"widget\" data-widget_type=\"image.default\">\n\t\t\t\t<div class=\"elementor-widget-container\">\n\t\t\t\t\t\t\t\t\t\t\t\t\t\t\t<img fetchpriority=\"high\" decoding=\"async\" width=\"812\" height=\"442\" src=\"https:\/\/www.beefeed.com\/wp-content\/uploads\/2019\/05\/Cropped_HEX_WhereToBuy-1024x558.jpg\" class=\"attachment-large size-large wp-image-2146\" alt=\"Abejas en panal\" srcset=\"https:\/\/www.beefeed.com\/wp-content\/uploads\/2019\/05\/Cropped_HEX_WhereToBuy-1024x558.jpg 1024w, https:\/\/www.beefeed.com\/wp-content\/uploads\/2019\/05\/Cropped_HEX_WhereToBuy-300x163.jpg 300w, https:\/\/www.beefeed.com\/wp-content\/uploads\/2019\/05\/Cropped_HEX_WhereToBuy-768x418.jpg 768w, https:\/\/www.beefeed.com\/wp-content\/uploads\/2019\/05\/Cropped_HEX_WhereToBuy.jpg 1440w\" sizes=\"(max-width: 812px) 100vw, 812px\" \/>\t\t\t\t\t\t\t\t\t\t\t\t\t\t\t<\/div>\n\t\t\t\t<\/div>\n\t\t\t\t\t<\/div>\n\t\t<\/div>\n\t\t\t\t\t<\/div>\n\t\t<\/section>\n\t\t\t\t<section class=\"elementor-section elementor-top-section elementor-element elementor-element-a8d42d5 elementor-section-stretched elementor-section-content-top elementor-section-boxed elementor-section-height-default elementor-section-height-default\" data-id=\"a8d42d5\" data-element_type=\"section\" data-settings=\"{&quot;stretch_section&quot;:&quot;section-stretched&quot;,&quot;background_background&quot;:&quot;classic&quot;}\">\n\t\t\t\t\t\t<div class=\"elementor-container elementor-column-gap-default\">\n\t\t\t\t\t<div class=\"elementor-column elementor-col-50 elementor-top-column elementor-element elementor-element-6e55ec3\" data-id=\"6e55ec3\" data-element_type=\"column\">\n\t\t\t<div class=\"elementor-widget-wrap\">\n\t\t\t\t\t\t\t<\/div>\n\t\t<\/div>\n\t\t\t\t<div class=\"elementor-column elementor-col-50 elementor-top-column elementor-element elementor-element-1a65e5d\" data-id=\"1a65e5d\" data-element_type=\"column\">\n\t\t\t<div class=\"elementor-widget-wrap\">\n\t\t\t\t\t\t\t<\/div>\n\t\t<\/div>\n\t\t\t\t\t<\/div>\n\t\t<\/section>\n\t\t\t\t<section class=\"elementor-section elementor-top-section elementor-element elementor-element-6f293c6 elementor-section-stretched elementor-section-boxed elementor-section-height-default elementor-section-height-default\" data-id=\"6f293c6\" data-element_type=\"section\" data-settings=\"{&quot;stretch_section&quot;:&quot;section-stretched&quot;,&quot;background_background&quot;:&quot;classic&quot;}\">\n\t\t\t\t\t\t<div class=\"elementor-container elementor-column-gap-default\">\n\t\t\t\t\t<div class=\"elementor-column elementor-col-66 elementor-top-column elementor-element elementor-element-abfa6b3\" data-id=\"abfa6b3\" data-element_type=\"column\">\n\t\t\t<div class=\"elementor-widget-wrap elementor-element-populated\">\n\t\t\t\t\t\t<div class=\"elementor-element elementor-element-74dad56 elementor-widget elementor-widget-heading\" data-id=\"74dad56\" data-element_type=\"widget\" data-widget_type=\"heading.default\">\n\t\t\t\t<div class=\"elementor-widget-container\">\n\t\t\t\t\t<h2 class=\"elementor-heading-title elementor-size-default\">Distribuidores<\/h2>\t\t\t\t<\/div>\n\t\t\t\t<\/div>\n\t\t\t\t<div class=\"elementor-element elementor-element-85a895f elementor-widget elementor-widget-html\" data-id=\"85a895f\" data-element_type=\"widget\" data-widget_type=\"html.default\">\n\t\t\t\t<div class=\"elementor-widget-container\">\n\t\t\t\t\t<div class=\"su-accordion su-u-trim\">\r\n\r\n<div class=\"su-spoiler su-spoiler-style-modern-light su-spoiler-icon-chevron su-spoiler-closed\" data-scroll-offset=\"0\" data-anchor-in-url=\"no\"><div class=\"su-spoiler-title\" tabindex=\"0\" role=\"button\"><span class=\"su-spoiler-icon\"><\/span>S\u00fcdzucker Iberica S.L.U.<br \/><br \/><span style='font-weight:200;font-size:16px'>Barcelona<\/span><\/div><div class=\"su-spoiler-content su-u-clearfix su-u-trim\">\r\n\r\n<div class=\"api-content-line\"><\/div>\r\n<br \/>\r\n<div class=\"api-stores-left\" style=\"font-weight:300\">Tel. + 34 93 343 66 96<br \/>\r\nFax.+ 34 93 304 14 59<br \/>\r\nEmail: <a href=\"mailto:iberica@suedzucker.com\">iberica@suedzucker.com<\/a><br \/>\r\n<\/div>\r\n<div class=\"api-stores-right\" style=\"font-weight:300;\">\r\nS\u00fcdzucker Iberica S.L.U.<br \/>\r\nGran Via de les Corts Catalanes, 630 <br \/>\r\n08007 Barcelona<br \/>\r\n<\/div>\r\n<br \/>\r\n\r\n\r\n<\/div><\/div>\r\n\r\n<\/div>\t\t\t\t<\/div>\n\t\t\t\t<\/div>\n\t\t\t\t\t<\/div>\n\t\t<\/div>\n\t\t\t\t<div class=\"elementor-column elementor-col-33 elementor-top-column elementor-element elementor-element-95a012a\" data-id=\"95a012a\" data-element_type=\"column\">\n\t\t\t<div class=\"elementor-widget-wrap\">\n\t\t\t\t\t\t\t<\/div>\n\t\t<\/div>\n\t\t\t\t\t<\/div>\n\t\t<\/section>\n\t\t\t\t<\/div>\n\t\t","protected":false},"excerpt":{"rendered":"<p>D\u00f3nde comprar nuestros productos Puede encargar nuestros productos API de varios modos. D\u00f3nde comprar nuestros productos Puede encargar nuestros productos API de varios modos. Distribuidores<\/p>\n","protected":false},"author":1,"featured_media":0,"parent":0,"menu_order":0,"comment_status":"closed","ping_status":"closed","template":"elementor_header_footer","meta":{"_acf_changed":false,"_mc_calendar":[],"footnotes":"","_links_to":"","_links_to_target":"","_wp_rev_ctl_limit":""},"class_list":["post-2144","page","type-page","status-publish","hentry"],"acf":[],"yoast_head":"<!-- This site is optimized with the Yoast SEO Premium plugin v25.6 (Yoast SEO v25.6) - https:\/\/yoast.com\/wordpress\/plugins\/seo\/ -->\n<title>API - D\u00f3nde comprar<\/title>\n<meta name=\"robots\" content=\"index, follow, max-snippet:-1, max-image-preview:large, max-video-preview:-1\" \/>\n<link rel=\"canonical\" href=\"https:\/\/www.beefeed.com\/es\/donde-comprar\/\" \/>\n<meta property=\"og:locale\" content=\"es_ES\" \/>\n<meta property=\"og:type\" content=\"article\" \/>\n<meta property=\"og:title\" content=\"D\u00f3nde comprar\" \/>\n<meta property=\"og:description\" content=\"D\u00f3nde comprar nuestros productos Puede encargar nuestros productos API de varios modos. D\u00f3nde comprar nuestros productos Puede encargar nuestros productos API de varios modos. Distribuidores\" \/>\n<meta property=\"og:url\" content=\"https:\/\/www.beefeed.com\/es\/donde-comprar\/\" \/>\n<meta property=\"og:site_name\" content=\"API\" \/>\n<meta property=\"article:modified_time\" content=\"2025-10-28T14:36:23+00:00\" \/>\n<meta property=\"og:image\" content=\"https:\/\/www.beefeed.com\/wp-content\/uploads\/2019\/05\/Cropped_HEX_WhereToBuy.jpg\" \/>\n\t<meta property=\"og:image:width\" content=\"1440\" \/>\n\t<meta property=\"og:image:height\" content=\"784\" \/>\n\t<meta property=\"og:image:type\" content=\"image\/jpeg\" \/>\n<meta name=\"twitter:card\" content=\"summary_large_image\" \/>\n<meta name=\"twitter:label1\" content=\"Tiempo de lectura\" \/>\n\t<meta name=\"twitter:data1\" content=\"1 minuto\" \/>\n<script type=\"application\/ld+json\" class=\"yoast-schema-graph\">{\"@context\":\"https:\/\/schema.org\",\"@graph\":[{\"@type\":\"WebPage\",\"@id\":\"https:\/\/www.beefeed.com\/es\/donde-comprar\/\",\"url\":\"https:\/\/www.beefeed.com\/es\/donde-comprar\/\",\"name\":\"API - D\u00f3nde comprar\",\"isPartOf\":{\"@id\":\"https:\/\/www.beefeed.com\/es\/#website\"},\"primaryImageOfPage\":{\"@id\":\"https:\/\/www.beefeed.com\/es\/donde-comprar\/#primaryimage\"},\"image\":{\"@id\":\"https:\/\/www.beefeed.com\/es\/donde-comprar\/#primaryimage\"},\"thumbnailUrl\":\"https:\/\/www.beefeed.com\/wp-content\/uploads\/2019\/05\/Cropped_HEX_WhereToBuy-1024x558.jpg\",\"datePublished\":\"2019-06-03T08:09:11+00:00\",\"dateModified\":\"2025-10-28T14:36:23+00:00\",\"breadcrumb\":{\"@id\":\"https:\/\/www.beefeed.com\/es\/donde-comprar\/#breadcrumb\"},\"inLanguage\":\"es\",\"potentialAction\":[{\"@type\":\"ReadAction\",\"target\":[\"https:\/\/www.beefeed.com\/es\/donde-comprar\/\"]}]},{\"@type\":\"ImageObject\",\"inLanguage\":\"es\",\"@id\":\"https:\/\/www.beefeed.com\/es\/donde-comprar\/#primaryimage\",\"url\":\"https:\/\/www.beefeed.com\/wp-content\/uploads\/2019\/05\/Cropped_HEX_WhereToBuy-1024x558.jpg\",\"contentUrl\":\"https:\/\/www.beefeed.com\/wp-content\/uploads\/2019\/05\/Cropped_HEX_WhereToBuy-1024x558.jpg\"},{\"@type\":\"BreadcrumbList\",\"@id\":\"https:\/\/www.beefeed.com\/es\/donde-comprar\/#breadcrumb\",\"itemListElement\":[{\"@type\":\"ListItem\",\"position\":1,\"name\":\"Home\",\"item\":\"https:\/\/www.beefeed.com\/es\/\"},{\"@type\":\"ListItem\",\"position\":2,\"name\":\"D\u00f3nde comprar\"}]},{\"@type\":\"WebSite\",\"@id\":\"https:\/\/www.beefeed.com\/es\/#website\",\"url\":\"https:\/\/www.beefeed.com\/es\/\",\"name\":\"API\",\"description\":\"\",\"publisher\":{\"@id\":\"https:\/\/www.beefeed.com\/es\/#organization\"},\"potentialAction\":[{\"@type\":\"SearchAction\",\"target\":{\"@type\":\"EntryPoint\",\"urlTemplate\":\"https:\/\/www.beefeed.com\/es\/?s={search_term_string}\"},\"query-input\":{\"@type\":\"PropertyValueSpecification\",\"valueRequired\":true,\"valueName\":\"search_term_string\"}}],\"inLanguage\":\"es\"},{\"@type\":\"Organization\",\"@id\":\"https:\/\/www.beefeed.com\/es\/#organization\",\"name\":\"Suedzucker AG\",\"url\":\"https:\/\/www.beefeed.com\/es\/\",\"logo\":{\"@type\":\"ImageObject\",\"inLanguage\":\"es\",\"@id\":\"https:\/\/www.beefeed.com\/es\/#\/schema\/logo\/image\/\",\"url\":\"https:\/\/www.beefeed.com\/wp-content\/uploads\/2019\/06\/Logo-API-e1560863497158.png\",\"contentUrl\":\"https:\/\/www.beefeed.com\/wp-content\/uploads\/2019\/06\/Logo-API-e1560863497158.png\",\"width\":1772,\"height\":1890,\"caption\":\"Suedzucker AG\"},\"image\":{\"@id\":\"https:\/\/www.beefeed.com\/es\/#\/schema\/logo\/image\/\"}}]}<\/script>\n<!-- \/ Yoast SEO Premium plugin. -->","yoast_head_json":{"title":"API - D\u00f3nde comprar","robots":{"index":"index","follow":"follow","max-snippet":"max-snippet:-1","max-image-preview":"max-image-preview:large","max-video-preview":"max-video-preview:-1"},"canonical":"https:\/\/www.beefeed.com\/es\/donde-comprar\/","og_locale":"es_ES","og_type":"article","og_title":"D\u00f3nde comprar","og_description":"D\u00f3nde comprar nuestros productos Puede encargar nuestros productos API de varios modos. D\u00f3nde comprar nuestros productos Puede encargar nuestros productos API de varios modos. Distribuidores","og_url":"https:\/\/www.beefeed.com\/es\/donde-comprar\/","og_site_name":"API","article_modified_time":"2025-10-28T14:36:23+00:00","og_image":[{"width":1440,"height":784,"url":"https:\/\/www.beefeed.com\/wp-content\/uploads\/2019\/05\/Cropped_HEX_WhereToBuy.jpg","type":"image\/jpeg"}],"twitter_card":"summary_large_image","twitter_misc":{"Tiempo de lectura":"1 minuto"},"schema":{"@context":"https:\/\/schema.org","@graph":[{"@type":"WebPage","@id":"https:\/\/www.beefeed.com\/es\/donde-comprar\/","url":"https:\/\/www.beefeed.com\/es\/donde-comprar\/","name":"API - D\u00f3nde comprar","isPartOf":{"@id":"https:\/\/www.beefeed.com\/es\/#website"},"primaryImageOfPage":{"@id":"https:\/\/www.beefeed.com\/es\/donde-comprar\/#primaryimage"},"image":{"@id":"https:\/\/www.beefeed.com\/es\/donde-comprar\/#primaryimage"},"thumbnailUrl":"https:\/\/www.beefeed.com\/wp-content\/uploads\/2019\/05\/Cropped_HEX_WhereToBuy-1024x558.jpg","datePublished":"2019-06-03T08:09:11+00:00","dateModified":"2025-10-28T14:36:23+00:00","breadcrumb":{"@id":"https:\/\/www.beefeed.com\/es\/donde-comprar\/#breadcrumb"},"inLanguage":"es","potentialAction":[{"@type":"ReadAction","target":["https:\/\/www.beefeed.com\/es\/donde-comprar\/"]}]},{"@type":"ImageObject","inLanguage":"es","@id":"https:\/\/www.beefeed.com\/es\/donde-comprar\/#primaryimage","url":"https:\/\/www.beefeed.com\/wp-content\/uploads\/2019\/05\/Cropped_HEX_WhereToBuy-1024x558.jpg","contentUrl":"https:\/\/www.beefeed.com\/wp-content\/uploads\/2019\/05\/Cropped_HEX_WhereToBuy-1024x558.jpg"},{"@type":"BreadcrumbList","@id":"https:\/\/www.beefeed.com\/es\/donde-comprar\/#breadcrumb","itemListElement":[{"@type":"ListItem","position":1,"name":"Home","item":"https:\/\/www.beefeed.com\/es\/"},{"@type":"ListItem","position":2,"name":"D\u00f3nde comprar"}]},{"@type":"WebSite","@id":"https:\/\/www.beefeed.com\/es\/#website","url":"https:\/\/www.beefeed.com\/es\/","name":"API","description":"","publisher":{"@id":"https:\/\/www.beefeed.com\/es\/#organization"},"potentialAction":[{"@type":"SearchAction","target":{"@type":"EntryPoint","urlTemplate":"https:\/\/www.beefeed.com\/es\/?s={search_term_string}"},"query-input":{"@type":"PropertyValueSpecification","valueRequired":true,"valueName":"search_term_string"}}],"inLanguage":"es"},{"@type":"Organization","@id":"https:\/\/www.beefeed.com\/es\/#organization","name":"Suedzucker AG","url":"https:\/\/www.beefeed.com\/es\/","logo":{"@type":"ImageObject","inLanguage":"es","@id":"https:\/\/www.beefeed.com\/es\/#\/schema\/logo\/image\/","url":"https:\/\/www.beefeed.com\/wp-content\/uploads\/2019\/06\/Logo-API-e1560863497158.png","contentUrl":"https:\/\/www.beefeed.com\/wp-content\/uploads\/2019\/06\/Logo-API-e1560863497158.png","width":1772,"height":1890,"caption":"Suedzucker AG"},"image":{"@id":"https:\/\/www.beefeed.com\/es\/#\/schema\/logo\/image\/"}}]}},"_links":{"self":[{"href":"https:\/\/www.beefeed.com\/es\/wp-json\/wp\/v2\/pages\/2144","targetHints":{"allow":["GET"]}}],"collection":[{"href":"https:\/\/www.beefeed.com\/es\/wp-json\/wp\/v2\/pages"}],"about":[{"href":"https:\/\/www.beefeed.com\/es\/wp-json\/wp\/v2\/types\/page"}],"author":[{"embeddable":true,"href":"https:\/\/www.beefeed.com\/es\/wp-json\/wp\/v2\/users\/1"}],"replies":[{"embeddable":true,"href":"https:\/\/www.beefeed.com\/es\/wp-json\/wp\/v2\/comments?post=2144"}],"version-history":[{"count":0,"href":"https:\/\/www.beefeed.com\/es\/wp-json\/wp\/v2\/pages\/2144\/revisions"}],"wp:attachment":[{"href":"https:\/\/www.beefeed.com\/es\/wp-json\/wp\/v2\/media?parent=2144"}],"curies":[{"name":"wp","href":"https:\/\/api.w.org\/{rel}","templated":true}]}}