{"id":10110,"date":"2021-12-13T12:14:14","date_gmt":"2021-12-13T11:14:14","guid":{"rendered":"https:\/\/www.beefeed.com\/yesapi-conditions-generales\/"},"modified":"2021-12-13T12:14:15","modified_gmt":"2021-12-13T11:14:15","slug":"yesapi-conditions-generales","status":"publish","type":"page","link":"https:\/\/www.beefeed.com\/fr\/yesapi-conditions-generales\/","title":{"rendered":"#YESAPI &#8211; Conditions G\u00e9n\u00e9rales"},"content":{"rendered":"\t\t<div data-elementor-type=\"wp-page\" data-elementor-id=\"10110\" class=\"elementor elementor-10110 elementor-10105\" data-elementor-post-type=\"page\">\n\t\t\t\t\t\t<section class=\"elementor-section elementor-top-section elementor-element elementor-element-c417351 elementor-hidden-desktop elementor-section-boxed elementor-section-height-default elementor-section-height-default\" data-id=\"c417351\" data-element_type=\"section\" data-settings=\"{&quot;background_background&quot;:&quot;classic&quot;}\">\n\t\t\t\t\t\t<div class=\"elementor-container elementor-column-gap-default\">\n\t\t\t\t\t<div class=\"elementor-column elementor-col-100 elementor-top-column elementor-element elementor-element-cd3c3be\" data-id=\"cd3c3be\" data-element_type=\"column\">\n\t\t\t<div class=\"elementor-widget-wrap elementor-element-populated\">\n\t\t\t\t\t\t<div class=\"elementor-element elementor-element-2d8f144 elementor-widget elementor-widget-image\" data-id=\"2d8f144\" data-element_type=\"widget\" data-widget_type=\"image.default\">\n\t\t\t\t<div class=\"elementor-widget-container\">\n\t\t\t\t\t\t\t\t\t\t\t\t\t\t\t<img fetchpriority=\"high\" decoding=\"async\" width=\"812\" height=\"442\" src=\"https:\/\/www.beefeed.com\/wp-content\/uploads\/2019\/05\/Cropped_HEX_products2-1024x558.jpg\" class=\"attachment-large size-large wp-image-1665\" alt=\"Two working bees\" srcset=\"https:\/\/www.beefeed.com\/wp-content\/uploads\/2019\/05\/Cropped_HEX_products2-1024x558.jpg 1024w, https:\/\/www.beefeed.com\/wp-content\/uploads\/2019\/05\/Cropped_HEX_products2-300x163.jpg 300w, https:\/\/www.beefeed.com\/wp-content\/uploads\/2019\/05\/Cropped_HEX_products2-768x418.jpg 768w, https:\/\/www.beefeed.com\/wp-content\/uploads\/2019\/05\/Cropped_HEX_products2.jpg 1440w\" sizes=\"(max-width: 812px) 100vw, 812px\" \/>\t\t\t\t\t\t\t\t\t\t\t\t\t\t\t<\/div>\n\t\t\t\t<\/div>\n\t\t\t\t\t<\/div>\n\t\t<\/div>\n\t\t\t\t\t<\/div>\n\t\t<\/section>\n\t\t\t\t<section class=\"elementor-section elementor-top-section elementor-element elementor-element-c73d33e elementor-section-stretched elementor-section-content-top elementor-hidden-desktop elementor-section-boxed elementor-section-height-default elementor-section-height-default\" data-id=\"c73d33e\" data-element_type=\"section\" data-settings=\"{&quot;stretch_section&quot;:&quot;section-stretched&quot;,&quot;background_background&quot;:&quot;classic&quot;}\">\n\t\t\t\t\t\t<div class=\"elementor-container elementor-column-gap-default\">\n\t\t\t\t\t<div class=\"elementor-column elementor-col-50 elementor-top-column elementor-element elementor-element-67a22d7\" data-id=\"67a22d7\" data-element_type=\"column\">\n\t\t\t<div class=\"elementor-widget-wrap elementor-element-populated\">\n\t\t\t\t\t\t<div class=\"elementor-element elementor-element-7db7f7b elementor-widget elementor-widget-spacer\" data-id=\"7db7f7b\" data-element_type=\"widget\" data-widget_type=\"spacer.default\">\n\t\t\t\t<div class=\"elementor-widget-container\">\n\t\t\t\t\t\t\t<div class=\"elementor-spacer\">\n\t\t\t<div class=\"elementor-spacer-inner\"><\/div>\n\t\t<\/div>\n\t\t\t\t\t\t<\/div>\n\t\t\t\t<\/div>\n\t\t\t\t<div class=\"elementor-element elementor-element-8af8972 elementor-widget elementor-widget-heading\" data-id=\"8af8972\" data-element_type=\"widget\" data-widget_type=\"heading.default\">\n\t\t\t\t<div class=\"elementor-widget-container\">\n\t\t\t\t\t<h2 class=\"elementor-heading-title elementor-size-default\">#YESAPI - Conditions G\u00e9n\u00e9rales<\/h2>\t\t\t\t<\/div>\n\t\t\t\t<\/div>\n\t\t\t\t\t<\/div>\n\t\t<\/div>\n\t\t\t\t<div class=\"elementor-column elementor-col-50 elementor-top-column elementor-element elementor-element-1c69f7d\" data-id=\"1c69f7d\" data-element_type=\"column\">\n\t\t\t<div class=\"elementor-widget-wrap\">\n\t\t\t\t\t\t\t<\/div>\n\t\t<\/div>\n\t\t\t\t\t<\/div>\n\t\t<\/section>\n\t\t\t\t<section class=\"elementor-section elementor-top-section elementor-element elementor-element-b6a4770 elementor-section-stretched elementor-section-content-top elementor-hidden-tablet elementor-hidden-phone elementor-section-boxed elementor-section-height-default elementor-section-height-default\" data-id=\"b6a4770\" data-element_type=\"section\" data-settings=\"{&quot;stretch_section&quot;:&quot;section-stretched&quot;,&quot;background_background&quot;:&quot;classic&quot;}\">\n\t\t\t\t\t\t<div class=\"elementor-container elementor-column-gap-default\">\n\t\t\t\t\t<div class=\"elementor-column elementor-col-50 elementor-top-column elementor-element elementor-element-07366b3\" data-id=\"07366b3\" data-element_type=\"column\">\n\t\t\t<div class=\"elementor-widget-wrap elementor-element-populated\">\n\t\t\t\t\t\t<div class=\"elementor-element elementor-element-6041bfa elementor-widget elementor-widget-spacer\" data-id=\"6041bfa\" data-element_type=\"widget\" data-widget_type=\"spacer.default\">\n\t\t\t\t<div class=\"elementor-widget-container\">\n\t\t\t\t\t\t\t<div class=\"elementor-spacer\">\n\t\t\t<div class=\"elementor-spacer-inner\"><\/div>\n\t\t<\/div>\n\t\t\t\t\t\t<\/div>\n\t\t\t\t<\/div>\n\t\t\t\t<div class=\"elementor-element elementor-element-dc06237 elementor-widget elementor-widget-heading\" data-id=\"dc06237\" data-element_type=\"widget\" data-widget_type=\"heading.default\">\n\t\t\t\t<div class=\"elementor-widget-container\">\n\t\t\t\t\t<h2 class=\"elementor-heading-title elementor-size-default\">#YESAPI - Conditions G\u00e9n\u00e9rales<\/h2>\t\t\t\t<\/div>\n\t\t\t\t<\/div>\n\t\t\t\t\t<\/div>\n\t\t<\/div>\n\t\t\t\t<div class=\"elementor-column elementor-col-50 elementor-top-column elementor-element elementor-element-568109d\" data-id=\"568109d\" data-element_type=\"column\">\n\t\t\t<div class=\"elementor-widget-wrap elementor-element-populated\">\n\t\t\t\t\t\t<div class=\"elementor-element elementor-element-ef50bcc elementor-widget elementor-widget-image\" data-id=\"ef50bcc\" data-element_type=\"widget\" data-widget_type=\"image.default\">\n\t\t\t\t<div class=\"elementor-widget-container\">\n\t\t\t\t\t\t\t\t\t\t\t\t\t\t\t<img fetchpriority=\"high\" decoding=\"async\" width=\"812\" height=\"442\" src=\"https:\/\/www.beefeed.com\/wp-content\/uploads\/2019\/05\/Cropped_HEX_products2-1024x558.jpg\" class=\"attachment-large size-large wp-image-1665\" alt=\"Two working bees\" srcset=\"https:\/\/www.beefeed.com\/wp-content\/uploads\/2019\/05\/Cropped_HEX_products2-1024x558.jpg 1024w, https:\/\/www.beefeed.com\/wp-content\/uploads\/2019\/05\/Cropped_HEX_products2-300x163.jpg 300w, https:\/\/www.beefeed.com\/wp-content\/uploads\/2019\/05\/Cropped_HEX_products2-768x418.jpg 768w, https:\/\/www.beefeed.com\/wp-content\/uploads\/2019\/05\/Cropped_HEX_products2.jpg 1440w\" sizes=\"(max-width: 812px) 100vw, 812px\" \/>\t\t\t\t\t\t\t\t\t\t\t\t\t\t\t<\/div>\n\t\t\t\t<\/div>\n\t\t\t\t\t<\/div>\n\t\t<\/div>\n\t\t\t\t\t<\/div>\n\t\t<\/section>\n\t\t\t\t<section class=\"elementor-section elementor-top-section elementor-element elementor-element-c1a0b41 elementor-section-stretched elementor-section-content-top api-section elementor-section-boxed elementor-section-height-default elementor-section-height-default\" data-id=\"c1a0b41\" data-element_type=\"section\" data-settings=\"{&quot;stretch_section&quot;:&quot;section-stretched&quot;,&quot;background_background&quot;:&quot;classic&quot;}\">\n\t\t\t\t\t\t<div class=\"elementor-container elementor-column-gap-default\">\n\t\t\t\t\t<div class=\"elementor-column elementor-col-66 elementor-top-column elementor-element elementor-element-7e842b3 api-section-column\" data-id=\"7e842b3\" data-element_type=\"column\">\n\t\t\t<div class=\"elementor-widget-wrap elementor-element-populated\">\n\t\t\t\t\t\t<div class=\"elementor-element elementor-element-caf5eee elementor-widget elementor-widget-spacer\" data-id=\"caf5eee\" data-element_type=\"widget\" data-widget_type=\"spacer.default\">\n\t\t\t\t<div class=\"elementor-widget-container\">\n\t\t\t\t\t\t\t<div class=\"elementor-spacer\">\n\t\t\t<div class=\"elementor-spacer-inner\"><\/div>\n\t\t<\/div>\n\t\t\t\t\t\t<\/div>\n\t\t\t\t<\/div>\n\t\t\t\t<div class=\"elementor-element elementor-element-24c4824 elementor-widget elementor-widget-text-editor\" data-id=\"24c4824\" data-element_type=\"widget\" data-widget_type=\"text-editor.default\">\n\t\t\t\t<div class=\"elementor-widget-container\">\n\t\t\t\t\t\t\t\t\t<p>Nous sommes impatients de vous voir promouvoir la vie des abeilles et les produits API sur les r\u00e9seaux sociaux et nous pouvons vous demander de partager ces images (photos ou vid\u00e9os) sur nos propres canaux. Le canal sur lequel nous publierons les images sera principalement le site Web de API (beefeed.com), mais pourrait \u00e9galement inclure la newsletter de API ou nos propres canaux de m\u00e9dias sociaux.<\/p>\n<p>En acceptant ces termes et conditions et en nous envoyant un #YESAPI en \u00e9change de notre demande d&rsquo;utilisation d&rsquo;une ou plusieurs images personnelles, vous accordez \u00e0 API (S\u00fcdzucker AG) une licence non exclusive, gratuite et mondiale d&rsquo;utilisation et de distribution de votre image \u00e0 des fins de marketing et \u00e0 des fins promotionnelles, y compris le droit de reproduire, distribuer, modifier et \u00e9diter votre image. Vous d\u00e9clarez et garantissez que vous poss\u00e9dez ou contr\u00f4lez les droits sur le mat\u00e9riel que vous soumettez et que vous avez la permission de toute personne apparaissant dans l&rsquo;image. Si des produits d&rsquo;autres marques apparaissent sur la photo et que cette marque est mentionn\u00e9e sur votre photo, nous mentionnerons \u00e9galement cette marque lorsque vous partagerez votre photo. Si d&rsquo;autres marques figuraient sur votre photo mais n&rsquo;\u00e9taient pas mentionn\u00e9es, nous ne pouvons pas non plus mentionner cette marque. Cependant, nous pouvons ajouter une mention \u00e0 tout moment sur simple demande. L\u2019 image reste votre propri\u00e9t\u00e9 \u00e0 tout moment et l&rsquo;autorisation peut \u00eatre r\u00e9voqu\u00e9e.<\/p>\n<p><strong>Retirer l&rsquo;autorisation<\/strong><\/p>\n<p>Si vous souhaitez r\u00e9voquer votre consentement, vous pouvez nous envoyer un courriel \u00e0 dominique.demets@suedzuckergroup.com et nous supprimerons votre image de nos canaux num\u00e9riques dans les 14 jours. Si nous avons utilis\u00e9 votre image dans notre newsletter, il ne sera pas possible de supprimer l\u2019 image, mais nous ne l&rsquo;utiliserons pas \u00e0 l&rsquo;avenir.<\/p>\n<p><a href=\"\/fr\/privacy\/\"><span style=\"text-decoration: underline;\">Notre politique de confidentialit\u00e9 peut \u00eatre consult\u00e9e ici.<\/span><\/a><\/p>\n\t\t\t\t\t\t\t\t<\/div>\n\t\t\t\t<\/div>\n\t\t\t\t\t<\/div>\n\t\t<\/div>\n\t\t\t\t<div class=\"elementor-column elementor-col-33 elementor-top-column elementor-element elementor-element-f11638f\" data-id=\"f11638f\" data-element_type=\"column\">\n\t\t\t<div class=\"elementor-widget-wrap\">\n\t\t\t\t\t\t\t<\/div>\n\t\t<\/div>\n\t\t\t\t\t<\/div>\n\t\t<\/section>\n\t\t\t\t<\/div>\n\t\t","protected":false},"excerpt":{"rendered":"<p>#YESAPI &#8211; Conditions G\u00e9n\u00e9rales #YESAPI &#8211; Conditions G\u00e9n\u00e9rales Nous sommes impatients de vous voir promouvoir la vie des abeilles et les produits API sur les r\u00e9seaux sociaux et nous pouvons vous demander de partager ces images (photos ou vid\u00e9os) sur nos propres canaux. Le canal sur lequel nous publierons les images sera principalement le site [&hellip;]<\/p>\n","protected":false},"author":1,"featured_media":0,"parent":0,"menu_order":0,"comment_status":"closed","ping_status":"closed","template":"elementor_header_footer","meta":{"_acf_changed":false,"_mc_calendar":[],"footnotes":"","_links_to":"","_links_to_target":"","_wp_rev_ctl_limit":""},"class_list":["post-10110","page","type-page","status-publish","hentry"],"acf":[],"yoast_head":"<!-- This site is optimized with the Yoast SEO Premium plugin v25.6 (Yoast SEO v25.6) - https:\/\/yoast.com\/wordpress\/plugins\/seo\/ -->\n<title>API - #YESAPI - Conditions G\u00e9n\u00e9rales<\/title>\n<meta name=\"robots\" content=\"index, follow, max-snippet:-1, max-image-preview:large, max-video-preview:-1\" \/>\n<link rel=\"canonical\" href=\"https:\/\/www.beefeed.com\/fr\/yesapi-conditions-generales\/\" \/>\n<meta property=\"og:locale\" content=\"fr_FR\" \/>\n<meta property=\"og:type\" content=\"article\" \/>\n<meta property=\"og:title\" content=\"#YESAPI - Conditions G\u00e9n\u00e9rales\" \/>\n<meta property=\"og:description\" content=\"#YESAPI &#8211; Conditions G\u00e9n\u00e9rales #YESAPI &#8211; Conditions G\u00e9n\u00e9rales Nous sommes impatients de vous voir promouvoir la vie des abeilles et les produits API sur les r\u00e9seaux sociaux et nous pouvons vous demander de partager ces images (photos ou vid\u00e9os) sur nos propres canaux. Le canal sur lequel nous publierons les images sera principalement le site [&hellip;]\" \/>\n<meta property=\"og:url\" content=\"https:\/\/www.beefeed.com\/fr\/yesapi-conditions-generales\/\" \/>\n<meta property=\"og:site_name\" content=\"API\" \/>\n<meta property=\"article:modified_time\" content=\"2021-12-13T11:14:15+00:00\" \/>\n<meta property=\"og:image\" content=\"https:\/\/www.beefeed.com\/wp-content\/uploads\/2019\/05\/Cropped_HEX_products2-1024x558.jpg\" \/>\n<meta name=\"twitter:card\" content=\"summary_large_image\" \/>\n<meta name=\"twitter:label1\" content=\"Dur\u00e9e de lecture estim\u00e9e\" \/>\n\t<meta name=\"twitter:data1\" content=\"2 minutes\" \/>\n<script type=\"application\/ld+json\" class=\"yoast-schema-graph\">{\"@context\":\"https:\/\/schema.org\",\"@graph\":[{\"@type\":\"WebPage\",\"@id\":\"https:\/\/www.beefeed.com\/fr\/yesapi-conditions-generales\/\",\"url\":\"https:\/\/www.beefeed.com\/fr\/yesapi-conditions-generales\/\",\"name\":\"API - #YESAPI - Conditions G\u00e9n\u00e9rales\",\"isPartOf\":{\"@id\":\"https:\/\/www.beefeed.com\/fr\/#website\"},\"primaryImageOfPage\":{\"@id\":\"https:\/\/www.beefeed.com\/fr\/yesapi-conditions-generales\/#primaryimage\"},\"image\":{\"@id\":\"https:\/\/www.beefeed.com\/fr\/yesapi-conditions-generales\/#primaryimage\"},\"thumbnailUrl\":\"https:\/\/www.beefeed.com\/wp-content\/uploads\/2019\/05\/Cropped_HEX_products2-1024x558.jpg\",\"datePublished\":\"2021-12-13T11:14:14+00:00\",\"dateModified\":\"2021-12-13T11:14:15+00:00\",\"breadcrumb\":{\"@id\":\"https:\/\/www.beefeed.com\/fr\/yesapi-conditions-generales\/#breadcrumb\"},\"inLanguage\":\"fr-FR\",\"potentialAction\":[{\"@type\":\"ReadAction\",\"target\":[\"https:\/\/www.beefeed.com\/fr\/yesapi-conditions-generales\/\"]}]},{\"@type\":\"ImageObject\",\"inLanguage\":\"fr-FR\",\"@id\":\"https:\/\/www.beefeed.com\/fr\/yesapi-conditions-generales\/#primaryimage\",\"url\":\"https:\/\/www.beefeed.com\/wp-content\/uploads\/2019\/05\/Cropped_HEX_products2-1024x558.jpg\",\"contentUrl\":\"https:\/\/www.beefeed.com\/wp-content\/uploads\/2019\/05\/Cropped_HEX_products2-1024x558.jpg\"},{\"@type\":\"BreadcrumbList\",\"@id\":\"https:\/\/www.beefeed.com\/fr\/yesapi-conditions-generales\/#breadcrumb\",\"itemListElement\":[{\"@type\":\"ListItem\",\"position\":1,\"name\":\"Home\",\"item\":\"https:\/\/www.beefeed.com\/fr\/\"},{\"@type\":\"ListItem\",\"position\":2,\"name\":\"#YESAPI &#8211; Conditions G\u00e9n\u00e9rales\"}]},{\"@type\":\"WebSite\",\"@id\":\"https:\/\/www.beefeed.com\/fr\/#website\",\"url\":\"https:\/\/www.beefeed.com\/fr\/\",\"name\":\"API\",\"description\":\"\",\"publisher\":{\"@id\":\"https:\/\/www.beefeed.com\/fr\/#organization\"},\"potentialAction\":[{\"@type\":\"SearchAction\",\"target\":{\"@type\":\"EntryPoint\",\"urlTemplate\":\"https:\/\/www.beefeed.com\/fr\/?s={search_term_string}\"},\"query-input\":{\"@type\":\"PropertyValueSpecification\",\"valueRequired\":true,\"valueName\":\"search_term_string\"}}],\"inLanguage\":\"fr-FR\"},{\"@type\":\"Organization\",\"@id\":\"https:\/\/www.beefeed.com\/fr\/#organization\",\"name\":\"Suedzucker AG\",\"url\":\"https:\/\/www.beefeed.com\/fr\/\",\"logo\":{\"@type\":\"ImageObject\",\"inLanguage\":\"fr-FR\",\"@id\":\"https:\/\/www.beefeed.com\/fr\/#\/schema\/logo\/image\/\",\"url\":\"https:\/\/www.beefeed.com\/wp-content\/uploads\/2019\/06\/Logo-API-e1560863497158.png\",\"contentUrl\":\"https:\/\/www.beefeed.com\/wp-content\/uploads\/2019\/06\/Logo-API-e1560863497158.png\",\"width\":1772,\"height\":1890,\"caption\":\"Suedzucker AG\"},\"image\":{\"@id\":\"https:\/\/www.beefeed.com\/fr\/#\/schema\/logo\/image\/\"}}]}<\/script>\n<!-- \/ Yoast SEO Premium plugin. -->","yoast_head_json":{"title":"API - #YESAPI - Conditions G\u00e9n\u00e9rales","robots":{"index":"index","follow":"follow","max-snippet":"max-snippet:-1","max-image-preview":"max-image-preview:large","max-video-preview":"max-video-preview:-1"},"canonical":"https:\/\/www.beefeed.com\/fr\/yesapi-conditions-generales\/","og_locale":"fr_FR","og_type":"article","og_title":"#YESAPI - Conditions G\u00e9n\u00e9rales","og_description":"#YESAPI &#8211; Conditions G\u00e9n\u00e9rales #YESAPI &#8211; Conditions G\u00e9n\u00e9rales Nous sommes impatients de vous voir promouvoir la vie des abeilles et les produits API sur les r\u00e9seaux sociaux et nous pouvons vous demander de partager ces images (photos ou vid\u00e9os) sur nos propres canaux. Le canal sur lequel nous publierons les images sera principalement le site [&hellip;]","og_url":"https:\/\/www.beefeed.com\/fr\/yesapi-conditions-generales\/","og_site_name":"API","article_modified_time":"2021-12-13T11:14:15+00:00","og_image":[{"url":"https:\/\/www.beefeed.com\/wp-content\/uploads\/2019\/05\/Cropped_HEX_products2-1024x558.jpg","type":"","width":"","height":""}],"twitter_card":"summary_large_image","twitter_misc":{"Dur\u00e9e de lecture estim\u00e9e":"2 minutes"},"schema":{"@context":"https:\/\/schema.org","@graph":[{"@type":"WebPage","@id":"https:\/\/www.beefeed.com\/fr\/yesapi-conditions-generales\/","url":"https:\/\/www.beefeed.com\/fr\/yesapi-conditions-generales\/","name":"API - #YESAPI - Conditions G\u00e9n\u00e9rales","isPartOf":{"@id":"https:\/\/www.beefeed.com\/fr\/#website"},"primaryImageOfPage":{"@id":"https:\/\/www.beefeed.com\/fr\/yesapi-conditions-generales\/#primaryimage"},"image":{"@id":"https:\/\/www.beefeed.com\/fr\/yesapi-conditions-generales\/#primaryimage"},"thumbnailUrl":"https:\/\/www.beefeed.com\/wp-content\/uploads\/2019\/05\/Cropped_HEX_products2-1024x558.jpg","datePublished":"2021-12-13T11:14:14+00:00","dateModified":"2021-12-13T11:14:15+00:00","breadcrumb":{"@id":"https:\/\/www.beefeed.com\/fr\/yesapi-conditions-generales\/#breadcrumb"},"inLanguage":"fr-FR","potentialAction":[{"@type":"ReadAction","target":["https:\/\/www.beefeed.com\/fr\/yesapi-conditions-generales\/"]}]},{"@type":"ImageObject","inLanguage":"fr-FR","@id":"https:\/\/www.beefeed.com\/fr\/yesapi-conditions-generales\/#primaryimage","url":"https:\/\/www.beefeed.com\/wp-content\/uploads\/2019\/05\/Cropped_HEX_products2-1024x558.jpg","contentUrl":"https:\/\/www.beefeed.com\/wp-content\/uploads\/2019\/05\/Cropped_HEX_products2-1024x558.jpg"},{"@type":"BreadcrumbList","@id":"https:\/\/www.beefeed.com\/fr\/yesapi-conditions-generales\/#breadcrumb","itemListElement":[{"@type":"ListItem","position":1,"name":"Home","item":"https:\/\/www.beefeed.com\/fr\/"},{"@type":"ListItem","position":2,"name":"#YESAPI &#8211; Conditions G\u00e9n\u00e9rales"}]},{"@type":"WebSite","@id":"https:\/\/www.beefeed.com\/fr\/#website","url":"https:\/\/www.beefeed.com\/fr\/","name":"API","description":"","publisher":{"@id":"https:\/\/www.beefeed.com\/fr\/#organization"},"potentialAction":[{"@type":"SearchAction","target":{"@type":"EntryPoint","urlTemplate":"https:\/\/www.beefeed.com\/fr\/?s={search_term_string}"},"query-input":{"@type":"PropertyValueSpecification","valueRequired":true,"valueName":"search_term_string"}}],"inLanguage":"fr-FR"},{"@type":"Organization","@id":"https:\/\/www.beefeed.com\/fr\/#organization","name":"Suedzucker AG","url":"https:\/\/www.beefeed.com\/fr\/","logo":{"@type":"ImageObject","inLanguage":"fr-FR","@id":"https:\/\/www.beefeed.com\/fr\/#\/schema\/logo\/image\/","url":"https:\/\/www.beefeed.com\/wp-content\/uploads\/2019\/06\/Logo-API-e1560863497158.png","contentUrl":"https:\/\/www.beefeed.com\/wp-content\/uploads\/2019\/06\/Logo-API-e1560863497158.png","width":1772,"height":1890,"caption":"Suedzucker AG"},"image":{"@id":"https:\/\/www.beefeed.com\/fr\/#\/schema\/logo\/image\/"}}]}},"_links":{"self":[{"href":"https:\/\/www.beefeed.com\/fr\/wp-json\/wp\/v2\/pages\/10110","targetHints":{"allow":["GET"]}}],"collection":[{"href":"https:\/\/www.beefeed.com\/fr\/wp-json\/wp\/v2\/pages"}],"about":[{"href":"https:\/\/www.beefeed.com\/fr\/wp-json\/wp\/v2\/types\/page"}],"author":[{"embeddable":true,"href":"https:\/\/www.beefeed.com\/fr\/wp-json\/wp\/v2\/users\/1"}],"replies":[{"embeddable":true,"href":"https:\/\/www.beefeed.com\/fr\/wp-json\/wp\/v2\/comments?post=10110"}],"version-history":[{"count":0,"href":"https:\/\/www.beefeed.com\/fr\/wp-json\/wp\/v2\/pages\/10110\/revisions"}],"wp:attachment":[{"href":"https:\/\/www.beefeed.com\/fr\/wp-json\/wp\/v2\/media?parent=10110"}],"curies":[{"name":"wp","href":"https:\/\/api.w.org\/{rel}","templated":true}]}}