{"id":11267,"date":"2022-05-25T09:49:28","date_gmt":"2022-05-25T07:49:28","guid":{"rendered":"https:\/\/www.beefeed.com\/mentions-legales\/"},"modified":"2025-10-02T08:45:41","modified_gmt":"2025-10-02T06:45:41","slug":"mentions-legales","status":"publish","type":"page","link":"https:\/\/www.beefeed.com\/fr\/mentions-legales\/","title":{"rendered":"Mentions l\u00e9gales"},"content":{"rendered":"\t\t<div data-elementor-type=\"wp-page\" data-elementor-id=\"11267\" class=\"elementor elementor-11267 elementor-11260\" data-elementor-post-type=\"page\">\n\t\t\t\t\t\t<section class=\"elementor-section elementor-top-section elementor-element elementor-element-0b93cdd elementor-section-stretched elementor-section-content-top elementor-section-boxed elementor-section-height-default elementor-section-height-default\" data-id=\"0b93cdd\" data-element_type=\"section\" data-settings=\"{&quot;stretch_section&quot;:&quot;section-stretched&quot;,&quot;background_background&quot;:&quot;classic&quot;}\">\n\t\t\t\t\t\t<div class=\"elementor-container elementor-column-gap-default\">\n\t\t\t\t\t<div class=\"elementor-column elementor-col-50 elementor-top-column elementor-element elementor-element-1d97f75\" data-id=\"1d97f75\" data-element_type=\"column\">\n\t\t\t<div class=\"elementor-widget-wrap elementor-element-populated\">\n\t\t\t\t\t\t<div class=\"elementor-element elementor-element-00b3922 elementor-widget elementor-widget-spacer\" data-id=\"00b3922\" data-element_type=\"widget\" data-widget_type=\"spacer.default\">\n\t\t\t\t<div class=\"elementor-widget-container\">\n\t\t\t\t\t\t\t<div class=\"elementor-spacer\">\n\t\t\t<div class=\"elementor-spacer-inner\"><\/div>\n\t\t<\/div>\n\t\t\t\t\t\t<\/div>\n\t\t\t\t<\/div>\n\t\t\t\t<div class=\"elementor-element elementor-element-a3067d7 elementor-widget elementor-widget-heading\" data-id=\"a3067d7\" data-element_type=\"widget\" data-widget_type=\"heading.default\">\n\t\t\t\t<div class=\"elementor-widget-container\">\n\t\t\t\t\t<h1 class=\"elementor-heading-title elementor-size-default\">Mentions l\u00e9gales<\/h1>\t\t\t\t<\/div>\n\t\t\t\t<\/div>\n\t\t\t\t\t<\/div>\n\t\t<\/div>\n\t\t\t\t<div class=\"elementor-column elementor-col-50 elementor-top-column elementor-element elementor-element-d96a2cf\" data-id=\"d96a2cf\" data-element_type=\"column\">\n\t\t\t<div class=\"elementor-widget-wrap elementor-element-populated\">\n\t\t\t\t\t\t<div class=\"elementor-element elementor-element-a683cfb elementor-hidden-mobile elementor-widget elementor-widget-image\" data-id=\"a683cfb\" data-element_type=\"widget\" data-widget_type=\"image.default\">\n\t\t\t\t<div class=\"elementor-widget-container\">\n\t\t\t\t\t\t\t\t\t\t\t\t\t\t\t<img fetchpriority=\"high\" decoding=\"async\" width=\"812\" height=\"442\" src=\"https:\/\/www.beefeed.com\/wp-content\/uploads\/2021\/11\/Cropped_HEX_Library2-1024x558.jpg\" class=\"attachment-large size-large wp-image-9823\" alt=\"\" srcset=\"https:\/\/www.beefeed.com\/wp-content\/uploads\/2021\/11\/Cropped_HEX_Library2-1024x558.jpg 1024w, https:\/\/www.beefeed.com\/wp-content\/uploads\/2021\/11\/Cropped_HEX_Library2-300x163.jpg 300w, https:\/\/www.beefeed.com\/wp-content\/uploads\/2021\/11\/Cropped_HEX_Library2-768x418.jpg 768w, https:\/\/www.beefeed.com\/wp-content\/uploads\/2021\/11\/Cropped_HEX_Library2.jpg 1140w\" sizes=\"(max-width: 812px) 100vw, 812px\" \/>\t\t\t\t\t\t\t\t\t\t\t\t\t\t\t<\/div>\n\t\t\t\t<\/div>\n\t\t\t\t\t<\/div>\n\t\t<\/div>\n\t\t\t\t\t<\/div>\n\t\t<\/section>\n\t\t\t\t<section class=\"elementor-section elementor-top-section elementor-element elementor-element-e0dbc23 elementor-section-boxed elementor-section-height-default elementor-section-height-default\" data-id=\"e0dbc23\" data-element_type=\"section\">\n\t\t\t\t\t\t<div class=\"elementor-container elementor-column-gap-default\">\n\t\t\t\t\t<div class=\"elementor-column elementor-col-100 elementor-top-column elementor-element elementor-element-edd43aa\" data-id=\"edd43aa\" data-element_type=\"column\">\n\t\t\t<div class=\"elementor-widget-wrap elementor-element-populated\">\n\t\t\t\t\t\t<div class=\"elementor-element elementor-element-fca3a5e elementor-widget elementor-widget-text-editor\" data-id=\"fca3a5e\" data-element_type=\"widget\" data-widget_type=\"text-editor.default\">\n\t\t\t\t<div class=\"elementor-widget-container\">\n\t\t\t\t\t\t\t\t\t<p>S\u00fcdzucker AG<br \/>GBZV Marketing<br \/>Geert Van Aelst<br \/>Maximilianstra\u00dfe 10<br \/>68165 Mannheim, Allemagne<\/p><p>T\u00e9l\u00e9phone : +49(0)621\/421-0<br \/>Fax : +49(0)621\/421-393<br \/>E-mail : info@suedzuckergroup.com<\/p><p>Pr\u00e9sident du Conseil de Surveillance<br \/>Dr. Stefan Streng<\/p><p>Directoire<br \/>Niels P\u00f6rksen (pr\u00e9sident),\u00a0Stephan B\u00fcttner, Dr. Theresa von Fugler, Hans-Peter Gai, Dr. Stephan Meeder<\/p><p>Site de la soci\u00e9t\u00e9<br \/>Mannheim<\/p><p>Cour de Immatriculation<br \/>Tribunal de District de Mannheim, n\u00b0 HRB 0042<\/p><p>Taxe sur le chiffre d\u2019affaires, N\u00b0 de TVA<br \/>DE 143837220<\/p>\t\t\t\t\t\t\t\t<\/div>\n\t\t\t\t<\/div>\n\t\t\t\t<div class=\"elementor-element elementor-element-94695cb elementor-widget elementor-widget-html\" data-id=\"94695cb\" data-element_type=\"widget\" data-widget_type=\"html.default\">\n\t\t\t\t<div class=\"elementor-widget-container\">\n\t\t\t\t\t<script>\n\/\/Block cookie bar on legal pages\n\nconsole.log(\"Banner blocker script loaded\");\nwindow.addEventListener(\"CookiebotOnDialogInit\", function () {\n  if (!Cookiebot.consented) {\n    Cookiebot.submitCustomConsent(!1, !1, !1);\n    window.addEventListener(\"CookiebotOnConsentReady\", function () {\n      Cookiebot.deleteConsentCookie();\n    });\n  }\n});\n<\/script>\t\t\t\t<\/div>\n\t\t\t\t<\/div>\n\t\t\t\t\t<\/div>\n\t\t<\/div>\n\t\t\t\t\t<\/div>\n\t\t<\/section>\n\t\t\t\t<\/div>\n\t\t","protected":false},"excerpt":{"rendered":"<p>S\u00fcdzucker AGGBZV MarketingGeert Van AelstMaximilianstra\u00dfe 1068165 Mannheim, Allemagne T\u00e9l\u00e9phone : +49(0)621\/421-0Fax : +49(0)621\/421-393E-mail : info@suedzuckergroup.com Pr\u00e9sident du Conseil de SurveillanceDr. Stefan Streng DirectoireNiels P\u00f6rksen (pr\u00e9sident),\u00a0Stephan B\u00fcttner, Dr. Theresa von Fugler, Hans-Peter Gai, Dr. Stephan Meeder Site de la soci\u00e9t\u00e9Mannheim Cour de ImmatriculationTribunal de District de Mannheim, n\u00b0 HRB 0042 Taxe sur le chiffre d\u2019affaires, N\u00b0 [&hellip;]<\/p>\n","protected":false},"author":1,"featured_media":0,"parent":0,"menu_order":0,"comment_status":"closed","ping_status":"closed","template":"elementor_header_footer","meta":{"_acf_changed":false,"_mc_calendar":[],"footnotes":"","_links_to":"","_links_to_target":"","_wp_rev_ctl_limit":""},"class_list":["post-11267","page","type-page","status-publish","hentry"],"acf":[],"yoast_head":"<!-- This site is optimized with the Yoast SEO Premium plugin v25.6 (Yoast SEO v25.6) - https:\/\/yoast.com\/wordpress\/plugins\/seo\/ -->\n<title>API - Mentions l\u00e9gales<\/title>\n<meta name=\"robots\" content=\"index, follow, max-snippet:-1, max-image-preview:large, max-video-preview:-1\" \/>\n<link rel=\"canonical\" href=\"https:\/\/www.beefeed.com\/fr\/mentions-legales\/\" \/>\n<meta property=\"og:locale\" content=\"fr_FR\" \/>\n<meta property=\"og:type\" content=\"article\" \/>\n<meta property=\"og:title\" content=\"Mentions l\u00e9gales\" \/>\n<meta property=\"og:description\" content=\"S\u00fcdzucker AGGBZV MarketingGeert Van AelstMaximilianstra\u00dfe 1068165 Mannheim, Allemagne T\u00e9l\u00e9phone : +49(0)621\/421-0Fax : +49(0)621\/421-393E-mail : info@suedzuckergroup.com Pr\u00e9sident du Conseil de SurveillanceDr. Stefan Streng DirectoireNiels P\u00f6rksen (pr\u00e9sident),\u00a0Stephan B\u00fcttner, Dr. Theresa von Fugler, Hans-Peter Gai, Dr. Stephan Meeder Site de la soci\u00e9t\u00e9Mannheim Cour de ImmatriculationTribunal de District de Mannheim, n\u00b0 HRB 0042 Taxe sur le chiffre d\u2019affaires, N\u00b0 [&hellip;]\" \/>\n<meta property=\"og:url\" content=\"https:\/\/www.beefeed.com\/fr\/mentions-legales\/\" \/>\n<meta property=\"og:site_name\" content=\"API\" \/>\n<meta property=\"article:modified_time\" content=\"2025-10-02T06:45:41+00:00\" \/>\n<meta property=\"og:image\" content=\"https:\/\/www.beefeed.com\/wp-content\/uploads\/2021\/11\/Cropped_HEX_Library2.jpg\" \/>\n\t<meta property=\"og:image:width\" content=\"1140\" \/>\n\t<meta property=\"og:image:height\" content=\"621\" \/>\n\t<meta property=\"og:image:type\" content=\"image\/jpeg\" \/>\n<meta name=\"twitter:card\" content=\"summary_large_image\" \/>\n<meta name=\"twitter:label1\" content=\"Dur\u00e9e de lecture estim\u00e9e\" \/>\n\t<meta name=\"twitter:data1\" content=\"1 minute\" \/>\n<script type=\"application\/ld+json\" class=\"yoast-schema-graph\">{\"@context\":\"https:\/\/schema.org\",\"@graph\":[{\"@type\":\"WebPage\",\"@id\":\"https:\/\/www.beefeed.com\/fr\/mentions-legales\/\",\"url\":\"https:\/\/www.beefeed.com\/fr\/mentions-legales\/\",\"name\":\"API - Mentions l\u00e9gales\",\"isPartOf\":{\"@id\":\"https:\/\/www.beefeed.com\/fr\/#website\"},\"primaryImageOfPage\":{\"@id\":\"https:\/\/www.beefeed.com\/fr\/mentions-legales\/#primaryimage\"},\"image\":{\"@id\":\"https:\/\/www.beefeed.com\/fr\/mentions-legales\/#primaryimage\"},\"thumbnailUrl\":\"https:\/\/www.beefeed.com\/wp-content\/uploads\/2021\/11\/Cropped_HEX_Library2-1024x558.jpg\",\"datePublished\":\"2022-05-25T07:49:28+00:00\",\"dateModified\":\"2025-10-02T06:45:41+00:00\",\"breadcrumb\":{\"@id\":\"https:\/\/www.beefeed.com\/fr\/mentions-legales\/#breadcrumb\"},\"inLanguage\":\"fr-FR\",\"potentialAction\":[{\"@type\":\"ReadAction\",\"target\":[\"https:\/\/www.beefeed.com\/fr\/mentions-legales\/\"]}]},{\"@type\":\"ImageObject\",\"inLanguage\":\"fr-FR\",\"@id\":\"https:\/\/www.beefeed.com\/fr\/mentions-legales\/#primaryimage\",\"url\":\"https:\/\/www.beefeed.com\/wp-content\/uploads\/2021\/11\/Cropped_HEX_Library2-1024x558.jpg\",\"contentUrl\":\"https:\/\/www.beefeed.com\/wp-content\/uploads\/2021\/11\/Cropped_HEX_Library2-1024x558.jpg\"},{\"@type\":\"BreadcrumbList\",\"@id\":\"https:\/\/www.beefeed.com\/fr\/mentions-legales\/#breadcrumb\",\"itemListElement\":[{\"@type\":\"ListItem\",\"position\":1,\"name\":\"Home\",\"item\":\"https:\/\/www.beefeed.com\/fr\/\"},{\"@type\":\"ListItem\",\"position\":2,\"name\":\"Mentions l\u00e9gales\"}]},{\"@type\":\"WebSite\",\"@id\":\"https:\/\/www.beefeed.com\/fr\/#website\",\"url\":\"https:\/\/www.beefeed.com\/fr\/\",\"name\":\"API\",\"description\":\"\",\"publisher\":{\"@id\":\"https:\/\/www.beefeed.com\/fr\/#organization\"},\"potentialAction\":[{\"@type\":\"SearchAction\",\"target\":{\"@type\":\"EntryPoint\",\"urlTemplate\":\"https:\/\/www.beefeed.com\/fr\/?s={search_term_string}\"},\"query-input\":{\"@type\":\"PropertyValueSpecification\",\"valueRequired\":true,\"valueName\":\"search_term_string\"}}],\"inLanguage\":\"fr-FR\"},{\"@type\":\"Organization\",\"@id\":\"https:\/\/www.beefeed.com\/fr\/#organization\",\"name\":\"Suedzucker AG\",\"url\":\"https:\/\/www.beefeed.com\/fr\/\",\"logo\":{\"@type\":\"ImageObject\",\"inLanguage\":\"fr-FR\",\"@id\":\"https:\/\/www.beefeed.com\/fr\/#\/schema\/logo\/image\/\",\"url\":\"https:\/\/www.beefeed.com\/wp-content\/uploads\/2019\/06\/Logo-API-e1560863497158.png\",\"contentUrl\":\"https:\/\/www.beefeed.com\/wp-content\/uploads\/2019\/06\/Logo-API-e1560863497158.png\",\"width\":1772,\"height\":1890,\"caption\":\"Suedzucker AG\"},\"image\":{\"@id\":\"https:\/\/www.beefeed.com\/fr\/#\/schema\/logo\/image\/\"}}]}<\/script>\n<!-- \/ Yoast SEO Premium plugin. -->","yoast_head_json":{"title":"API - Mentions l\u00e9gales","robots":{"index":"index","follow":"follow","max-snippet":"max-snippet:-1","max-image-preview":"max-image-preview:large","max-video-preview":"max-video-preview:-1"},"canonical":"https:\/\/www.beefeed.com\/fr\/mentions-legales\/","og_locale":"fr_FR","og_type":"article","og_title":"Mentions l\u00e9gales","og_description":"S\u00fcdzucker AGGBZV MarketingGeert Van AelstMaximilianstra\u00dfe 1068165 Mannheim, Allemagne T\u00e9l\u00e9phone : +49(0)621\/421-0Fax : +49(0)621\/421-393E-mail : info@suedzuckergroup.com Pr\u00e9sident du Conseil de SurveillanceDr. Stefan Streng DirectoireNiels P\u00f6rksen (pr\u00e9sident),\u00a0Stephan B\u00fcttner, Dr. Theresa von Fugler, Hans-Peter Gai, Dr. Stephan Meeder Site de la soci\u00e9t\u00e9Mannheim Cour de ImmatriculationTribunal de District de Mannheim, n\u00b0 HRB 0042 Taxe sur le chiffre d\u2019affaires, N\u00b0 [&hellip;]","og_url":"https:\/\/www.beefeed.com\/fr\/mentions-legales\/","og_site_name":"API","article_modified_time":"2025-10-02T06:45:41+00:00","og_image":[{"width":1140,"height":621,"url":"https:\/\/www.beefeed.com\/wp-content\/uploads\/2021\/11\/Cropped_HEX_Library2.jpg","type":"image\/jpeg"}],"twitter_card":"summary_large_image","twitter_misc":{"Dur\u00e9e de lecture estim\u00e9e":"1 minute"},"schema":{"@context":"https:\/\/schema.org","@graph":[{"@type":"WebPage","@id":"https:\/\/www.beefeed.com\/fr\/mentions-legales\/","url":"https:\/\/www.beefeed.com\/fr\/mentions-legales\/","name":"API - Mentions l\u00e9gales","isPartOf":{"@id":"https:\/\/www.beefeed.com\/fr\/#website"},"primaryImageOfPage":{"@id":"https:\/\/www.beefeed.com\/fr\/mentions-legales\/#primaryimage"},"image":{"@id":"https:\/\/www.beefeed.com\/fr\/mentions-legales\/#primaryimage"},"thumbnailUrl":"https:\/\/www.beefeed.com\/wp-content\/uploads\/2021\/11\/Cropped_HEX_Library2-1024x558.jpg","datePublished":"2022-05-25T07:49:28+00:00","dateModified":"2025-10-02T06:45:41+00:00","breadcrumb":{"@id":"https:\/\/www.beefeed.com\/fr\/mentions-legales\/#breadcrumb"},"inLanguage":"fr-FR","potentialAction":[{"@type":"ReadAction","target":["https:\/\/www.beefeed.com\/fr\/mentions-legales\/"]}]},{"@type":"ImageObject","inLanguage":"fr-FR","@id":"https:\/\/www.beefeed.com\/fr\/mentions-legales\/#primaryimage","url":"https:\/\/www.beefeed.com\/wp-content\/uploads\/2021\/11\/Cropped_HEX_Library2-1024x558.jpg","contentUrl":"https:\/\/www.beefeed.com\/wp-content\/uploads\/2021\/11\/Cropped_HEX_Library2-1024x558.jpg"},{"@type":"BreadcrumbList","@id":"https:\/\/www.beefeed.com\/fr\/mentions-legales\/#breadcrumb","itemListElement":[{"@type":"ListItem","position":1,"name":"Home","item":"https:\/\/www.beefeed.com\/fr\/"},{"@type":"ListItem","position":2,"name":"Mentions l\u00e9gales"}]},{"@type":"WebSite","@id":"https:\/\/www.beefeed.com\/fr\/#website","url":"https:\/\/www.beefeed.com\/fr\/","name":"API","description":"","publisher":{"@id":"https:\/\/www.beefeed.com\/fr\/#organization"},"potentialAction":[{"@type":"SearchAction","target":{"@type":"EntryPoint","urlTemplate":"https:\/\/www.beefeed.com\/fr\/?s={search_term_string}"},"query-input":{"@type":"PropertyValueSpecification","valueRequired":true,"valueName":"search_term_string"}}],"inLanguage":"fr-FR"},{"@type":"Organization","@id":"https:\/\/www.beefeed.com\/fr\/#organization","name":"Suedzucker AG","url":"https:\/\/www.beefeed.com\/fr\/","logo":{"@type":"ImageObject","inLanguage":"fr-FR","@id":"https:\/\/www.beefeed.com\/fr\/#\/schema\/logo\/image\/","url":"https:\/\/www.beefeed.com\/wp-content\/uploads\/2019\/06\/Logo-API-e1560863497158.png","contentUrl":"https:\/\/www.beefeed.com\/wp-content\/uploads\/2019\/06\/Logo-API-e1560863497158.png","width":1772,"height":1890,"caption":"Suedzucker AG"},"image":{"@id":"https:\/\/www.beefeed.com\/fr\/#\/schema\/logo\/image\/"}}]}},"_links":{"self":[{"href":"https:\/\/www.beefeed.com\/fr\/wp-json\/wp\/v2\/pages\/11267","targetHints":{"allow":["GET"]}}],"collection":[{"href":"https:\/\/www.beefeed.com\/fr\/wp-json\/wp\/v2\/pages"}],"about":[{"href":"https:\/\/www.beefeed.com\/fr\/wp-json\/wp\/v2\/types\/page"}],"author":[{"embeddable":true,"href":"https:\/\/www.beefeed.com\/fr\/wp-json\/wp\/v2\/users\/1"}],"replies":[{"embeddable":true,"href":"https:\/\/www.beefeed.com\/fr\/wp-json\/wp\/v2\/comments?post=11267"}],"version-history":[{"count":0,"href":"https:\/\/www.beefeed.com\/fr\/wp-json\/wp\/v2\/pages\/11267\/revisions"}],"wp:attachment":[{"href":"https:\/\/www.beefeed.com\/fr\/wp-json\/wp\/v2\/media?parent=11267"}],"curies":[{"name":"wp","href":"https:\/\/api.w.org\/{rel}","templated":true}]}}