{"id":2283,"date":"2019-06-04T13:11:53","date_gmt":"2019-06-04T13:11:53","guid":{"rendered":"https:\/\/www.beefeed.com\/contactez-nous\/"},"modified":"2022-05-24T11:27:44","modified_gmt":"2022-05-24T09:27:44","slug":"contactez-nous","status":"publish","type":"page","link":"https:\/\/www.beefeed.com\/fr\/contactez-nous\/","title":{"rendered":"Contactez-nous"},"content":{"rendered":"\t\t<div data-elementor-type=\"wp-post\" data-elementor-id=\"2283\" class=\"elementor elementor-2283 elementor-787\" data-elementor-post-type=\"page\">\n\t\t\t\t\t\t<section class=\"elementor-section elementor-top-section elementor-element elementor-element-4d0db1d elementor-hidden-desktop elementor-section-boxed elementor-section-height-default elementor-section-height-default\" data-id=\"4d0db1d\" data-element_type=\"section\" data-settings=\"{&quot;background_background&quot;:&quot;classic&quot;}\">\n\t\t\t\t\t\t<div class=\"elementor-container elementor-column-gap-default\">\n\t\t\t\t\t<div class=\"elementor-column elementor-col-100 elementor-top-column elementor-element elementor-element-e88ff85\" data-id=\"e88ff85\" data-element_type=\"column\">\n\t\t\t<div class=\"elementor-widget-wrap elementor-element-populated\">\n\t\t\t\t\t\t<div class=\"elementor-element elementor-element-c02163e elementor-widget elementor-widget-image\" data-id=\"c02163e\" data-element_type=\"widget\" data-widget_type=\"image.default\">\n\t\t\t\t<div class=\"elementor-widget-container\">\n\t\t\t\t\t\t\t\t\t\t\t\t\t\t\t<img fetchpriority=\"high\" decoding=\"async\" width=\"812\" height=\"442\" src=\"https:\/\/www.beefeed.com\/wp-content\/uploads\/2019\/05\/Cropped_HEX_Contact-1024x558.jpg\" class=\"attachment-large size-large wp-image-1706\" alt=\"Flower and bee\" srcset=\"https:\/\/www.beefeed.com\/wp-content\/uploads\/2019\/05\/Cropped_HEX_Contact-1024x558.jpg 1024w, https:\/\/www.beefeed.com\/wp-content\/uploads\/2019\/05\/Cropped_HEX_Contact-300x163.jpg 300w, https:\/\/www.beefeed.com\/wp-content\/uploads\/2019\/05\/Cropped_HEX_Contact-768x418.jpg 768w, https:\/\/www.beefeed.com\/wp-content\/uploads\/2019\/05\/Cropped_HEX_Contact.jpg 1440w\" sizes=\"(max-width: 812px) 100vw, 812px\" \/>\t\t\t\t\t\t\t\t\t\t\t\t\t\t\t<\/div>\n\t\t\t\t<\/div>\n\t\t\t\t\t<\/div>\n\t\t<\/div>\n\t\t\t\t\t<\/div>\n\t\t<\/section>\n\t\t\t\t<section class=\"elementor-section elementor-top-section elementor-element elementor-element-e9ca128 elementor-section-stretched elementor-section-content-top elementor-hidden-desktop elementor-section-boxed elementor-section-height-default elementor-section-height-default\" data-id=\"e9ca128\" data-element_type=\"section\" data-settings=\"{&quot;stretch_section&quot;:&quot;section-stretched&quot;,&quot;background_background&quot;:&quot;classic&quot;}\">\n\t\t\t\t\t\t<div class=\"elementor-container elementor-column-gap-default\">\n\t\t\t\t\t<div class=\"elementor-column elementor-col-50 elementor-top-column elementor-element elementor-element-36b4e14\" data-id=\"36b4e14\" data-element_type=\"column\">\n\t\t\t<div class=\"elementor-widget-wrap elementor-element-populated\">\n\t\t\t\t\t\t<div class=\"elementor-element elementor-element-9a5127c elementor-widget elementor-widget-spacer\" data-id=\"9a5127c\" data-element_type=\"widget\" data-widget_type=\"spacer.default\">\n\t\t\t\t<div class=\"elementor-widget-container\">\n\t\t\t\t\t\t\t<div class=\"elementor-spacer\">\n\t\t\t<div class=\"elementor-spacer-inner\"><\/div>\n\t\t<\/div>\n\t\t\t\t\t\t<\/div>\n\t\t\t\t<\/div>\n\t\t\t\t<div class=\"elementor-element elementor-element-844e146 elementor-widget elementor-widget-heading\" data-id=\"844e146\" data-element_type=\"widget\" data-widget_type=\"heading.default\">\n\t\t\t\t<div class=\"elementor-widget-container\">\n\t\t\t\t\t<h2 class=\"elementor-heading-title elementor-size-default\">Contactez-nous<\/h2>\t\t\t\t<\/div>\n\t\t\t\t<\/div>\n\t\t\t\t<div class=\"elementor-element elementor-element-09555c6 elementor-widget elementor-widget-text-editor\" data-id=\"09555c6\" data-element_type=\"widget\" data-widget_type=\"text-editor.default\">\n\t\t\t\t<div class=\"elementor-widget-container\">\n\t\t\t\t\t\t\t\t\t<p>Contactez-nous par e-mail pour toute question ou tout commentaire concernant les produits API.<\/p>\n\t\t\t\t\t\t\t\t<\/div>\n\t\t\t\t<\/div>\n\t\t\t\t\t<\/div>\n\t\t<\/div>\n\t\t\t\t<div class=\"elementor-column elementor-col-50 elementor-top-column elementor-element elementor-element-41034ee\" data-id=\"41034ee\" data-element_type=\"column\">\n\t\t\t<div class=\"elementor-widget-wrap\">\n\t\t\t\t\t\t\t<\/div>\n\t\t<\/div>\n\t\t\t\t\t<\/div>\n\t\t<\/section>\n\t\t\t\t<section class=\"elementor-section elementor-top-section elementor-element elementor-element-7ea8754 elementor-section-stretched elementor-section-content-top elementor-hidden-tablet elementor-hidden-phone elementor-section-boxed elementor-section-height-default elementor-section-height-default\" data-id=\"7ea8754\" data-element_type=\"section\" data-settings=\"{&quot;stretch_section&quot;:&quot;section-stretched&quot;,&quot;background_background&quot;:&quot;classic&quot;}\">\n\t\t\t\t\t\t<div class=\"elementor-container elementor-column-gap-default\">\n\t\t\t\t\t<div class=\"elementor-column elementor-col-50 elementor-top-column elementor-element elementor-element-a12498d\" data-id=\"a12498d\" data-element_type=\"column\">\n\t\t\t<div class=\"elementor-widget-wrap elementor-element-populated\">\n\t\t\t\t\t\t<div class=\"elementor-element elementor-element-4062c97 elementor-widget elementor-widget-spacer\" data-id=\"4062c97\" data-element_type=\"widget\" data-widget_type=\"spacer.default\">\n\t\t\t\t<div class=\"elementor-widget-container\">\n\t\t\t\t\t\t\t<div class=\"elementor-spacer\">\n\t\t\t<div class=\"elementor-spacer-inner\"><\/div>\n\t\t<\/div>\n\t\t\t\t\t\t<\/div>\n\t\t\t\t<\/div>\n\t\t\t\t<div class=\"elementor-element elementor-element-383dc4d elementor-widget elementor-widget-heading\" data-id=\"383dc4d\" data-element_type=\"widget\" data-widget_type=\"heading.default\">\n\t\t\t\t<div class=\"elementor-widget-container\">\n\t\t\t\t\t<h2 class=\"elementor-heading-title elementor-size-default\">Contactez-nous<\/h2>\t\t\t\t<\/div>\n\t\t\t\t<\/div>\n\t\t\t\t<div class=\"elementor-element elementor-element-bd96949 elementor-widget elementor-widget-text-editor\" data-id=\"bd96949\" data-element_type=\"widget\" data-widget_type=\"text-editor.default\">\n\t\t\t\t<div class=\"elementor-widget-container\">\n\t\t\t\t\t\t\t\t\t<p>Contactez-nous par e-mail pour toute question ou tout commentaire concernant les produits API.<\/p>\n\t\t\t\t\t\t\t\t<\/div>\n\t\t\t\t<\/div>\n\t\t\t\t\t<\/div>\n\t\t<\/div>\n\t\t\t\t<div class=\"elementor-column elementor-col-50 elementor-top-column elementor-element elementor-element-f2ea84d\" data-id=\"f2ea84d\" data-element_type=\"column\">\n\t\t\t<div class=\"elementor-widget-wrap elementor-element-populated\">\n\t\t\t\t\t\t<div class=\"elementor-element elementor-element-544d3af elementor-widget elementor-widget-image\" data-id=\"544d3af\" data-element_type=\"widget\" data-widget_type=\"image.default\">\n\t\t\t\t<div class=\"elementor-widget-container\">\n\t\t\t\t\t\t\t\t\t\t\t\t\t\t\t<img fetchpriority=\"high\" decoding=\"async\" width=\"812\" height=\"442\" src=\"https:\/\/www.beefeed.com\/wp-content\/uploads\/2019\/05\/Cropped_HEX_Contact-1024x558.jpg\" class=\"attachment-large size-large wp-image-1706\" alt=\"Flower and bee\" srcset=\"https:\/\/www.beefeed.com\/wp-content\/uploads\/2019\/05\/Cropped_HEX_Contact-1024x558.jpg 1024w, https:\/\/www.beefeed.com\/wp-content\/uploads\/2019\/05\/Cropped_HEX_Contact-300x163.jpg 300w, https:\/\/www.beefeed.com\/wp-content\/uploads\/2019\/05\/Cropped_HEX_Contact-768x418.jpg 768w, https:\/\/www.beefeed.com\/wp-content\/uploads\/2019\/05\/Cropped_HEX_Contact.jpg 1440w\" sizes=\"(max-width: 812px) 100vw, 812px\" \/>\t\t\t\t\t\t\t\t\t\t\t\t\t\t\t<\/div>\n\t\t\t\t<\/div>\n\t\t\t\t\t<\/div>\n\t\t<\/div>\n\t\t\t\t\t<\/div>\n\t\t<\/section>\n\t\t\t\t<section class=\"elementor-section elementor-top-section elementor-element elementor-element-a8d42d5 elementor-section-stretched elementor-section-content-top elementor-section-boxed elementor-section-height-default elementor-section-height-default\" data-id=\"a8d42d5\" data-element_type=\"section\" data-settings=\"{&quot;stretch_section&quot;:&quot;section-stretched&quot;,&quot;background_background&quot;:&quot;classic&quot;}\">\n\t\t\t\t\t\t<div class=\"elementor-container elementor-column-gap-default\">\n\t\t\t\t\t<div class=\"elementor-column elementor-col-50 elementor-top-column elementor-element elementor-element-6e55ec3\" data-id=\"6e55ec3\" data-element_type=\"column\">\n\t\t\t<div class=\"elementor-widget-wrap elementor-element-populated\">\n\t\t\t\t\t\t<div class=\"elementor-element elementor-element-8d5fb05 elementor-widget elementor-widget-shortcode\" data-id=\"8d5fb05\" data-element_type=\"widget\" data-widget_type=\"shortcode.default\">\n\t\t\t\t<div class=\"elementor-widget-container\">\n\t\t\t\t\t\t\t<div class=\"elementor-shortcode\"><noscript class=\"ninja-forms-noscript-message\">\n\tRemarque\u00a0: JavaScript est requis pour ce contenu.<\/noscript>\n<div id=\"nf-form-3-cont\" class=\"nf-form-cont\" aria-live=\"polite\" aria-labelledby=\"nf-form-title-3\" aria-describedby=\"nf-form-errors-3\" role=\"form\">\n\n    <div class=\"nf-loading-spinner\"><\/div>\n\n<\/div>\n        <!-- That data is being printed as a workaround to page builders reordering the order of the scripts loaded-->\n        <script>var formDisplay=1;var nfForms=nfForms||[];var form=[];form.id='3';form.settings={\"objectType\":\"Form Setting\",\"editActive\":\"1\",\"title\":\"Contact FR\",\"created_at\":\"2022-05-24 08:35:05\",\"form_title\":\"Contact FR\",\"default_label_pos\":\"above\",\"show_title\":\"0\",\"clear_complete\":\"1\",\"hide_complete\":\"1\",\"logged_in\":\"0\",\"seq_num\":\"0\",\"key\":\"CF5cf66cfb7e3ad\",\"formContentData\":[\"name\",\"your_email_address\",\"your_message\",\"consent\",\"send_message\"],\"calculations\":[],\"wrapper_class\":\"\",\"element_class\":\"\",\"add_submit\":\"1\",\"changeEmailErrorMsg\":\"Veuillez saisir une adresse de messagerie valide. Ex\\u00a0: jean.dupont@gmail.com\",\"changeDateErrorMsg\":\"Veuillez saisir une date valide\\u00a0!\",\"confirmFieldErrorMsg\":\"Ces champs doivent correspondre\\u00a0!\",\"fieldNumberNumMinError\":\"Erreur de nombre min.\",\"fieldNumberNumMaxError\":\"Erreur de nombre max.\",\"fieldNumberIncrementBy\":\"Veuillez incr\\u00e9menter par \",\"formErrorsCorrectErrors\":\"Veuillez corriger les erreurs avant d\\u2019envoyer ce formulaire.\",\"validateRequiredField\":\"Ce champ est obligatoire.\",\"honeypotHoneypotError\":\"Erreur Honeypot\",\"fieldsMarkedRequired\":\"Les champs marqu\\u00e9s d\\u2019un <span class=\\\"ninja-forms-req-symbol\\\">*<\\\/span> sont obligatoires\",\"currency\":\"\",\"repeatable_fieldsets\":\"\",\"unique_field_error\":\"A form with this value has already been submitted.\",\"not_logged_in_msg\":\"\",\"sub_limit_msg\":\"The form has reached its submission limit.\",\"drawerDisabled\":\"\",\"allow_public_link\":0,\"embed_form\":\"\",\"form_title_heading_level\":\"3\",\"ninjaForms\":\"Ninja Forms\",\"fieldTextareaRTEInsertLink\":\"Ins\\u00e9rer un lien\",\"fieldTextareaRTEInsertMedia\":\"Ins\\u00e9rer un m\\u00e9dia\",\"fieldTextareaRTESelectAFile\":\"S\\u00e9lectionnez un fichier\",\"formHoneypot\":\"Si vous \\u00eates un \\u00eatre humain et que vous voyez ce champ, veuillez le laisser vide.\",\"fileUploadOldCodeFileUploadInProgress\":\"T\\u00e9l\\u00e9versement du fichier en cours.\",\"fileUploadOldCodeFileUpload\":\"T\\u00c9L\\u00c9VERSEMENT DE FICHIER\",\"currencySymbol\":\"&#36;\",\"thousands_sep\":\"\\u00a0\",\"decimal_point\":\",\",\"siteLocale\":\"fr_FR\",\"dateFormat\":\"m\\\/d\\\/Y\",\"startOfWeek\":\"1\",\"of\":\"sur\",\"previousMonth\":\"Mois pr\\u00e9c\\u00e9dent\",\"nextMonth\":\"Mois suivant\",\"months\":[\"Janvier\",\"F\\u00e9vrier\",\"Mars\",\"Avril\",\"Mai\",\"Juin\",\"Juillet\",\"Ao\\u00fbt\",\"Septembre\",\"Octobre\",\"Novembre\",\"D\\u00e9cembre\"],\"monthsShort\":[\"Jan\",\"F\\u00e9v\",\"Mar\",\"Avr\",\"Mai\",\"Juin\",\"Juil\",\"Ao\\u00fb\",\"Sep\",\"Oct\",\"Nov\",\"D\\u00e9c\"],\"weekdays\":[\"Dimanche\",\"Lundi\",\"Mardi\",\"Mercredi\",\"Jeudi\",\"Vendredi\",\"Samedi\"],\"weekdaysShort\":[\"Dim\",\"Lun\",\"Mar\",\"Mer\",\"Jeu\",\"Ven\",\"Sam\"],\"weekdaysMin\":[\"Di\",\"Lu\",\"Ma\",\"Me\",\"Je\",\"Ve\",\"Sa\"],\"recaptchaConsentMissing\":\"reCaptcha validation couldn&#039;t load.\",\"recaptchaMissingCookie\":\"reCaptcha v3 validation couldn&#039;t load the cookie needed to submit the form.\",\"recaptchaConsentEvent\":\"Accept reCaptcha cookies before sending the form.\",\"currency_symbol\":\"\",\"beforeForm\":\"\",\"beforeFields\":\"\",\"afterFields\":\"\",\"afterForm\":\"\"};form.fields=[{\"objectType\":\"Field\",\"objectDomain\":\"fields\",\"editActive\":false,\"order\":1,\"idAttribute\":\"id\",\"label\":\"Votre nom\",\"type\":\"textbox\",\"field_label\":\"Votre nom\",\"key\":\"name\",\"field_key\":\"name\",\"placeholder\":\"\",\"default\":\"\",\"desc_text\":\"\",\"personally_identifiable\":0,\"required\":1,\"label_pos\":\"above\",\"container_class\":\"\",\"element_class\":\"\",\"input_limit\":\"\",\"input_limit_type\":\"characters\",\"input_limit_msg\":\"Character(s) left\",\"manual_key\":\"\",\"admin_label\":\"\",\"help_text\":\"\",\"mask\":\"\",\"custom_mask\":\"\",\"custom_name_attribute\":\"\",\"value\":\"\",\"id\":11,\"beforeField\":\"\",\"afterField\":\"\",\"parentType\":\"textbox\",\"element_templates\":[\"textbox\",\"input\"],\"old_classname\":\"\",\"wrap_template\":\"wrap\"},{\"objectType\":\"Field\",\"objectDomain\":\"fields\",\"editActive\":false,\"order\":2,\"idAttribute\":\"id\",\"label\":\"Votre adresse e-mail\",\"type\":\"email\",\"field_label\":\"Votre adresse e-mail\",\"key\":\"your_email_address\",\"field_key\":\"your_email_address\",\"placeholder\":\"\",\"default\":\"\",\"desc_text\":\"\",\"personally_identifiable\":0,\"required\":1,\"label_pos\":\"above\",\"container_class\":\"\",\"element_class\":\"\",\"admin_label\":\"\",\"help_text\":\"\",\"custom_name_attribute\":\"email\",\"value\":\"\",\"id\":12,\"beforeField\":\"\",\"afterField\":\"\",\"parentType\":\"email\",\"element_templates\":[\"email\",\"input\"],\"old_classname\":\"\",\"wrap_template\":\"wrap\"},{\"objectType\":\"Field\",\"objectDomain\":\"fields\",\"editActive\":false,\"order\":3,\"idAttribute\":\"id\",\"label\":\"Votre message\",\"type\":\"textarea\",\"field_label\":\"Votre message\",\"key\":\"your_message\",\"field_key\":\"your_message\",\"placeholder\":\"\",\"default\":\"\",\"desc_text\":\"\",\"personally_identifiable\":0,\"required\":1,\"label_pos\":\"above\",\"container_class\":\"\",\"element_class\":\"\",\"input_limit\":\"\",\"input_limit_type\":\"characters\",\"input_limit_msg\":\"Character(s) left\",\"manual_key\":\"\",\"admin_label\":\"\",\"help_text\":\"\",\"textarea_rte\":\"\",\"disable_rte_mobile\":\"\",\"textarea_media\":\"\",\"value\":\"\",\"id\":13,\"beforeField\":\"\",\"afterField\":\"\",\"parentType\":\"textarea\",\"element_templates\":[\"textarea\",\"input\"],\"old_classname\":\"\",\"wrap_template\":\"wrap\"},{\"objectType\":\"Field\",\"objectDomain\":\"fields\",\"editActive\":false,\"order\":4,\"idAttribute\":\"id\",\"label\":\"consent\",\"type\":\"checkbox\",\"field_label\":\"consent\",\"key\":\"consent\",\"field_key\":\"consent\",\"placeholder\":\"\",\"default\":\"\",\"desc_text\":\"<p>Oui, j'accepte que les donn\\u00e9es personnelles que j'ai fournies ici soient trait\\u00e9es, enregistr\\u00e9es et utilis\\u00e9es pour la prise de contact par S\\u00fcdzucker AG. Vous trouverez des informations sur le traitement des donn\\u00e9es, vos possibilit\\u00e9s de r\\u00e9vocation et les droits des personnes concern\\u00e9es dans notre&nbsp;<a href=\\\"https:\\\/\\\/www.beefeed.com\\\/fr\\\/privacy\\\" target=\\\"_blank\\\">d\\u00e9claration de protection des donn\\u00e9es<\\\/a>.<\\\/p>\",\"personally_identifiable\":0,\"required\":1,\"label_pos\":\"hidden\",\"container_class\":\"\",\"checked_value\":\"\",\"unchecked_value\":\"\",\"default_value\":\"\",\"element_class\":\"\",\"manual_key\":\"\",\"admin_label\":\"\",\"help_text\":\"\",\"checked_calc_value\":\"\",\"unchecked_calc_value\":\"\",\"value\":\"\",\"drawerDisabled\":false,\"id\":14,\"beforeField\":\"\",\"afterField\":\"\",\"parentType\":\"checkbox\",\"element_templates\":[\"checkbox\",\"input\"],\"old_classname\":\"\",\"wrap_template\":\"wrap\"},{\"objectType\":\"Field\",\"objectDomain\":\"fields\",\"editActive\":false,\"order\":6,\"idAttribute\":\"id\",\"label\":\"Envoyer le message\",\"type\":\"submit\",\"field_label\":\"Envoyer le message\",\"key\":\"send_message\",\"field_key\":\"send_message\",\"placeholder\":\"\",\"default\":\"\",\"desc_text\":\"\",\"personally_identifiable\":0,\"required\":0,\"label_pos\":\"above\",\"container_class\":\"\",\"processing_label\":\"Processing\",\"element_class\":\"api-button\",\"value\":\"\",\"drawerDisabled\":\"\",\"id\":16,\"beforeField\":\"\",\"afterField\":\"\",\"parentType\":\"textbox\",\"element_templates\":[\"submit\",\"button\",\"input\"],\"old_classname\":\"\",\"wrap_template\":\"wrap-no-label\"}];nfForms.push(form);<\/script>\n        <\/div>\n\t\t\t\t\t\t<\/div>\n\t\t\t\t<\/div>\n\t\t\t\t<div class=\"elementor-element elementor-element-6e02a70 elementor-widget elementor-widget-text-editor\" data-id=\"6e02a70\" data-element_type=\"widget\" data-widget_type=\"text-editor.default\">\n\t\t\t\t<div class=\"elementor-widget-container\">\n\t\t\t\t\t\t\t\t\t<p>S\u00fcdzucker AG<br \/>Maximilianstra\u00dfe 10<br \/>68165 Mannheim<br \/>Allemagne<br \/>T\u00e9l\u00e9phone: +49 621 421 579<br \/>Fax: +49 621 421 456<\/p>\n\t\t\t\t\t\t\t\t<\/div>\n\t\t\t\t<\/div>\n\t\t\t\t\t<\/div>\n\t\t<\/div>\n\t\t\t\t<div class=\"elementor-column elementor-col-50 elementor-top-column elementor-element elementor-element-1a65e5d\" data-id=\"1a65e5d\" data-element_type=\"column\">\n\t\t\t<div class=\"elementor-widget-wrap\">\n\t\t\t\t\t\t\t<\/div>\n\t\t<\/div>\n\t\t\t\t\t<\/div>\n\t\t<\/section>\n\t\t\t\t<\/div>\n\t\t","protected":false},"excerpt":{"rendered":"<p>Contactez-nous Contactez-nous par e-mail pour toute question ou tout commentaire concernant les produits API. Contactez-nous Contactez-nous par e-mail pour toute question ou tout commentaire concernant les produits API. S\u00fcdzucker AGMaximilianstra\u00dfe 1068165 MannheimAllemagneT\u00e9l\u00e9phone: +49 621 421 579Fax: +49 621 421 456<\/p>\n","protected":false},"author":1,"featured_media":0,"parent":0,"menu_order":0,"comment_status":"closed","ping_status":"closed","template":"elementor_header_footer","meta":{"_acf_changed":false,"_mc_calendar":[],"footnotes":"","_links_to":"","_links_to_target":"","_wp_rev_ctl_limit":""},"class_list":["post-2283","page","type-page","status-publish","hentry"],"acf":[],"yoast_head":"<!-- This site is optimized with the Yoast SEO Premium plugin v25.6 (Yoast SEO v25.6) - https:\/\/yoast.com\/wordpress\/plugins\/seo\/ -->\n<title>API - Contactez-nous<\/title>\n<meta name=\"robots\" content=\"index, follow, max-snippet:-1, max-image-preview:large, max-video-preview:-1\" \/>\n<link rel=\"canonical\" href=\"https:\/\/www.beefeed.com\/fr\/contactez-nous\/\" \/>\n<meta property=\"og:locale\" content=\"fr_FR\" \/>\n<meta property=\"og:type\" content=\"article\" \/>\n<meta property=\"og:title\" content=\"Contactez-nous\" \/>\n<meta property=\"og:description\" content=\"Contactez-nous Contactez-nous par e-mail pour toute question ou tout commentaire concernant les produits API. Contactez-nous Contactez-nous par e-mail pour toute question ou tout commentaire concernant les produits API. S\u00fcdzucker AGMaximilianstra\u00dfe 1068165 MannheimAllemagneT\u00e9l\u00e9phone: +49 621 421 579Fax: +49 621 421 456\" \/>\n<meta property=\"og:url\" content=\"https:\/\/www.beefeed.com\/fr\/contactez-nous\/\" \/>\n<meta property=\"og:site_name\" content=\"API\" \/>\n<meta property=\"article:modified_time\" content=\"2022-05-24T09:27:44+00:00\" \/>\n<meta property=\"og:image\" content=\"https:\/\/www.beefeed.com\/wp-content\/uploads\/2019\/05\/Cropped_HEX_Contact-1024x558.jpg\" \/>\n<meta name=\"twitter:card\" content=\"summary_large_image\" \/>\n<meta name=\"twitter:label1\" content=\"Dur\u00e9e de lecture estim\u00e9e\" \/>\n\t<meta name=\"twitter:data1\" content=\"2 minutes\" \/>\n<script type=\"application\/ld+json\" class=\"yoast-schema-graph\">{\"@context\":\"https:\/\/schema.org\",\"@graph\":[{\"@type\":\"WebPage\",\"@id\":\"https:\/\/www.beefeed.com\/fr\/contactez-nous\/\",\"url\":\"https:\/\/www.beefeed.com\/fr\/contactez-nous\/\",\"name\":\"API - Contactez-nous\",\"isPartOf\":{\"@id\":\"https:\/\/www.beefeed.com\/fr\/#website\"},\"primaryImageOfPage\":{\"@id\":\"https:\/\/www.beefeed.com\/fr\/contactez-nous\/#primaryimage\"},\"image\":{\"@id\":\"https:\/\/www.beefeed.com\/fr\/contactez-nous\/#primaryimage\"},\"thumbnailUrl\":\"https:\/\/www.beefeed.com\/wp-content\/uploads\/2019\/05\/Cropped_HEX_Contact-1024x558.jpg\",\"datePublished\":\"2019-06-04T13:11:53+00:00\",\"dateModified\":\"2022-05-24T09:27:44+00:00\",\"breadcrumb\":{\"@id\":\"https:\/\/www.beefeed.com\/fr\/contactez-nous\/#breadcrumb\"},\"inLanguage\":\"fr-FR\",\"potentialAction\":[{\"@type\":\"ReadAction\",\"target\":[\"https:\/\/www.beefeed.com\/fr\/contactez-nous\/\"]}]},{\"@type\":\"ImageObject\",\"inLanguage\":\"fr-FR\",\"@id\":\"https:\/\/www.beefeed.com\/fr\/contactez-nous\/#primaryimage\",\"url\":\"https:\/\/www.beefeed.com\/wp-content\/uploads\/2019\/05\/Cropped_HEX_Contact-1024x558.jpg\",\"contentUrl\":\"https:\/\/www.beefeed.com\/wp-content\/uploads\/2019\/05\/Cropped_HEX_Contact-1024x558.jpg\"},{\"@type\":\"BreadcrumbList\",\"@id\":\"https:\/\/www.beefeed.com\/fr\/contactez-nous\/#breadcrumb\",\"itemListElement\":[{\"@type\":\"ListItem\",\"position\":1,\"name\":\"Home\",\"item\":\"https:\/\/www.beefeed.com\/fr\/\"},{\"@type\":\"ListItem\",\"position\":2,\"name\":\"Contactez-nous\"}]},{\"@type\":\"WebSite\",\"@id\":\"https:\/\/www.beefeed.com\/fr\/#website\",\"url\":\"https:\/\/www.beefeed.com\/fr\/\",\"name\":\"API\",\"description\":\"\",\"publisher\":{\"@id\":\"https:\/\/www.beefeed.com\/fr\/#organization\"},\"potentialAction\":[{\"@type\":\"SearchAction\",\"target\":{\"@type\":\"EntryPoint\",\"urlTemplate\":\"https:\/\/www.beefeed.com\/fr\/?s={search_term_string}\"},\"query-input\":{\"@type\":\"PropertyValueSpecification\",\"valueRequired\":true,\"valueName\":\"search_term_string\"}}],\"inLanguage\":\"fr-FR\"},{\"@type\":\"Organization\",\"@id\":\"https:\/\/www.beefeed.com\/fr\/#organization\",\"name\":\"Suedzucker AG\",\"url\":\"https:\/\/www.beefeed.com\/fr\/\",\"logo\":{\"@type\":\"ImageObject\",\"inLanguage\":\"fr-FR\",\"@id\":\"https:\/\/www.beefeed.com\/fr\/#\/schema\/logo\/image\/\",\"url\":\"https:\/\/www.beefeed.com\/wp-content\/uploads\/2019\/06\/Logo-API-e1560863497158.png\",\"contentUrl\":\"https:\/\/www.beefeed.com\/wp-content\/uploads\/2019\/06\/Logo-API-e1560863497158.png\",\"width\":1772,\"height\":1890,\"caption\":\"Suedzucker AG\"},\"image\":{\"@id\":\"https:\/\/www.beefeed.com\/fr\/#\/schema\/logo\/image\/\"}}]}<\/script>\n<!-- \/ Yoast SEO Premium plugin. -->","yoast_head_json":{"title":"API - Contactez-nous","robots":{"index":"index","follow":"follow","max-snippet":"max-snippet:-1","max-image-preview":"max-image-preview:large","max-video-preview":"max-video-preview:-1"},"canonical":"https:\/\/www.beefeed.com\/fr\/contactez-nous\/","og_locale":"fr_FR","og_type":"article","og_title":"Contactez-nous","og_description":"Contactez-nous Contactez-nous par e-mail pour toute question ou tout commentaire concernant les produits API. Contactez-nous Contactez-nous par e-mail pour toute question ou tout commentaire concernant les produits API. S\u00fcdzucker AGMaximilianstra\u00dfe 1068165 MannheimAllemagneT\u00e9l\u00e9phone: +49 621 421 579Fax: +49 621 421 456","og_url":"https:\/\/www.beefeed.com\/fr\/contactez-nous\/","og_site_name":"API","article_modified_time":"2022-05-24T09:27:44+00:00","og_image":[{"url":"https:\/\/www.beefeed.com\/wp-content\/uploads\/2019\/05\/Cropped_HEX_Contact-1024x558.jpg","type":"","width":"","height":""}],"twitter_card":"summary_large_image","twitter_misc":{"Dur\u00e9e de lecture estim\u00e9e":"2 minutes"},"schema":{"@context":"https:\/\/schema.org","@graph":[{"@type":"WebPage","@id":"https:\/\/www.beefeed.com\/fr\/contactez-nous\/","url":"https:\/\/www.beefeed.com\/fr\/contactez-nous\/","name":"API - Contactez-nous","isPartOf":{"@id":"https:\/\/www.beefeed.com\/fr\/#website"},"primaryImageOfPage":{"@id":"https:\/\/www.beefeed.com\/fr\/contactez-nous\/#primaryimage"},"image":{"@id":"https:\/\/www.beefeed.com\/fr\/contactez-nous\/#primaryimage"},"thumbnailUrl":"https:\/\/www.beefeed.com\/wp-content\/uploads\/2019\/05\/Cropped_HEX_Contact-1024x558.jpg","datePublished":"2019-06-04T13:11:53+00:00","dateModified":"2022-05-24T09:27:44+00:00","breadcrumb":{"@id":"https:\/\/www.beefeed.com\/fr\/contactez-nous\/#breadcrumb"},"inLanguage":"fr-FR","potentialAction":[{"@type":"ReadAction","target":["https:\/\/www.beefeed.com\/fr\/contactez-nous\/"]}]},{"@type":"ImageObject","inLanguage":"fr-FR","@id":"https:\/\/www.beefeed.com\/fr\/contactez-nous\/#primaryimage","url":"https:\/\/www.beefeed.com\/wp-content\/uploads\/2019\/05\/Cropped_HEX_Contact-1024x558.jpg","contentUrl":"https:\/\/www.beefeed.com\/wp-content\/uploads\/2019\/05\/Cropped_HEX_Contact-1024x558.jpg"},{"@type":"BreadcrumbList","@id":"https:\/\/www.beefeed.com\/fr\/contactez-nous\/#breadcrumb","itemListElement":[{"@type":"ListItem","position":1,"name":"Home","item":"https:\/\/www.beefeed.com\/fr\/"},{"@type":"ListItem","position":2,"name":"Contactez-nous"}]},{"@type":"WebSite","@id":"https:\/\/www.beefeed.com\/fr\/#website","url":"https:\/\/www.beefeed.com\/fr\/","name":"API","description":"","publisher":{"@id":"https:\/\/www.beefeed.com\/fr\/#organization"},"potentialAction":[{"@type":"SearchAction","target":{"@type":"EntryPoint","urlTemplate":"https:\/\/www.beefeed.com\/fr\/?s={search_term_string}"},"query-input":{"@type":"PropertyValueSpecification","valueRequired":true,"valueName":"search_term_string"}}],"inLanguage":"fr-FR"},{"@type":"Organization","@id":"https:\/\/www.beefeed.com\/fr\/#organization","name":"Suedzucker AG","url":"https:\/\/www.beefeed.com\/fr\/","logo":{"@type":"ImageObject","inLanguage":"fr-FR","@id":"https:\/\/www.beefeed.com\/fr\/#\/schema\/logo\/image\/","url":"https:\/\/www.beefeed.com\/wp-content\/uploads\/2019\/06\/Logo-API-e1560863497158.png","contentUrl":"https:\/\/www.beefeed.com\/wp-content\/uploads\/2019\/06\/Logo-API-e1560863497158.png","width":1772,"height":1890,"caption":"Suedzucker AG"},"image":{"@id":"https:\/\/www.beefeed.com\/fr\/#\/schema\/logo\/image\/"}}]}},"_links":{"self":[{"href":"https:\/\/www.beefeed.com\/fr\/wp-json\/wp\/v2\/pages\/2283","targetHints":{"allow":["GET"]}}],"collection":[{"href":"https:\/\/www.beefeed.com\/fr\/wp-json\/wp\/v2\/pages"}],"about":[{"href":"https:\/\/www.beefeed.com\/fr\/wp-json\/wp\/v2\/types\/page"}],"author":[{"embeddable":true,"href":"https:\/\/www.beefeed.com\/fr\/wp-json\/wp\/v2\/users\/1"}],"replies":[{"embeddable":true,"href":"https:\/\/www.beefeed.com\/fr\/wp-json\/wp\/v2\/comments?post=2283"}],"version-history":[{"count":0,"href":"https:\/\/www.beefeed.com\/fr\/wp-json\/wp\/v2\/pages\/2283\/revisions"}],"wp:attachment":[{"href":"https:\/\/www.beefeed.com\/fr\/wp-json\/wp\/v2\/media?parent=2283"}],"curies":[{"name":"wp","href":"https:\/\/api.w.org\/{rel}","templated":true}]}}