{"id":9778,"date":"2021-11-23T16:08:05","date_gmt":"2021-11-23T15:08:05","guid":{"rendered":"https:\/\/www.beefeed.com\/?page_id=9778"},"modified":"2022-11-25T13:20:34","modified_gmt":"2022-11-25T12:20:34","slug":"blog-liens","status":"publish","type":"page","link":"https:\/\/www.beefeed.com\/fr\/blog-liens\/","title":{"rendered":"Blog Liens"},"content":{"rendered":"\t\t<div data-elementor-type=\"wp-page\" data-elementor-id=\"9778\" class=\"elementor elementor-9778\" data-elementor-post-type=\"page\">\n\t\t\t\t\t\t<section class=\"elementor-section elementor-top-section elementor-element elementor-element-f9ce9cb elementor-section-stretched elementor-section-content-top elementor-section-boxed elementor-section-height-default elementor-section-height-default\" data-id=\"f9ce9cb\" data-element_type=\"section\" data-settings=\"{&quot;stretch_section&quot;:&quot;section-stretched&quot;,&quot;background_background&quot;:&quot;classic&quot;}\">\n\t\t\t\t\t\t<div class=\"elementor-container elementor-column-gap-default\">\n\t\t\t\t\t<div class=\"elementor-column elementor-col-50 elementor-top-column elementor-element elementor-element-f4cd68c\" data-id=\"f4cd68c\" data-element_type=\"column\">\n\t\t\t<div class=\"elementor-widget-wrap elementor-element-populated\">\n\t\t\t\t\t\t<div class=\"elementor-element elementor-element-58bb5aa elementor-widget elementor-widget-spacer\" data-id=\"58bb5aa\" data-element_type=\"widget\" data-widget_type=\"spacer.default\">\n\t\t\t\t<div class=\"elementor-widget-container\">\n\t\t\t\t\t\t\t<div class=\"elementor-spacer\">\n\t\t\t<div class=\"elementor-spacer-inner\"><\/div>\n\t\t<\/div>\n\t\t\t\t\t\t<\/div>\n\t\t\t\t<\/div>\n\t\t\t\t<div class=\"elementor-element elementor-element-f80ad8a elementor-widget elementor-widget-heading\" data-id=\"f80ad8a\" data-element_type=\"widget\" data-widget_type=\"heading.default\">\n\t\t\t\t<div class=\"elementor-widget-container\">\n\t\t\t\t\t<h2 class=\"elementor-heading-title elementor-size-default\">Liens<\/h2>\t\t\t\t<\/div>\n\t\t\t\t<\/div>\n\t\t\t\t<div class=\"elementor-element elementor-element-d805520 elementor-widget elementor-widget-text-editor\" data-id=\"d805520\" data-element_type=\"widget\" data-widget_type=\"text-editor.default\">\n\t\t\t\t<div class=\"elementor-widget-container\">\n\t\t\t\t\t\t\t\t\t<p>Ces sites web contiennent nombre d\u2019informations int\u00e9ressantes, allant des bases \u00e0 la ma\u00eetrise de l\u2019apiculture.<\/p>\t\t\t\t\t\t\t\t<\/div>\n\t\t\t\t<\/div>\n\t\t\t\t\t<\/div>\n\t\t<\/div>\n\t\t\t\t<div class=\"elementor-column elementor-col-50 elementor-top-column elementor-element elementor-element-f4e544a\" data-id=\"f4e544a\" data-element_type=\"column\">\n\t\t\t<div class=\"elementor-widget-wrap elementor-element-populated\">\n\t\t\t\t\t\t<div class=\"elementor-element elementor-element-25730a5 elementor-widget elementor-widget-image\" data-id=\"25730a5\" data-element_type=\"widget\" data-widget_type=\"image.default\">\n\t\t\t\t<div class=\"elementor-widget-container\">\n\t\t\t\t\t\t\t\t\t\t\t\t\t\t\t<img fetchpriority=\"high\" decoding=\"async\" width=\"812\" height=\"442\" src=\"https:\/\/www.beefeed.com\/wp-content\/uploads\/2019\/05\/Cropped_HEX_Library2-1024x558.jpg\" class=\"attachment-large size-large wp-image-1686\" alt=\"Working bee\" srcset=\"https:\/\/www.beefeed.com\/wp-content\/uploads\/2019\/05\/Cropped_HEX_Library2-1024x558.jpg 1024w, https:\/\/www.beefeed.com\/wp-content\/uploads\/2019\/05\/Cropped_HEX_Library2-300x163.jpg 300w, https:\/\/www.beefeed.com\/wp-content\/uploads\/2019\/05\/Cropped_HEX_Library2-768x418.jpg 768w, https:\/\/www.beefeed.com\/wp-content\/uploads\/2019\/05\/Cropped_HEX_Library2.jpg 1140w\" sizes=\"(max-width: 812px) 100vw, 812px\" \/>\t\t\t\t\t\t\t\t\t\t\t\t\t\t\t<\/div>\n\t\t\t\t<\/div>\n\t\t\t\t\t<\/div>\n\t\t<\/div>\n\t\t\t\t\t<\/div>\n\t\t<\/section>\n\t\t\t\t<section class=\"elementor-section elementor-top-section elementor-element elementor-element-a6bb661 elementor-section-stretched elementor-section-content-top api-section elementor-section-boxed elementor-section-height-default elementor-section-height-default\" data-id=\"a6bb661\" data-element_type=\"section\" data-settings=\"{&quot;stretch_section&quot;:&quot;section-stretched&quot;,&quot;background_background&quot;:&quot;classic&quot;}\">\n\t\t\t\t\t\t<div class=\"elementor-container elementor-column-gap-default\">\n\t\t\t\t\t<div class=\"elementor-column elementor-col-100 elementor-top-column elementor-element elementor-element-d1ad585 api-section-column\" data-id=\"d1ad585\" data-element_type=\"column\">\n\t\t\t<div class=\"elementor-widget-wrap elementor-element-populated\">\n\t\t\t\t\t\t<div class=\"elementor-element elementor-element-66b7562 elementor-widget elementor-widget-menu-anchor\" data-id=\"66b7562\" data-element_type=\"widget\" data-widget_type=\"menu-anchor.default\">\n\t\t\t\t<div class=\"elementor-widget-container\">\n\t\t\t\t\t\t\t<div class=\"elementor-menu-anchor\" id=\"news\"><\/div>\n\t\t\t\t\t\t<\/div>\n\t\t\t\t<\/div>\n\t\t\t\t<section class=\"elementor-section elementor-inner-section elementor-element elementor-element-95cab04 elementor-section-boxed elementor-section-height-default elementor-section-height-default\" data-id=\"95cab04\" data-element_type=\"section\">\n\t\t\t\t\t\t<div class=\"elementor-container elementor-column-gap-default\">\n\t\t\t\t\t<div class=\"elementor-column elementor-col-50 elementor-inner-column elementor-element elementor-element-9ca780d\" data-id=\"9ca780d\" data-element_type=\"column\">\n\t\t\t<div class=\"elementor-widget-wrap elementor-element-populated\">\n\t\t\t\t\t\t<div class=\"elementor-element elementor-element-36493c7 elementor-grid-1 elementor-posts--align-left elementor-grid-tablet-1 elementor-posts--thumbnail-right elementor-grid-mobile-1 elementor-widget elementor-widget-posts\" data-id=\"36493c7\" data-element_type=\"widget\" data-settings=\"{&quot;classic_columns&quot;:&quot;1&quot;,&quot;classic_columns_tablet&quot;:&quot;1&quot;,&quot;pagination_type&quot;:&quot;numbers&quot;,&quot;classic_columns_mobile&quot;:&quot;1&quot;,&quot;classic_row_gap&quot;:{&quot;unit&quot;:&quot;px&quot;,&quot;size&quot;:35,&quot;sizes&quot;:[]},&quot;classic_row_gap_tablet&quot;:{&quot;unit&quot;:&quot;px&quot;,&quot;size&quot;:&quot;&quot;,&quot;sizes&quot;:[]},&quot;classic_row_gap_mobile&quot;:{&quot;unit&quot;:&quot;px&quot;,&quot;size&quot;:&quot;&quot;,&quot;sizes&quot;:[]}}\" data-widget_type=\"posts.classic\">\n\t\t\t\t<div class=\"elementor-widget-container\">\n\t\t\t\t\t\t\t<div class=\"elementor-posts-container elementor-posts elementor-posts--skin-classic elementor-grid\" role=\"list\">\n\t\t\t\t<article class=\"elementor-post elementor-grid-item post-20195 post type-post status-publish format-standard hentry category-links-websites-fr\" role=\"listitem\">\n\t\t\t\t<div class=\"elementor-post__text\">\n\t\t\t\t<h3 class=\"elementor-post__title\">\n\t\t\t<a href=\"https:\/\/www.unaf-apiculture.info\/moses-quinby-apiculture-moderne\/\" >\n\t\t\t\tMoses Quinby, pionnier de l\u2019apiculture moderne am\u00e9ricaine (Source : Unaf)\t\t\t<\/a>\n\t\t<\/h3>\n\t\t\t\t<div class=\"elementor-post__meta-data\">\n\t\t\t\t\t<span class=\"elementor-post-date\">\n\t\t\t17 mars, 2026\t\t<\/span>\n\t\t\t\t<\/div>\n\t\t\t\t<div class=\"elementor-post__excerpt\">\n\t\t\t\t\t<\/div>\n\t\t\n\t\t<a class=\"elementor-post__read-more\" href=\"https:\/\/www.unaf-apiculture.info\/moses-quinby-apiculture-moderne\/\" aria-label=\"En savoir plus sur Moses Quinby, pionnier de l\u2019apiculture moderne am\u00e9ricaine (Source : Unaf)\" tabindex=\"-1\" >\n\t\t\tEn savoir plus \u00bb\t\t<\/a>\n\n\t\t\t\t<\/div>\n\t\t\t\t<\/article>\n\t\t\t\t<article class=\"elementor-post elementor-grid-item post-20189 post type-post status-publish format-standard hentry category-links-websites-fr\" role=\"listitem\">\n\t\t\t\t<div class=\"elementor-post__text\">\n\t\t\t\t<h3 class=\"elementor-post__title\">\n\t\t\t<a href=\"https:\/\/www.latiendadelapicultor.com\/blog\/fr\/comment-transporter-des-abeilles\/\" >\n\t\t\t\tComment transporter des abeilles ? (Source : La Tienda Del Apicultor)\t\t\t<\/a>\n\t\t<\/h3>\n\t\t\t\t<div class=\"elementor-post__meta-data\">\n\t\t\t\t\t<span class=\"elementor-post-date\">\n\t\t\t17 mars, 2026\t\t<\/span>\n\t\t\t\t<\/div>\n\t\t\t\t<div class=\"elementor-post__excerpt\">\n\t\t\t\t\t<\/div>\n\t\t\n\t\t<a class=\"elementor-post__read-more\" href=\"https:\/\/www.latiendadelapicultor.com\/blog\/fr\/comment-transporter-des-abeilles\/\" aria-label=\"En savoir plus sur Comment transporter des abeilles ? (Source : La Tienda Del Apicultor)\" tabindex=\"-1\" >\n\t\t\tEn savoir plus \u00bb\t\t<\/a>\n\n\t\t\t\t<\/div>\n\t\t\t\t<\/article>\n\t\t\t\t<article class=\"elementor-post elementor-grid-item post-20186 post type-post status-publish format-standard hentry category-links-websites-fr\" role=\"listitem\">\n\t\t\t\t<div class=\"elementor-post__text\">\n\t\t\t\t<h3 class=\"elementor-post__title\">\n\t\t\t<a href=\"https:\/\/blog.icko-apiculture.com\/essaimage-abeilles\/\" >\n\t\t\t\tEssaimage des abeilles : ce ph\u00e9nom\u00e8ne cl\u00e9 qui sauve ou ruine une ruche au printemps ! (Source : Icko)\t\t\t<\/a>\n\t\t<\/h3>\n\t\t\t\t<div class=\"elementor-post__meta-data\">\n\t\t\t\t\t<span class=\"elementor-post-date\">\n\t\t\t17 mars, 2026\t\t<\/span>\n\t\t\t\t<\/div>\n\t\t\t\t<div class=\"elementor-post__excerpt\">\n\t\t\t\t\t<\/div>\n\t\t\n\t\t<a class=\"elementor-post__read-more\" href=\"https:\/\/blog.icko-apiculture.com\/essaimage-abeilles\/\" aria-label=\"En savoir plus sur Essaimage des abeilles : ce ph\u00e9nom\u00e8ne cl\u00e9 qui sauve ou ruine une ruche au printemps ! (Source : Icko)\" tabindex=\"-1\" >\n\t\t\tEn savoir plus \u00bb\t\t<\/a>\n\n\t\t\t\t<\/div>\n\t\t\t\t<\/article>\n\t\t\t\t<article class=\"elementor-post elementor-grid-item post-19765 post type-post status-publish format-standard hentry category-links-websites-fr\" role=\"listitem\">\n\t\t\t\t<div class=\"elementor-post__text\">\n\t\t\t\t<h3 class=\"elementor-post__title\">\n\t\t\t<a href=\"https:\/\/www.naturapi.com\/naturapicafe\/ruche-dadant-10-cadres\/\" >\n\t\t\t\tRuche Dadant 10 cadres : le standard incontournable de l\u2019apiculture (Source : Naturapi)\t\t\t<\/a>\n\t\t<\/h3>\n\t\t\t\t<div class=\"elementor-post__meta-data\">\n\t\t\t\t\t<span class=\"elementor-post-date\">\n\t\t\t17 f\u00e9vrier, 2026\t\t<\/span>\n\t\t\t\t<\/div>\n\t\t\t\t<div class=\"elementor-post__excerpt\">\n\t\t\t\t\t<\/div>\n\t\t\n\t\t<a class=\"elementor-post__read-more\" href=\"https:\/\/www.naturapi.com\/naturapicafe\/ruche-dadant-10-cadres\/\" aria-label=\"En savoir plus sur Ruche Dadant 10 cadres : le standard incontournable de l\u2019apiculture (Source : Naturapi)\" tabindex=\"-1\" >\n\t\t\tEn savoir plus \u00bb\t\t<\/a>\n\n\t\t\t\t<\/div>\n\t\t\t\t<\/article>\n\t\t\t\t<article class=\"elementor-post elementor-grid-item post-19763 post type-post status-publish format-standard hentry category-links-websites-fr\" role=\"listitem\">\n\t\t\t\t<div class=\"elementor-post__text\">\n\t\t\t\t<h3 class=\"elementor-post__title\">\n\t\t\t<a href=\"https:\/\/itsap.asso.fr\/articles\/changement-climatique-et-apiculture-quelles-strategies-d-adaptation-en-region-paca\" >\n\t\t\t\tChangement climatique et apiculture : quelles strat\u00e9gies d\u2019adaptation en r\u00e9gion PACA ? (Source : ITSAP)\t\t\t<\/a>\n\t\t<\/h3>\n\t\t\t\t<div class=\"elementor-post__meta-data\">\n\t\t\t\t\t<span class=\"elementor-post-date\">\n\t\t\t17 f\u00e9vrier, 2026\t\t<\/span>\n\t\t\t\t<\/div>\n\t\t\t\t<div class=\"elementor-post__excerpt\">\n\t\t\t\t\t<\/div>\n\t\t\n\t\t<a class=\"elementor-post__read-more\" href=\"https:\/\/itsap.asso.fr\/articles\/changement-climatique-et-apiculture-quelles-strategies-d-adaptation-en-region-paca\" aria-label=\"En savoir plus sur Changement climatique et apiculture : quelles strat\u00e9gies d\u2019adaptation en r\u00e9gion PACA ? (Source : ITSAP)\" tabindex=\"-1\" >\n\t\t\tEn savoir plus \u00bb\t\t<\/a>\n\n\t\t\t\t<\/div>\n\t\t\t\t<\/article>\n\t\t\t\t<article class=\"elementor-post elementor-grid-item post-19758 post type-post status-publish format-standard hentry category-links-websites-fr\" role=\"listitem\">\n\t\t\t\t<div class=\"elementor-post__text\">\n\t\t\t\t<h3 class=\"elementor-post__title\">\n\t\t\t<a href=\"https:\/\/www.inrae.fr\/actualites\/survie-colonies-hiver-couverts-fleuris-habitats-naturels-boises-ameliorent-vitalite-abeilles-melliferes\" >\n\t\t\t\tSurvie des colonies en hiver : les couverts fleuris et les habitats naturels bois\u00e9s am\u00e9liorent la vitalit\u00e9 des abeilles mellif\u00e8res (Source : INRAE)\t\t\t<\/a>\n\t\t<\/h3>\n\t\t\t\t<div class=\"elementor-post__meta-data\">\n\t\t\t\t\t<span class=\"elementor-post-date\">\n\t\t\t17 f\u00e9vrier, 2026\t\t<\/span>\n\t\t\t\t<\/div>\n\t\t\t\t<div class=\"elementor-post__excerpt\">\n\t\t\t\t\t<\/div>\n\t\t\n\t\t<a class=\"elementor-post__read-more\" href=\"https:\/\/www.inrae.fr\/actualites\/survie-colonies-hiver-couverts-fleuris-habitats-naturels-boises-ameliorent-vitalite-abeilles-melliferes\" aria-label=\"En savoir plus sur Survie des colonies en hiver : les couverts fleuris et les habitats naturels bois\u00e9s am\u00e9liorent la vitalit\u00e9 des abeilles mellif\u00e8res (Source : INRAE)\" tabindex=\"-1\" >\n\t\t\tEn savoir plus \u00bb\t\t<\/a>\n\n\t\t\t\t<\/div>\n\t\t\t\t<\/article>\n\t\t\t\t<\/div>\n\t\t\n\t\t\t\t<div class=\"e-load-more-anchor\" data-page=\"1\" data-max-page=\"20\" data-next-page=\"https:\/\/www.beefeed.com\/fr\/wp-json\/wp\/v2\/pages\/9778\/page\/2\/\"><\/div>\n\t\t\t\t<nav class=\"elementor-pagination\" aria-label=\"Pagination\">\n\t\t\t<span aria-current=\"page\" class=\"page-numbers current\"><span class=\"elementor-screen-only\">Page<\/span>1<\/span>\n<a class=\"page-numbers\" href=\"https:\/\/www.beefeed.com\/fr\/wp-json\/wp\/v2\/pages\/9778\/page\/2\/\"><span class=\"elementor-screen-only\">Page<\/span>2<\/a>\n<a class=\"page-numbers\" href=\"https:\/\/www.beefeed.com\/fr\/wp-json\/wp\/v2\/pages\/9778\/page\/3\/\"><span class=\"elementor-screen-only\">Page<\/span>3<\/a>\n<a class=\"page-numbers\" href=\"https:\/\/www.beefeed.com\/fr\/wp-json\/wp\/v2\/pages\/9778\/page\/4\/\"><span class=\"elementor-screen-only\">Page<\/span>4<\/a>\n<a class=\"page-numbers\" href=\"https:\/\/www.beefeed.com\/fr\/wp-json\/wp\/v2\/pages\/9778\/page\/5\/\"><span class=\"elementor-screen-only\">Page<\/span>5<\/a>\t\t<\/nav>\n\t\t\t\t\t\t<\/div>\n\t\t\t\t<\/div>\n\t\t\t\t\t<\/div>\n\t\t<\/div>\n\t\t\t\t<div class=\"elementor-column elementor-col-50 elementor-inner-column elementor-element elementor-element-4854afc\" data-id=\"4854afc\" data-element_type=\"column\">\n\t\t\t<div class=\"elementor-widget-wrap\">\n\t\t\t\t\t\t\t<\/div>\n\t\t<\/div>\n\t\t\t\t\t<\/div>\n\t\t<\/section>\n\t\t\t\t\t<\/div>\n\t\t<\/div>\n\t\t\t\t\t<\/div>\n\t\t<\/section>\n\t\t\t\t<\/div>\n\t\t","protected":false},"excerpt":{"rendered":"<p>Liens Ces sites web contiennent nombre d\u2019informations int\u00e9ressantes, allant des bases \u00e0 la ma\u00eetrise de l\u2019apiculture.<\/p>\n","protected":false},"author":1,"featured_media":0,"parent":0,"menu_order":0,"comment_status":"closed","ping_status":"closed","template":"elementor_header_footer","meta":{"_acf_changed":false,"_mc_calendar":[],"footnotes":"","_links_to":"","_links_to_target":"","_wp_rev_ctl_limit":""},"class_list":["post-9778","page","type-page","status-publish","hentry"],"acf":[],"yoast_head":"<!-- This site is optimized with the Yoast SEO Premium plugin v25.6 (Yoast SEO v25.6) - https:\/\/yoast.com\/wordpress\/plugins\/seo\/ -->\n<title>API - Blog Liens<\/title>\n<meta name=\"robots\" content=\"index, follow, max-snippet:-1, max-image-preview:large, max-video-preview:-1\" \/>\n<link rel=\"canonical\" href=\"https:\/\/www.beefeed.com\/fr\/blog-liens\/\" \/>\n<meta property=\"og:locale\" content=\"fr_FR\" \/>\n<meta property=\"og:type\" content=\"article\" \/>\n<meta property=\"og:title\" content=\"Blog Liens\" \/>\n<meta property=\"og:description\" content=\"Liens Ces sites web contiennent nombre d\u2019informations int\u00e9ressantes, allant des bases \u00e0 la ma\u00eetrise de l\u2019apiculture.\" \/>\n<meta property=\"og:url\" content=\"https:\/\/www.beefeed.com\/fr\/blog-liens\/\" \/>\n<meta property=\"og:site_name\" content=\"API\" \/>\n<meta property=\"article:modified_time\" content=\"2022-11-25T12:20:34+00:00\" \/>\n<meta property=\"og:image\" content=\"https:\/\/www.beefeed.com\/wp-content\/uploads\/2019\/05\/Cropped_HEX_Library2-1024x558.jpg\" \/>\n<meta name=\"twitter:card\" content=\"summary_large_image\" \/>\n<meta name=\"twitter:label1\" content=\"Dur\u00e9e de lecture estim\u00e9e\" \/>\n\t<meta name=\"twitter:data1\" content=\"1 minute\" \/>\n<script type=\"application\/ld+json\" class=\"yoast-schema-graph\">{\"@context\":\"https:\/\/schema.org\",\"@graph\":[{\"@type\":\"WebPage\",\"@id\":\"https:\/\/www.beefeed.com\/fr\/blog-liens\/\",\"url\":\"https:\/\/www.beefeed.com\/fr\/blog-liens\/\",\"name\":\"API - Blog Liens\",\"isPartOf\":{\"@id\":\"https:\/\/www.beefeed.com\/fr\/#website\"},\"primaryImageOfPage\":{\"@id\":\"https:\/\/www.beefeed.com\/fr\/blog-liens\/#primaryimage\"},\"image\":{\"@id\":\"https:\/\/www.beefeed.com\/fr\/blog-liens\/#primaryimage\"},\"thumbnailUrl\":\"https:\/\/www.beefeed.com\/wp-content\/uploads\/2019\/05\/Cropped_HEX_Library2-1024x558.jpg\",\"datePublished\":\"2021-11-23T15:08:05+00:00\",\"dateModified\":\"2022-11-25T12:20:34+00:00\",\"breadcrumb\":{\"@id\":\"https:\/\/www.beefeed.com\/fr\/blog-liens\/#breadcrumb\"},\"inLanguage\":\"fr-FR\",\"potentialAction\":[{\"@type\":\"ReadAction\",\"target\":[\"https:\/\/www.beefeed.com\/fr\/blog-liens\/\"]}]},{\"@type\":\"ImageObject\",\"inLanguage\":\"fr-FR\",\"@id\":\"https:\/\/www.beefeed.com\/fr\/blog-liens\/#primaryimage\",\"url\":\"https:\/\/www.beefeed.com\/wp-content\/uploads\/2019\/05\/Cropped_HEX_Library2-1024x558.jpg\",\"contentUrl\":\"https:\/\/www.beefeed.com\/wp-content\/uploads\/2019\/05\/Cropped_HEX_Library2-1024x558.jpg\"},{\"@type\":\"BreadcrumbList\",\"@id\":\"https:\/\/www.beefeed.com\/fr\/blog-liens\/#breadcrumb\",\"itemListElement\":[{\"@type\":\"ListItem\",\"position\":1,\"name\":\"Home\",\"item\":\"https:\/\/www.beefeed.com\/fr\/\"},{\"@type\":\"ListItem\",\"position\":2,\"name\":\"Blog Liens\"}]},{\"@type\":\"WebSite\",\"@id\":\"https:\/\/www.beefeed.com\/fr\/#website\",\"url\":\"https:\/\/www.beefeed.com\/fr\/\",\"name\":\"API\",\"description\":\"\",\"publisher\":{\"@id\":\"https:\/\/www.beefeed.com\/fr\/#organization\"},\"potentialAction\":[{\"@type\":\"SearchAction\",\"target\":{\"@type\":\"EntryPoint\",\"urlTemplate\":\"https:\/\/www.beefeed.com\/fr\/?s={search_term_string}\"},\"query-input\":{\"@type\":\"PropertyValueSpecification\",\"valueRequired\":true,\"valueName\":\"search_term_string\"}}],\"inLanguage\":\"fr-FR\"},{\"@type\":\"Organization\",\"@id\":\"https:\/\/www.beefeed.com\/fr\/#organization\",\"name\":\"Suedzucker AG\",\"url\":\"https:\/\/www.beefeed.com\/fr\/\",\"logo\":{\"@type\":\"ImageObject\",\"inLanguage\":\"fr-FR\",\"@id\":\"https:\/\/www.beefeed.com\/fr\/#\/schema\/logo\/image\/\",\"url\":\"https:\/\/www.beefeed.com\/wp-content\/uploads\/2019\/06\/Logo-API-e1560863497158.png\",\"contentUrl\":\"https:\/\/www.beefeed.com\/wp-content\/uploads\/2019\/06\/Logo-API-e1560863497158.png\",\"width\":1772,\"height\":1890,\"caption\":\"Suedzucker AG\"},\"image\":{\"@id\":\"https:\/\/www.beefeed.com\/fr\/#\/schema\/logo\/image\/\"}}]}<\/script>\n<!-- \/ Yoast SEO Premium plugin. -->","yoast_head_json":{"title":"API - Blog Liens","robots":{"index":"index","follow":"follow","max-snippet":"max-snippet:-1","max-image-preview":"max-image-preview:large","max-video-preview":"max-video-preview:-1"},"canonical":"https:\/\/www.beefeed.com\/fr\/blog-liens\/","og_locale":"fr_FR","og_type":"article","og_title":"Blog Liens","og_description":"Liens Ces sites web contiennent nombre d\u2019informations int\u00e9ressantes, allant des bases \u00e0 la ma\u00eetrise de l\u2019apiculture.","og_url":"https:\/\/www.beefeed.com\/fr\/blog-liens\/","og_site_name":"API","article_modified_time":"2022-11-25T12:20:34+00:00","og_image":[{"url":"https:\/\/www.beefeed.com\/wp-content\/uploads\/2019\/05\/Cropped_HEX_Library2-1024x558.jpg","type":"","width":"","height":""}],"twitter_card":"summary_large_image","twitter_misc":{"Dur\u00e9e de lecture estim\u00e9e":"1 minute"},"schema":{"@context":"https:\/\/schema.org","@graph":[{"@type":"WebPage","@id":"https:\/\/www.beefeed.com\/fr\/blog-liens\/","url":"https:\/\/www.beefeed.com\/fr\/blog-liens\/","name":"API - Blog Liens","isPartOf":{"@id":"https:\/\/www.beefeed.com\/fr\/#website"},"primaryImageOfPage":{"@id":"https:\/\/www.beefeed.com\/fr\/blog-liens\/#primaryimage"},"image":{"@id":"https:\/\/www.beefeed.com\/fr\/blog-liens\/#primaryimage"},"thumbnailUrl":"https:\/\/www.beefeed.com\/wp-content\/uploads\/2019\/05\/Cropped_HEX_Library2-1024x558.jpg","datePublished":"2021-11-23T15:08:05+00:00","dateModified":"2022-11-25T12:20:34+00:00","breadcrumb":{"@id":"https:\/\/www.beefeed.com\/fr\/blog-liens\/#breadcrumb"},"inLanguage":"fr-FR","potentialAction":[{"@type":"ReadAction","target":["https:\/\/www.beefeed.com\/fr\/blog-liens\/"]}]},{"@type":"ImageObject","inLanguage":"fr-FR","@id":"https:\/\/www.beefeed.com\/fr\/blog-liens\/#primaryimage","url":"https:\/\/www.beefeed.com\/wp-content\/uploads\/2019\/05\/Cropped_HEX_Library2-1024x558.jpg","contentUrl":"https:\/\/www.beefeed.com\/wp-content\/uploads\/2019\/05\/Cropped_HEX_Library2-1024x558.jpg"},{"@type":"BreadcrumbList","@id":"https:\/\/www.beefeed.com\/fr\/blog-liens\/#breadcrumb","itemListElement":[{"@type":"ListItem","position":1,"name":"Home","item":"https:\/\/www.beefeed.com\/fr\/"},{"@type":"ListItem","position":2,"name":"Blog Liens"}]},{"@type":"WebSite","@id":"https:\/\/www.beefeed.com\/fr\/#website","url":"https:\/\/www.beefeed.com\/fr\/","name":"API","description":"","publisher":{"@id":"https:\/\/www.beefeed.com\/fr\/#organization"},"potentialAction":[{"@type":"SearchAction","target":{"@type":"EntryPoint","urlTemplate":"https:\/\/www.beefeed.com\/fr\/?s={search_term_string}"},"query-input":{"@type":"PropertyValueSpecification","valueRequired":true,"valueName":"search_term_string"}}],"inLanguage":"fr-FR"},{"@type":"Organization","@id":"https:\/\/www.beefeed.com\/fr\/#organization","name":"Suedzucker AG","url":"https:\/\/www.beefeed.com\/fr\/","logo":{"@type":"ImageObject","inLanguage":"fr-FR","@id":"https:\/\/www.beefeed.com\/fr\/#\/schema\/logo\/image\/","url":"https:\/\/www.beefeed.com\/wp-content\/uploads\/2019\/06\/Logo-API-e1560863497158.png","contentUrl":"https:\/\/www.beefeed.com\/wp-content\/uploads\/2019\/06\/Logo-API-e1560863497158.png","width":1772,"height":1890,"caption":"Suedzucker AG"},"image":{"@id":"https:\/\/www.beefeed.com\/fr\/#\/schema\/logo\/image\/"}}]}},"_links":{"self":[{"href":"https:\/\/www.beefeed.com\/fr\/wp-json\/wp\/v2\/pages\/9778","targetHints":{"allow":["GET"]}}],"collection":[{"href":"https:\/\/www.beefeed.com\/fr\/wp-json\/wp\/v2\/pages"}],"about":[{"href":"https:\/\/www.beefeed.com\/fr\/wp-json\/wp\/v2\/types\/page"}],"author":[{"embeddable":true,"href":"https:\/\/www.beefeed.com\/fr\/wp-json\/wp\/v2\/users\/1"}],"replies":[{"embeddable":true,"href":"https:\/\/www.beefeed.com\/fr\/wp-json\/wp\/v2\/comments?post=9778"}],"version-history":[{"count":0,"href":"https:\/\/www.beefeed.com\/fr\/wp-json\/wp\/v2\/pages\/9778\/revisions"}],"wp:attachment":[{"href":"https:\/\/www.beefeed.com\/fr\/wp-json\/wp\/v2\/media?parent=9778"}],"curies":[{"name":"wp","href":"https:\/\/api.w.org\/{rel}","templated":true}]}}