{"id":3961,"date":"2019-09-17T11:31:47","date_gmt":"2019-09-17T11:31:47","guid":{"rendered":"https:\/\/www.beefeed.com\/home\/"},"modified":"2023-07-17T09:10:00","modified_gmt":"2023-07-17T07:10:00","slug":"home","status":"publish","type":"page","link":"https:\/\/www.beefeed.com\/nl\/","title":{"rendered":"Home"},"content":{"rendered":"\t\t<div data-elementor-type=\"wp-post\" data-elementor-id=\"3961\" class=\"elementor elementor-3961 elementor-217\" data-elementor-post-type=\"page\">\n\t\t\t\t\t\t<section class=\"elementor-section elementor-top-section elementor-element elementor-element-1451d36 elementor-hidden-phone elementor-section-height-min-height top-row-desktop elementor-section-content-middle elementor-section-stretched elementor-section-full_width elementor-section-height-default elementor-section-items-middle\" data-id=\"1451d36\" data-element_type=\"section\" data-settings=\"{&quot;background_background&quot;:&quot;classic&quot;,&quot;stretch_section&quot;:&quot;section-stretched&quot;}\">\n\t\t\t\t\t\t<div class=\"elementor-container elementor-column-gap-default\">\n\t\t\t\t\t<div class=\"elementor-column elementor-col-50 elementor-top-column elementor-element elementor-element-908e3f6\" data-id=\"908e3f6\" data-element_type=\"column\" data-settings=\"{&quot;background_background&quot;:&quot;classic&quot;}\">\n\t\t\t<div class=\"elementor-widget-wrap elementor-element-populated\">\n\t\t\t\t\t\t<section class=\"elementor-section elementor-inner-section elementor-element elementor-element-c6b55d7 elementor-section-content-middle elementor-section-height-min-height elementor-section-boxed elementor-section-height-default\" data-id=\"c6b55d7\" data-element_type=\"section\">\n\t\t\t\t\t\t<div class=\"elementor-container elementor-column-gap-default\">\n\t\t\t\t\t<div class=\"elementor-column elementor-col-33 elementor-inner-column elementor-element elementor-element-d54f006\" data-id=\"d54f006\" data-element_type=\"column\">\n\t\t\t<div class=\"elementor-widget-wrap\">\n\t\t\t\t\t\t\t<\/div>\n\t\t<\/div>\n\t\t\t\t<div class=\"elementor-column elementor-col-33 elementor-inner-column elementor-element elementor-element-c81a487\" data-id=\"c81a487\" data-element_type=\"column\">\n\t\t\t<div class=\"elementor-widget-wrap elementor-element-populated\">\n\t\t\t\t\t\t<div class=\"elementor-element elementor-element-2d893d1 elementor-widget elementor-widget-heading\" data-id=\"2d893d1\" data-element_type=\"widget\" data-widget_type=\"heading.default\">\n\t\t\t\t<div class=\"elementor-widget-container\">\n\t\t\t\t\t<h1 class=\"elementor-heading-title elementor-size-default\">Don't worry<br>bee happy<\/h1>\t\t\t\t<\/div>\n\t\t\t\t<\/div>\n\t\t\t\t<div class=\"elementor-element elementor-element-a2c839c elementor-widget__width-initial elementor-widget elementor-widget-text-editor\" data-id=\"a2c839c\" data-element_type=\"widget\" data-widget_type=\"text-editor.default\">\n\t\t\t\t<div class=\"elementor-widget-container\">\n\t\t\t\t\t\t\t\t\t<p>API wordt geproduceerd door S\u00fcdzucker, een expert in de suikerproductie.<\/p>\n\t\t\t\t\t\t\t\t<\/div>\n\t\t\t\t<\/div>\n\t\t\t\t<div class=\"elementor-element elementor-element-eb8c5a3 elementor-align-center api-button-special elementor-widget elementor-widget-button\" data-id=\"eb8c5a3\" data-element_type=\"widget\" data-widget_type=\"button.default\">\n\t\t\t\t<div class=\"elementor-widget-container\">\n\t\t\t\t\t\t\t\t\t<div class=\"elementor-button-wrapper\">\n\t\t\t\t\t<a class=\"elementor-button elementor-button-link elementor-size-md\" href=\"https:\/\/www.beefeed.com\/nl\/producten\/\">\n\t\t\t\t\t\t<span class=\"elementor-button-content-wrapper\">\n\t\t\t\t\t\t\t\t\t<span class=\"elementor-button-text\">Onze producten<\/span>\n\t\t\t\t\t<\/span>\n\t\t\t\t\t<\/a>\n\t\t\t\t<\/div>\n\t\t\t\t\t\t\t\t<\/div>\n\t\t\t\t<\/div>\n\t\t\t\t\t<\/div>\n\t\t<\/div>\n\t\t\t\t<div class=\"elementor-column elementor-col-33 elementor-inner-column elementor-element elementor-element-c48b007\" data-id=\"c48b007\" data-element_type=\"column\">\n\t\t\t<div class=\"elementor-widget-wrap\">\n\t\t\t\t\t\t\t<\/div>\n\t\t<\/div>\n\t\t\t\t\t<\/div>\n\t\t<\/section>\n\t\t\t\t\t<\/div>\n\t\t<\/div>\n\t\t\t\t<div class=\"elementor-column elementor-col-50 elementor-top-column elementor-element elementor-element-a421ff0\" data-id=\"a421ff0\" data-element_type=\"column\">\n\t\t\t<div class=\"elementor-widget-wrap\">\n\t\t\t\t\t\t\t<\/div>\n\t\t<\/div>\n\t\t\t\t\t<\/div>\n\t\t<\/section>\n\t\t\t\t<section class=\"elementor-section elementor-top-section elementor-element elementor-element-9df415f elementor-section-height-min-height top-row-mobile elementor-hidden-desktop elementor-hidden-tablet elementor-section-full_width elementor-section-height-default elementor-section-items-middle\" data-id=\"9df415f\" data-element_type=\"section\" data-settings=\"{&quot;background_background&quot;:&quot;classic&quot;}\">\n\t\t\t\t\t\t<div class=\"elementor-container elementor-column-gap-default\">\n\t\t\t\t\t<div class=\"elementor-column elementor-col-50 elementor-top-column elementor-element elementor-element-c9c5694\" data-id=\"c9c5694\" data-element_type=\"column\" data-settings=\"{&quot;background_background&quot;:&quot;classic&quot;}\">\n\t\t\t<div class=\"elementor-widget-wrap elementor-element-populated\">\n\t\t\t\t\t\t<div class=\"elementor-element elementor-element-69ce598 elementor-widget elementor-widget-heading\" data-id=\"69ce598\" data-element_type=\"widget\" data-widget_type=\"heading.default\">\n\t\t\t\t<div class=\"elementor-widget-container\">\n\t\t\t\t\t<h2 class=\"elementor-heading-title elementor-size-default\">Don't worry<br>bee happy<\/h2>\t\t\t\t<\/div>\n\t\t\t\t<\/div>\n\t\t\t\t<div class=\"elementor-element elementor-element-1475f79 elementor-widget__width-initial elementor-widget elementor-widget-text-editor\" data-id=\"1475f79\" data-element_type=\"widget\" data-widget_type=\"text-editor.default\">\n\t\t\t\t<div class=\"elementor-widget-container\">\n\t\t\t\t\t\t\t\t\t<p>API wordt geproduceerd door S\u00fcdzucker, een expert in de suikerproductie.<\/p>\n\t\t\t\t\t\t\t\t<\/div>\n\t\t\t\t<\/div>\n\t\t\t\t<div class=\"elementor-element elementor-element-c7a1532 elementor-align-center api-button-special elementor-tablet-align-left elementor-mobile-align-left elementor-widget elementor-widget-button\" data-id=\"c7a1532\" data-element_type=\"widget\" data-widget_type=\"button.default\">\n\t\t\t\t<div class=\"elementor-widget-container\">\n\t\t\t\t\t\t\t\t\t<div class=\"elementor-button-wrapper\">\n\t\t\t\t\t<a class=\"elementor-button elementor-button-link elementor-size-sm\" href=\"https:\/\/www.beefeed.com\/nl\/producten\/\">\n\t\t\t\t\t\t<span class=\"elementor-button-content-wrapper\">\n\t\t\t\t\t\t\t\t\t<span class=\"elementor-button-text\">Onze producten<\/span>\n\t\t\t\t\t<\/span>\n\t\t\t\t\t<\/a>\n\t\t\t\t<\/div>\n\t\t\t\t\t\t\t\t<\/div>\n\t\t\t\t<\/div>\n\t\t\t\t\t<\/div>\n\t\t<\/div>\n\t\t\t\t<div class=\"elementor-column elementor-col-50 elementor-top-column elementor-element elementor-element-f95002a\" data-id=\"f95002a\" data-element_type=\"column\">\n\t\t\t<div class=\"elementor-widget-wrap\">\n\t\t\t\t\t\t\t<\/div>\n\t\t<\/div>\n\t\t\t\t\t<\/div>\n\t\t<\/section>\n\t\t\t\t<section class=\"elementor-section elementor-top-section elementor-element elementor-element-7c0ebbc elementor-section-stretched elementor-section-content-top elementor-section-boxed elementor-section-height-default elementor-section-height-default\" data-id=\"7c0ebbc\" data-element_type=\"section\" data-settings=\"{&quot;stretch_section&quot;:&quot;section-stretched&quot;,&quot;background_background&quot;:&quot;classic&quot;}\">\n\t\t\t\t\t\t<div class=\"elementor-container elementor-column-gap-default\">\n\t\t\t\t\t<div class=\"elementor-column elementor-col-50 elementor-top-column elementor-element elementor-element-6c3302c\" data-id=\"6c3302c\" data-element_type=\"column\">\n\t\t\t<div class=\"elementor-widget-wrap elementor-element-populated\">\n\t\t\t\t\t\t<section class=\"elementor-section elementor-inner-section elementor-element elementor-element-adc9be0 elementor-section-boxed elementor-section-height-default elementor-section-height-default\" data-id=\"adc9be0\" data-element_type=\"section\">\n\t\t\t\t\t\t<div class=\"elementor-container elementor-column-gap-default\">\n\t\t\t\t\t<div class=\"elementor-column elementor-col-100 elementor-inner-column elementor-element elementor-element-ecf5a1d\" data-id=\"ecf5a1d\" data-element_type=\"column\">\n\t\t\t<div class=\"elementor-widget-wrap elementor-element-populated\">\n\t\t\t\t\t\t<div class=\"elementor-element elementor-element-dd4f558 elementor-widget elementor-widget-text-editor\" data-id=\"dd4f558\" data-element_type=\"widget\" data-widget_type=\"text-editor.default\">\n\t\t\t\t<div class=\"elementor-widget-container\">\n\t\t\t\t\t\t\t\t\t<p>S\u00fcdzucker gebruikt al meer dan 40 jaar zijn uitgebreide kennis en ervaring op het gebied van suikerproductie om zo het bijenvoer in het API-assortiment te produceren.<\/p>\n\t\t\t\t\t\t\t\t<\/div>\n\t\t\t\t<\/div>\n\t\t\t\t\t<\/div>\n\t\t<\/div>\n\t\t\t\t\t<\/div>\n\t\t<\/section>\n\t\t\t\t<section class=\"elementor-section elementor-inner-section elementor-element elementor-element-60bb6ec elementor-section-boxed elementor-section-height-default elementor-section-height-default\" data-id=\"60bb6ec\" data-element_type=\"section\" data-settings=\"{&quot;background_background&quot;:&quot;classic&quot;}\">\n\t\t\t\t\t\t<div class=\"elementor-container elementor-column-gap-default\">\n\t\t\t\t\t<div class=\"elementor-column elementor-col-100 elementor-inner-column elementor-element elementor-element-bc9d767 api-section-column\" data-id=\"bc9d767\" data-element_type=\"column\" data-settings=\"{&quot;background_background&quot;:&quot;classic&quot;}\">\n\t\t\t<div class=\"elementor-widget-wrap elementor-element-populated\">\n\t\t\t\t\t\t<div class=\"elementor-element elementor-element-005eb91 elementor-widget elementor-widget-heading\" data-id=\"005eb91\" data-element_type=\"widget\" data-widget_type=\"heading.default\">\n\t\t\t\t<div class=\"elementor-widget-container\">\n\t\t\t\t\t<h2 class=\"elementor-heading-title elementor-size-default\">Het beste voor bijen<\/h2>\t\t\t\t<\/div>\n\t\t\t\t<\/div>\n\t\t\t\t<div class=\"elementor-element elementor-element-07118cf elementor-widget elementor-widget-text-editor\" data-id=\"07118cf\" data-element_type=\"widget\" data-widget_type=\"text-editor.default\">\n\t\t\t\t<div class=\"elementor-widget-container\">\n\t\t\t\t\t\t\t\t\t<p>Onze kant-en-klare voedingsproducten voldoen aan alle eisen van een gezonde bijenvoeding. Het zijn allemaal kant-en-klare bereidingen die niet veel tijd in beslag nemen.<\/p>\n\t\t\t\t\t\t\t\t<\/div>\n\t\t\t\t<\/div>\n\t\t\t\t<div class=\"elementor-element elementor-element-5cb3ae9 api-button elementor-widget elementor-widget-button\" data-id=\"5cb3ae9\" data-element_type=\"widget\" data-widget_type=\"button.default\">\n\t\t\t\t<div class=\"elementor-widget-container\">\n\t\t\t\t\t\t\t\t\t<div class=\"elementor-button-wrapper\">\n\t\t\t\t\t<a class=\"elementor-button elementor-button-link elementor-size-md\" href=\"https:\/\/www.beefeed.com\/nl\/producten\/\">\n\t\t\t\t\t\t<span class=\"elementor-button-content-wrapper\">\n\t\t\t\t\t\t\t\t\t<span class=\"elementor-button-text\">Lees meer<\/span>\n\t\t\t\t\t<\/span>\n\t\t\t\t\t<\/a>\n\t\t\t\t<\/div>\n\t\t\t\t\t\t\t\t<\/div>\n\t\t\t\t<\/div>\n\t\t\t\t\t<\/div>\n\t\t<\/div>\n\t\t\t\t\t<\/div>\n\t\t<\/section>\n\t\t\t\t\t<\/div>\n\t\t<\/div>\n\t\t\t\t<div class=\"elementor-column elementor-col-50 elementor-top-column elementor-element elementor-element-102e8e1\" data-id=\"102e8e1\" data-element_type=\"column\">\n\t\t\t<div class=\"elementor-widget-wrap\">\n\t\t\t\t\t\t\t<\/div>\n\t\t<\/div>\n\t\t\t\t\t<\/div>\n\t\t<\/section>\n\t\t\t\t<section class=\"elementor-section elementor-top-section elementor-element elementor-element-37509b7 elementor-section-stretched elementor-section-content-top elementor-section-boxed elementor-section-height-default elementor-section-height-default\" data-id=\"37509b7\" data-element_type=\"section\" data-settings=\"{&quot;stretch_section&quot;:&quot;section-stretched&quot;,&quot;background_background&quot;:&quot;classic&quot;}\">\n\t\t\t\t\t\t<div class=\"elementor-container elementor-column-gap-default\">\n\t\t\t\t\t<div class=\"elementor-column elementor-col-100 elementor-top-column elementor-element elementor-element-7cf1cfd\" data-id=\"7cf1cfd\" data-element_type=\"column\">\n\t\t\t<div class=\"elementor-widget-wrap elementor-element-populated\">\n\t\t\t\t\t\t<div class=\"elementor-element elementor-element-fa0ca74 elementor-widget elementor-widget-text-editor\" data-id=\"fa0ca74\" data-element_type=\"widget\" data-widget_type=\"text-editor.default\">\n\t\t\t\t<div class=\"elementor-widget-container\">\n\t\t\t\t\t\t\t\t\t<p><\/p>\n\t\t\t\t\t\t\t\t<\/div>\n\t\t\t\t<\/div>\n\t\t\t\t\t<\/div>\n\t\t<\/div>\n\t\t\t\t\t<\/div>\n\t\t<\/section>\n\t\t\t\t<\/div>\n\t\t","protected":false},"excerpt":{"rendered":"<p>Don&#8217;t worrybee happy API wordt geproduceerd door S\u00fcdzucker, een expert in de suikerproductie. Onze producten Don&#8217;t worrybee happy API wordt geproduceerd door S\u00fcdzucker, een expert in de suikerproductie. Onze producten S\u00fcdzucker gebruikt al meer dan 40 jaar zijn uitgebreide kennis en ervaring op het gebied van suikerproductie om zo het bijenvoer in het API-assortiment te [&hellip;]<\/p>\n","protected":false},"author":1,"featured_media":0,"parent":0,"menu_order":0,"comment_status":"closed","ping_status":"closed","template":"elementor_header_footer","meta":{"_acf_changed":false,"_mc_calendar":[],"footnotes":"","_links_to":"","_links_to_target":"","_wp_rev_ctl_limit":""},"class_list":["post-3961","page","type-page","status-publish","hentry"],"acf":[],"yoast_head":"<!-- This site is optimized with the Yoast SEO Premium plugin v25.6 (Yoast SEO v25.6) - https:\/\/yoast.com\/wordpress\/plugins\/seo\/ -->\n<title>Home - S\u00fcdzucker API Producten voor bijenvoeding<\/title>\n<meta name=\"robots\" content=\"index, follow, max-snippet:-1, max-image-preview:large, max-video-preview:-1\" \/>\n<link rel=\"canonical\" href=\"https:\/\/www.beefeed.com\/nl\/\" \/>\n<meta property=\"og:locale\" content=\"nl_NL\" \/>\n<meta property=\"og:type\" content=\"article\" \/>\n<meta property=\"og:title\" content=\"Home\" \/>\n<meta property=\"og:description\" content=\"Don&#8217;t worrybee happy API wordt geproduceerd door S\u00fcdzucker, een expert in de suikerproductie. Onze producten Don&#8217;t worrybee happy API wordt geproduceerd door S\u00fcdzucker, een expert in de suikerproductie. Onze producten S\u00fcdzucker gebruikt al meer dan 40 jaar zijn uitgebreide kennis en ervaring op het gebied van suikerproductie om zo het bijenvoer in het API-assortiment te [&hellip;]\" \/>\n<meta property=\"og:url\" content=\"https:\/\/www.beefeed.com\/nl\/\" \/>\n<meta property=\"og:site_name\" content=\"API\" \/>\n<meta property=\"article:modified_time\" content=\"2023-07-17T07:10:00+00:00\" \/>\n<meta property=\"og:image\" content=\"https:\/\/www.beefeed.com\/wp-content\/uploads\/2019\/07\/API-Full-Range-line-up-v2.png\" \/>\n\t<meta property=\"og:image:width\" content=\"1140\" \/>\n\t<meta property=\"og:image:height\" content=\"795\" \/>\n\t<meta property=\"og:image:type\" content=\"image\/png\" \/>\n<meta name=\"twitter:card\" content=\"summary_large_image\" \/>\n<meta name=\"twitter:label1\" content=\"Geschatte leestijd\" \/>\n\t<meta name=\"twitter:data1\" content=\"1 minuut\" \/>\n<script type=\"application\/ld+json\" class=\"yoast-schema-graph\">{\"@context\":\"https:\/\/schema.org\",\"@graph\":[{\"@type\":\"WebPage\",\"@id\":\"https:\/\/www.beefeed.com\/nl\/\",\"url\":\"https:\/\/www.beefeed.com\/nl\/\",\"name\":\"Home - S\u00fcdzucker API Producten voor bijenvoeding\",\"isPartOf\":{\"@id\":\"https:\/\/www.beefeed.com\/nl\/#website\"},\"datePublished\":\"2019-09-17T11:31:47+00:00\",\"dateModified\":\"2023-07-17T07:10:00+00:00\",\"breadcrumb\":{\"@id\":\"https:\/\/www.beefeed.com\/nl\/#breadcrumb\"},\"inLanguage\":\"nl-NL\",\"potentialAction\":[{\"@type\":\"ReadAction\",\"target\":[\"https:\/\/www.beefeed.com\/nl\/\"]}]},{\"@type\":\"BreadcrumbList\",\"@id\":\"https:\/\/www.beefeed.com\/nl\/#breadcrumb\",\"itemListElement\":[{\"@type\":\"ListItem\",\"position\":1,\"name\":\"Home\",\"item\":\"https:\/\/www.beefeed.com\/nl\/\"},{\"@type\":\"ListItem\",\"position\":2,\"name\":\"Home\"}]},{\"@type\":\"WebSite\",\"@id\":\"https:\/\/www.beefeed.com\/nl\/#website\",\"url\":\"https:\/\/www.beefeed.com\/nl\/\",\"name\":\"API\",\"description\":\"\",\"publisher\":{\"@id\":\"https:\/\/www.beefeed.com\/nl\/#organization\"},\"potentialAction\":[{\"@type\":\"SearchAction\",\"target\":{\"@type\":\"EntryPoint\",\"urlTemplate\":\"https:\/\/www.beefeed.com\/nl\/?s={search_term_string}\"},\"query-input\":{\"@type\":\"PropertyValueSpecification\",\"valueRequired\":true,\"valueName\":\"search_term_string\"}}],\"inLanguage\":\"nl-NL\"},{\"@type\":\"Organization\",\"@id\":\"https:\/\/www.beefeed.com\/nl\/#organization\",\"name\":\"Suedzucker AG\",\"url\":\"https:\/\/www.beefeed.com\/nl\/\",\"logo\":{\"@type\":\"ImageObject\",\"inLanguage\":\"nl-NL\",\"@id\":\"https:\/\/www.beefeed.com\/nl\/#\/schema\/logo\/image\/\",\"url\":\"https:\/\/www.beefeed.com\/wp-content\/uploads\/2019\/06\/Logo-API-e1560863497158.png\",\"contentUrl\":\"https:\/\/www.beefeed.com\/wp-content\/uploads\/2019\/06\/Logo-API-e1560863497158.png\",\"width\":1772,\"height\":1890,\"caption\":\"Suedzucker AG\"},\"image\":{\"@id\":\"https:\/\/www.beefeed.com\/nl\/#\/schema\/logo\/image\/\"}}]}<\/script>\n<!-- \/ Yoast SEO Premium plugin. -->","yoast_head_json":{"title":"Home - S\u00fcdzucker API Producten voor bijenvoeding","robots":{"index":"index","follow":"follow","max-snippet":"max-snippet:-1","max-image-preview":"max-image-preview:large","max-video-preview":"max-video-preview:-1"},"canonical":"https:\/\/www.beefeed.com\/nl\/","og_locale":"nl_NL","og_type":"article","og_title":"Home","og_description":"Don&#8217;t worrybee happy API wordt geproduceerd door S\u00fcdzucker, een expert in de suikerproductie. Onze producten Don&#8217;t worrybee happy API wordt geproduceerd door S\u00fcdzucker, een expert in de suikerproductie. Onze producten S\u00fcdzucker gebruikt al meer dan 40 jaar zijn uitgebreide kennis en ervaring op het gebied van suikerproductie om zo het bijenvoer in het API-assortiment te [&hellip;]","og_url":"https:\/\/www.beefeed.com\/nl\/","og_site_name":"API","article_modified_time":"2023-07-17T07:10:00+00:00","og_image":[{"width":1140,"height":795,"url":"https:\/\/www.beefeed.com\/wp-content\/uploads\/2019\/07\/API-Full-Range-line-up-v2.png","type":"image\/png"}],"twitter_card":"summary_large_image","twitter_misc":{"Geschatte leestijd":"1 minuut"},"schema":{"@context":"https:\/\/schema.org","@graph":[{"@type":"WebPage","@id":"https:\/\/www.beefeed.com\/nl\/","url":"https:\/\/www.beefeed.com\/nl\/","name":"Home - S\u00fcdzucker API Producten voor bijenvoeding","isPartOf":{"@id":"https:\/\/www.beefeed.com\/nl\/#website"},"datePublished":"2019-09-17T11:31:47+00:00","dateModified":"2023-07-17T07:10:00+00:00","breadcrumb":{"@id":"https:\/\/www.beefeed.com\/nl\/#breadcrumb"},"inLanguage":"nl-NL","potentialAction":[{"@type":"ReadAction","target":["https:\/\/www.beefeed.com\/nl\/"]}]},{"@type":"BreadcrumbList","@id":"https:\/\/www.beefeed.com\/nl\/#breadcrumb","itemListElement":[{"@type":"ListItem","position":1,"name":"Home","item":"https:\/\/www.beefeed.com\/nl\/"},{"@type":"ListItem","position":2,"name":"Home"}]},{"@type":"WebSite","@id":"https:\/\/www.beefeed.com\/nl\/#website","url":"https:\/\/www.beefeed.com\/nl\/","name":"API","description":"","publisher":{"@id":"https:\/\/www.beefeed.com\/nl\/#organization"},"potentialAction":[{"@type":"SearchAction","target":{"@type":"EntryPoint","urlTemplate":"https:\/\/www.beefeed.com\/nl\/?s={search_term_string}"},"query-input":{"@type":"PropertyValueSpecification","valueRequired":true,"valueName":"search_term_string"}}],"inLanguage":"nl-NL"},{"@type":"Organization","@id":"https:\/\/www.beefeed.com\/nl\/#organization","name":"Suedzucker AG","url":"https:\/\/www.beefeed.com\/nl\/","logo":{"@type":"ImageObject","inLanguage":"nl-NL","@id":"https:\/\/www.beefeed.com\/nl\/#\/schema\/logo\/image\/","url":"https:\/\/www.beefeed.com\/wp-content\/uploads\/2019\/06\/Logo-API-e1560863497158.png","contentUrl":"https:\/\/www.beefeed.com\/wp-content\/uploads\/2019\/06\/Logo-API-e1560863497158.png","width":1772,"height":1890,"caption":"Suedzucker AG"},"image":{"@id":"https:\/\/www.beefeed.com\/nl\/#\/schema\/logo\/image\/"}}]}},"_links":{"self":[{"href":"https:\/\/www.beefeed.com\/nl\/wp-json\/wp\/v2\/pages\/3961","targetHints":{"allow":["GET"]}}],"collection":[{"href":"https:\/\/www.beefeed.com\/nl\/wp-json\/wp\/v2\/pages"}],"about":[{"href":"https:\/\/www.beefeed.com\/nl\/wp-json\/wp\/v2\/types\/page"}],"author":[{"embeddable":true,"href":"https:\/\/www.beefeed.com\/nl\/wp-json\/wp\/v2\/users\/1"}],"replies":[{"embeddable":true,"href":"https:\/\/www.beefeed.com\/nl\/wp-json\/wp\/v2\/comments?post=3961"}],"version-history":[{"count":0,"href":"https:\/\/www.beefeed.com\/nl\/wp-json\/wp\/v2\/pages\/3961\/revisions"}],"wp:attachment":[{"href":"https:\/\/www.beefeed.com\/nl\/wp-json\/wp\/v2\/media?parent=3961"}],"curies":[{"name":"wp","href":"https:\/\/api.w.org\/{rel}","templated":true}]}}