{"id":4292,"date":"2019-09-18T09:11:38","date_gmt":"2019-09-18T09:11:38","guid":{"rendered":"https:\/\/www.beefeed.com\/strona-glowna\/"},"modified":"2020-05-19T15:43:40","modified_gmt":"2020-05-19T13:43:40","slug":"strona-glowna","status":"publish","type":"page","link":"https:\/\/www.beefeed.com\/pl\/","title":{"rendered":"Strona g\u0142\u00f3wna"},"content":{"rendered":"\t\t<div data-elementor-type=\"wp-post\" data-elementor-id=\"4292\" class=\"elementor elementor-4292 elementor-217\" data-elementor-post-type=\"page\">\n\t\t\t\t\t\t<section class=\"elementor-section elementor-top-section elementor-element elementor-element-2958e91 elementor-hidden-phone elementor-section-height-min-height top-row-desktop elementor-section-boxed elementor-section-height-default elementor-section-items-middle\" data-id=\"2958e91\" data-element_type=\"section\" data-settings=\"{&quot;background_background&quot;:&quot;classic&quot;}\">\n\t\t\t\t\t\t<div class=\"elementor-container elementor-column-gap-default\">\n\t\t\t\t\t<div class=\"elementor-column elementor-col-16 elementor-top-column elementor-element elementor-element-e2e3d41\" data-id=\"e2e3d41\" data-element_type=\"column\">\n\t\t\t<div class=\"elementor-widget-wrap\">\n\t\t\t\t\t\t\t<\/div>\n\t\t<\/div>\n\t\t\t\t<div class=\"elementor-column elementor-col-66 elementor-top-column elementor-element elementor-element-4111530\" data-id=\"4111530\" data-element_type=\"column\" data-settings=\"{&quot;background_background&quot;:&quot;classic&quot;}\">\n\t\t\t<div class=\"elementor-widget-wrap elementor-element-populated\">\n\t\t\t\t\t\t<div class=\"elementor-element elementor-element-cf9fffb elementor-widget elementor-widget-spacer\" data-id=\"cf9fffb\" data-element_type=\"widget\" data-widget_type=\"spacer.default\">\n\t\t\t\t<div class=\"elementor-widget-container\">\n\t\t\t\t\t\t\t<div class=\"elementor-spacer\">\n\t\t\t<div class=\"elementor-spacer-inner\"><\/div>\n\t\t<\/div>\n\t\t\t\t\t\t<\/div>\n\t\t\t\t<\/div>\n\t\t\t\t<section class=\"elementor-section elementor-inner-section elementor-element elementor-element-0787951 elementor-section-boxed elementor-section-height-default elementor-section-height-default\" data-id=\"0787951\" data-element_type=\"section\">\n\t\t\t\t\t\t<div class=\"elementor-container elementor-column-gap-default\">\n\t\t\t\t\t<div class=\"elementor-column elementor-col-33 elementor-inner-column elementor-element elementor-element-576e486\" data-id=\"576e486\" data-element_type=\"column\">\n\t\t\t<div class=\"elementor-widget-wrap\">\n\t\t\t\t\t\t\t<\/div>\n\t\t<\/div>\n\t\t\t\t<div class=\"elementor-column elementor-col-33 elementor-inner-column elementor-element elementor-element-0249cd1\" data-id=\"0249cd1\" data-element_type=\"column\">\n\t\t\t<div class=\"elementor-widget-wrap elementor-element-populated\">\n\t\t\t\t\t\t<div class=\"elementor-element elementor-element-74ff438 elementor-widget elementor-widget-heading\" data-id=\"74ff438\" data-element_type=\"widget\" data-widget_type=\"heading.default\">\n\t\t\t\t<div class=\"elementor-widget-container\">\n\t\t\t\t\t<h1 class=\"elementor-heading-title elementor-size-default\">Szcz\u0119\u015bliwe pszczo\u0142y (\u201eDon't worry, bee happy\u201d)<\/h1>\t\t\t\t<\/div>\n\t\t\t\t<\/div>\n\t\t\t\t<div class=\"elementor-element elementor-element-055f330 elementor-widget__width-initial elementor-widget elementor-widget-text-editor\" data-id=\"055f330\" data-element_type=\"widget\" data-widget_type=\"text-editor.default\">\n\t\t\t\t<div class=\"elementor-widget-container\">\n\t\t\t\t\t\t\t\t\t<p>Produkt API jest wytwarzany przez firm\u0119 S\u00fcdzucker b\u0119d\u0105c\u0105 ekspertem w produkcji cukru.<\/p>\n\t\t\t\t\t\t\t\t<\/div>\n\t\t\t\t<\/div>\n\t\t\t\t<div class=\"elementor-element elementor-element-d836e24 elementor-align-center api-button-special elementor-widget elementor-widget-button\" data-id=\"d836e24\" data-element_type=\"widget\" data-widget_type=\"button.default\">\n\t\t\t\t<div class=\"elementor-widget-container\">\n\t\t\t\t\t\t\t\t\t<div class=\"elementor-button-wrapper\">\n\t\t\t\t\t<a class=\"elementor-button elementor-button-link elementor-size-md\" href=\"https:\/\/www.beefeed.com\/pl\/nasze-produkty\/\">\n\t\t\t\t\t\t<span class=\"elementor-button-content-wrapper\">\n\t\t\t\t\t\t\t\t\t<span class=\"elementor-button-text\">Nasze produkty   <\/span>\n\t\t\t\t\t<\/span>\n\t\t\t\t\t<\/a>\n\t\t\t\t<\/div>\n\t\t\t\t\t\t\t\t<\/div>\n\t\t\t\t<\/div>\n\t\t\t\t\t<\/div>\n\t\t<\/div>\n\t\t\t\t<div class=\"elementor-column elementor-col-33 elementor-inner-column elementor-element elementor-element-4f00646\" data-id=\"4f00646\" data-element_type=\"column\">\n\t\t\t<div class=\"elementor-widget-wrap\">\n\t\t\t\t\t\t\t<\/div>\n\t\t<\/div>\n\t\t\t\t\t<\/div>\n\t\t<\/section>\n\t\t\t\t<div class=\"elementor-element elementor-element-13c327e elementor-widget elementor-widget-spacer\" data-id=\"13c327e\" data-element_type=\"widget\" data-widget_type=\"spacer.default\">\n\t\t\t\t<div class=\"elementor-widget-container\">\n\t\t\t\t\t\t\t<div class=\"elementor-spacer\">\n\t\t\t<div class=\"elementor-spacer-inner\"><\/div>\n\t\t<\/div>\n\t\t\t\t\t\t<\/div>\n\t\t\t\t<\/div>\n\t\t\t\t\t<\/div>\n\t\t<\/div>\n\t\t\t\t<div class=\"elementor-column elementor-col-16 elementor-top-column elementor-element elementor-element-d85b2b5\" data-id=\"d85b2b5\" data-element_type=\"column\">\n\t\t\t<div class=\"elementor-widget-wrap\">\n\t\t\t\t\t\t\t<\/div>\n\t\t<\/div>\n\t\t\t\t\t<\/div>\n\t\t<\/section>\n\t\t\t\t<section class=\"elementor-section elementor-top-section elementor-element elementor-element-9df415f elementor-section-height-min-height top-row-mobile elementor-hidden-desktop elementor-hidden-tablet elementor-section-full_width elementor-section-height-default elementor-section-items-middle\" data-id=\"9df415f\" data-element_type=\"section\" data-settings=\"{&quot;background_background&quot;:&quot;classic&quot;}\">\n\t\t\t\t\t\t<div class=\"elementor-container elementor-column-gap-default\">\n\t\t\t\t\t<div class=\"elementor-column elementor-col-50 elementor-top-column elementor-element elementor-element-c9c5694\" data-id=\"c9c5694\" data-element_type=\"column\" data-settings=\"{&quot;background_background&quot;:&quot;classic&quot;}\">\n\t\t\t<div class=\"elementor-widget-wrap elementor-element-populated\">\n\t\t\t\t\t\t<div class=\"elementor-element elementor-element-69ce598 elementor-widget elementor-widget-heading\" data-id=\"69ce598\" data-element_type=\"widget\" data-widget_type=\"heading.default\">\n\t\t\t\t<div class=\"elementor-widget-container\">\n\t\t\t\t\t<h2 class=\"elementor-heading-title elementor-size-default\">Szcz\u0119\u015bliwe pszczo\u0142y (\u201eDon't worry, bee happy\u201d)<\/h2>\t\t\t\t<\/div>\n\t\t\t\t<\/div>\n\t\t\t\t<div class=\"elementor-element elementor-element-1475f79 elementor-widget__width-initial elementor-widget elementor-widget-text-editor\" data-id=\"1475f79\" data-element_type=\"widget\" data-widget_type=\"text-editor.default\">\n\t\t\t\t<div class=\"elementor-widget-container\">\n\t\t\t\t\t\t\t\t\t<p>Produkt API jest wytwarzany przez firm\u0119 S\u00fcdzucker b\u0119d\u0105c\u0105 ekspertem w produkcji cukru.<\/p>\n\t\t\t\t\t\t\t\t<\/div>\n\t\t\t\t<\/div>\n\t\t\t\t<div class=\"elementor-element elementor-element-c7a1532 elementor-align-center api-button-special elementor-tablet-align-left elementor-mobile-align-left elementor-widget elementor-widget-button\" data-id=\"c7a1532\" data-element_type=\"widget\" data-widget_type=\"button.default\">\n\t\t\t\t<div class=\"elementor-widget-container\">\n\t\t\t\t\t\t\t\t\t<div class=\"elementor-button-wrapper\">\n\t\t\t\t\t<a class=\"elementor-button elementor-button-link elementor-size-sm\" href=\"https:\/\/www.beefeed.com\/pl\/nasze-produkty\/\">\n\t\t\t\t\t\t<span class=\"elementor-button-content-wrapper\">\n\t\t\t\t\t\t\t\t\t<span class=\"elementor-button-text\">Nasze produkty   <\/span>\n\t\t\t\t\t<\/span>\n\t\t\t\t\t<\/a>\n\t\t\t\t<\/div>\n\t\t\t\t\t\t\t\t<\/div>\n\t\t\t\t<\/div>\n\t\t\t\t\t<\/div>\n\t\t<\/div>\n\t\t\t\t<div class=\"elementor-column elementor-col-50 elementor-top-column elementor-element elementor-element-f95002a\" data-id=\"f95002a\" data-element_type=\"column\">\n\t\t\t<div class=\"elementor-widget-wrap\">\n\t\t\t\t\t\t\t<\/div>\n\t\t<\/div>\n\t\t\t\t\t<\/div>\n\t\t<\/section>\n\t\t\t\t<section class=\"elementor-section elementor-top-section elementor-element elementor-element-7c0ebbc elementor-section-stretched elementor-section-content-top elementor-section-boxed elementor-section-height-default elementor-section-height-default\" data-id=\"7c0ebbc\" data-element_type=\"section\" data-settings=\"{&quot;stretch_section&quot;:&quot;section-stretched&quot;,&quot;background_background&quot;:&quot;classic&quot;}\">\n\t\t\t\t\t\t<div class=\"elementor-container elementor-column-gap-default\">\n\t\t\t\t\t<div class=\"elementor-column elementor-col-50 elementor-top-column elementor-element elementor-element-6c3302c\" data-id=\"6c3302c\" data-element_type=\"column\">\n\t\t\t<div class=\"elementor-widget-wrap elementor-element-populated\">\n\t\t\t\t\t\t<section class=\"elementor-section elementor-inner-section elementor-element elementor-element-adc9be0 elementor-section-boxed elementor-section-height-default elementor-section-height-default\" data-id=\"adc9be0\" data-element_type=\"section\">\n\t\t\t\t\t\t<div class=\"elementor-container elementor-column-gap-default\">\n\t\t\t\t\t<div class=\"elementor-column elementor-col-100 elementor-inner-column elementor-element elementor-element-ecf5a1d\" data-id=\"ecf5a1d\" data-element_type=\"column\">\n\t\t\t<div class=\"elementor-widget-wrap elementor-element-populated\">\n\t\t\t\t\t\t<div class=\"elementor-element elementor-element-dd4f558 elementor-widget elementor-widget-text-editor\" data-id=\"dd4f558\" data-element_type=\"widget\" data-widget_type=\"text-editor.default\">\n\t\t\t\t<div class=\"elementor-widget-container\">\n\t\t\t\t\t\t\t\t\t<p>Od ponad 40 lat firma S\u00fcdzucker wykorzystuje rozleg\u0142\u0105 wiedz\u0119 i do\u015bwiadczenie z zakresu produkcji cukru do wytwarzania gamy pokarmu dla pszcz\u00f3\u0142 API.<\/p>\n\t\t\t\t\t\t\t\t<\/div>\n\t\t\t\t<\/div>\n\t\t\t\t\t<\/div>\n\t\t<\/div>\n\t\t\t\t\t<\/div>\n\t\t<\/section>\n\t\t\t\t<section class=\"elementor-section elementor-inner-section elementor-element elementor-element-60bb6ec elementor-section-boxed elementor-section-height-default elementor-section-height-default\" data-id=\"60bb6ec\" data-element_type=\"section\" data-settings=\"{&quot;background_background&quot;:&quot;classic&quot;}\">\n\t\t\t\t\t\t<div class=\"elementor-container elementor-column-gap-default\">\n\t\t\t\t\t<div class=\"elementor-column elementor-col-100 elementor-inner-column elementor-element elementor-element-bc9d767 api-section-column\" data-id=\"bc9d767\" data-element_type=\"column\" data-settings=\"{&quot;background_background&quot;:&quot;classic&quot;}\">\n\t\t\t<div class=\"elementor-widget-wrap elementor-element-populated\">\n\t\t\t\t\t\t<div class=\"elementor-element elementor-element-005eb91 elementor-widget elementor-widget-heading\" data-id=\"005eb91\" data-element_type=\"widget\" data-widget_type=\"heading.default\">\n\t\t\t\t<div class=\"elementor-widget-container\">\n\t\t\t\t\t<h2 class=\"elementor-heading-title elementor-size-default\">Najlepsze dla pszcz\u00f3\u0142<\/h2>\t\t\t\t<\/div>\n\t\t\t\t<\/div>\n\t\t\t\t<div class=\"elementor-element elementor-element-07118cf elementor-widget elementor-widget-text-editor\" data-id=\"07118cf\" data-element_type=\"widget\" data-widget_type=\"text-editor.default\">\n\t\t\t\t<div class=\"elementor-widget-container\">\n\t\t\t\t\t\t\t\t\t<p>Nasza gotowa karma spe\u0142nia wszystkie wymogi zdrowej diety pszcz\u00f3\u0142. Wszystkie rodzaje karmy s\u0105 przeznaczone do natychmiastowego u\u017cytku i nie wymagaj\u0105 czasoch\u0142onnych przygotowa\u0144.<\/p>\n\t\t\t\t\t\t\t\t<\/div>\n\t\t\t\t<\/div>\n\t\t\t\t<div class=\"elementor-element elementor-element-5cb3ae9 api-button elementor-widget elementor-widget-button\" data-id=\"5cb3ae9\" data-element_type=\"widget\" data-widget_type=\"button.default\">\n\t\t\t\t<div class=\"elementor-widget-container\">\n\t\t\t\t\t\t\t\t\t<div class=\"elementor-button-wrapper\">\n\t\t\t\t\t<a class=\"elementor-button elementor-button-link elementor-size-md\" href=\"https:\/\/www.beefeed.com\/pl\/nasze-produkty\/\">\n\t\t\t\t\t\t<span class=\"elementor-button-content-wrapper\">\n\t\t\t\t\t\t\t\t\t<span class=\"elementor-button-text\">Wi\u0119cej   <\/span>\n\t\t\t\t\t<\/span>\n\t\t\t\t\t<\/a>\n\t\t\t\t<\/div>\n\t\t\t\t\t\t\t\t<\/div>\n\t\t\t\t<\/div>\n\t\t\t\t\t<\/div>\n\t\t<\/div>\n\t\t\t\t\t<\/div>\n\t\t<\/section>\n\t\t\t\t\t<\/div>\n\t\t<\/div>\n\t\t\t\t<div class=\"elementor-column elementor-col-50 elementor-top-column elementor-element elementor-element-102e8e1 elementor-hidden-desktop elementor-hidden-tablet elementor-hidden-phone\" data-id=\"102e8e1\" data-element_type=\"column\">\n\t\t\t<div class=\"elementor-widget-wrap\">\n\t\t\t\t\t\t\t<\/div>\n\t\t<\/div>\n\t\t\t\t\t<\/div>\n\t\t<\/section>\n\t\t\t\t<\/div>\n\t\t","protected":false},"excerpt":{"rendered":"<p>Szcz\u0119\u015bliwe pszczo\u0142y (\u201eDon&#8217;t worry, bee happy\u201d) Produkt API jest wytwarzany przez firm\u0119 S\u00fcdzucker b\u0119d\u0105c\u0105 ekspertem w produkcji cukru. Nasze produkty Szcz\u0119\u015bliwe pszczo\u0142y (\u201eDon&#8217;t worry, bee happy\u201d) Produkt API jest wytwarzany przez firm\u0119 S\u00fcdzucker b\u0119d\u0105c\u0105 ekspertem w produkcji cukru. Nasze produkty Od ponad 40 lat firma S\u00fcdzucker wykorzystuje rozleg\u0142\u0105 wiedz\u0119 i do\u015bwiadczenie z zakresu produkcji cukru [&hellip;]<\/p>\n","protected":false},"author":1,"featured_media":0,"parent":0,"menu_order":0,"comment_status":"closed","ping_status":"closed","template":"elementor_header_footer","meta":{"_acf_changed":false,"_mc_calendar":[],"footnotes":"","_links_to":"","_links_to_target":"","_wp_rev_ctl_limit":""},"class_list":["post-4292","page","type-page","status-publish","hentry"],"acf":[],"yoast_head":"<!-- This site is optimized with the Yoast SEO Premium plugin v25.6 (Yoast SEO v25.6) - https:\/\/yoast.com\/wordpress\/plugins\/seo\/ -->\n<title>Strona g\u0142\u00f3wna - Sudzucker produkty API dla pszcz\u00f3\u0142 karmienia<\/title>\n<meta name=\"robots\" content=\"index, follow, max-snippet:-1, max-image-preview:large, max-video-preview:-1\" \/>\n<link rel=\"canonical\" href=\"https:\/\/www.beefeed.com\/pl\/\" \/>\n<meta property=\"og:locale\" content=\"pl_PL\" \/>\n<meta property=\"og:type\" content=\"article\" \/>\n<meta property=\"og:title\" content=\"Strona g\u0142\u00f3wna\" \/>\n<meta property=\"og:description\" content=\"Szcz\u0119\u015bliwe pszczo\u0142y (\u201eDon&#8217;t worry, bee happy\u201d) Produkt API jest wytwarzany przez firm\u0119 S\u00fcdzucker b\u0119d\u0105c\u0105 ekspertem w produkcji cukru. Nasze produkty Szcz\u0119\u015bliwe pszczo\u0142y (\u201eDon&#8217;t worry, bee happy\u201d) Produkt API jest wytwarzany przez firm\u0119 S\u00fcdzucker b\u0119d\u0105c\u0105 ekspertem w produkcji cukru. Nasze produkty Od ponad 40 lat firma S\u00fcdzucker wykorzystuje rozleg\u0142\u0105 wiedz\u0119 i do\u015bwiadczenie z zakresu produkcji cukru [&hellip;]\" \/>\n<meta property=\"og:url\" content=\"https:\/\/www.beefeed.com\/pl\/\" \/>\n<meta property=\"og:site_name\" content=\"API\" \/>\n<meta property=\"article:modified_time\" content=\"2020-05-19T13:43:40+00:00\" \/>\n<meta property=\"og:image\" content=\"https:\/\/www.beefeed.com\/wp-content\/uploads\/2019\/07\/API-Full-Range-line-up-v2.png\" \/>\n\t<meta property=\"og:image:width\" content=\"1140\" \/>\n\t<meta property=\"og:image:height\" content=\"795\" \/>\n\t<meta property=\"og:image:type\" content=\"image\/png\" \/>\n<meta name=\"twitter:card\" content=\"summary_large_image\" \/>\n<meta name=\"twitter:label1\" content=\"Szacowany czas czytania\" \/>\n\t<meta name=\"twitter:data1\" content=\"1 minuta\" \/>\n<script type=\"application\/ld+json\" class=\"yoast-schema-graph\">{\"@context\":\"https:\/\/schema.org\",\"@graph\":[{\"@type\":\"WebPage\",\"@id\":\"https:\/\/www.beefeed.com\/pl\/\",\"url\":\"https:\/\/www.beefeed.com\/pl\/\",\"name\":\"Strona g\u0142\u00f3wna - Sudzucker produkty API dla pszcz\u00f3\u0142 karmienia\",\"isPartOf\":{\"@id\":\"https:\/\/www.beefeed.com\/pl\/#website\"},\"datePublished\":\"2019-09-18T09:11:38+00:00\",\"dateModified\":\"2020-05-19T13:43:40+00:00\",\"breadcrumb\":{\"@id\":\"https:\/\/www.beefeed.com\/pl\/#breadcrumb\"},\"inLanguage\":\"pl-PL\",\"potentialAction\":[{\"@type\":\"ReadAction\",\"target\":[\"https:\/\/www.beefeed.com\/pl\/\"]}]},{\"@type\":\"BreadcrumbList\",\"@id\":\"https:\/\/www.beefeed.com\/pl\/#breadcrumb\",\"itemListElement\":[{\"@type\":\"ListItem\",\"position\":1,\"name\":\"Home\",\"item\":\"https:\/\/www.beefeed.com\/pl\/\"},{\"@type\":\"ListItem\",\"position\":2,\"name\":\"Strona g\u0142\u00f3wna\"}]},{\"@type\":\"WebSite\",\"@id\":\"https:\/\/www.beefeed.com\/pl\/#website\",\"url\":\"https:\/\/www.beefeed.com\/pl\/\",\"name\":\"API\",\"description\":\"\",\"publisher\":{\"@id\":\"https:\/\/www.beefeed.com\/pl\/#organization\"},\"potentialAction\":[{\"@type\":\"SearchAction\",\"target\":{\"@type\":\"EntryPoint\",\"urlTemplate\":\"https:\/\/www.beefeed.com\/pl\/?s={search_term_string}\"},\"query-input\":{\"@type\":\"PropertyValueSpecification\",\"valueRequired\":true,\"valueName\":\"search_term_string\"}}],\"inLanguage\":\"pl-PL\"},{\"@type\":\"Organization\",\"@id\":\"https:\/\/www.beefeed.com\/pl\/#organization\",\"name\":\"Suedzucker AG\",\"url\":\"https:\/\/www.beefeed.com\/pl\/\",\"logo\":{\"@type\":\"ImageObject\",\"inLanguage\":\"pl-PL\",\"@id\":\"https:\/\/www.beefeed.com\/pl\/#\/schema\/logo\/image\/\",\"url\":\"https:\/\/www.beefeed.com\/wp-content\/uploads\/2019\/06\/Logo-API-e1560863497158.png\",\"contentUrl\":\"https:\/\/www.beefeed.com\/wp-content\/uploads\/2019\/06\/Logo-API-e1560863497158.png\",\"width\":1772,\"height\":1890,\"caption\":\"Suedzucker AG\"},\"image\":{\"@id\":\"https:\/\/www.beefeed.com\/pl\/#\/schema\/logo\/image\/\"}}]}<\/script>\n<!-- \/ Yoast SEO Premium plugin. -->","yoast_head_json":{"title":"Strona g\u0142\u00f3wna - Sudzucker produkty API dla pszcz\u00f3\u0142 karmienia","robots":{"index":"index","follow":"follow","max-snippet":"max-snippet:-1","max-image-preview":"max-image-preview:large","max-video-preview":"max-video-preview:-1"},"canonical":"https:\/\/www.beefeed.com\/pl\/","og_locale":"pl_PL","og_type":"article","og_title":"Strona g\u0142\u00f3wna","og_description":"Szcz\u0119\u015bliwe pszczo\u0142y (\u201eDon&#8217;t worry, bee happy\u201d) Produkt API jest wytwarzany przez firm\u0119 S\u00fcdzucker b\u0119d\u0105c\u0105 ekspertem w produkcji cukru. Nasze produkty Szcz\u0119\u015bliwe pszczo\u0142y (\u201eDon&#8217;t worry, bee happy\u201d) Produkt API jest wytwarzany przez firm\u0119 S\u00fcdzucker b\u0119d\u0105c\u0105 ekspertem w produkcji cukru. Nasze produkty Od ponad 40 lat firma S\u00fcdzucker wykorzystuje rozleg\u0142\u0105 wiedz\u0119 i do\u015bwiadczenie z zakresu produkcji cukru [&hellip;]","og_url":"https:\/\/www.beefeed.com\/pl\/","og_site_name":"API","article_modified_time":"2020-05-19T13:43:40+00:00","og_image":[{"width":1140,"height":795,"url":"https:\/\/www.beefeed.com\/wp-content\/uploads\/2019\/07\/API-Full-Range-line-up-v2.png","type":"image\/png"}],"twitter_card":"summary_large_image","twitter_misc":{"Szacowany czas czytania":"1 minuta"},"schema":{"@context":"https:\/\/schema.org","@graph":[{"@type":"WebPage","@id":"https:\/\/www.beefeed.com\/pl\/","url":"https:\/\/www.beefeed.com\/pl\/","name":"Strona g\u0142\u00f3wna - Sudzucker produkty API dla pszcz\u00f3\u0142 karmienia","isPartOf":{"@id":"https:\/\/www.beefeed.com\/pl\/#website"},"datePublished":"2019-09-18T09:11:38+00:00","dateModified":"2020-05-19T13:43:40+00:00","breadcrumb":{"@id":"https:\/\/www.beefeed.com\/pl\/#breadcrumb"},"inLanguage":"pl-PL","potentialAction":[{"@type":"ReadAction","target":["https:\/\/www.beefeed.com\/pl\/"]}]},{"@type":"BreadcrumbList","@id":"https:\/\/www.beefeed.com\/pl\/#breadcrumb","itemListElement":[{"@type":"ListItem","position":1,"name":"Home","item":"https:\/\/www.beefeed.com\/pl\/"},{"@type":"ListItem","position":2,"name":"Strona g\u0142\u00f3wna"}]},{"@type":"WebSite","@id":"https:\/\/www.beefeed.com\/pl\/#website","url":"https:\/\/www.beefeed.com\/pl\/","name":"API","description":"","publisher":{"@id":"https:\/\/www.beefeed.com\/pl\/#organization"},"potentialAction":[{"@type":"SearchAction","target":{"@type":"EntryPoint","urlTemplate":"https:\/\/www.beefeed.com\/pl\/?s={search_term_string}"},"query-input":{"@type":"PropertyValueSpecification","valueRequired":true,"valueName":"search_term_string"}}],"inLanguage":"pl-PL"},{"@type":"Organization","@id":"https:\/\/www.beefeed.com\/pl\/#organization","name":"Suedzucker AG","url":"https:\/\/www.beefeed.com\/pl\/","logo":{"@type":"ImageObject","inLanguage":"pl-PL","@id":"https:\/\/www.beefeed.com\/pl\/#\/schema\/logo\/image\/","url":"https:\/\/www.beefeed.com\/wp-content\/uploads\/2019\/06\/Logo-API-e1560863497158.png","contentUrl":"https:\/\/www.beefeed.com\/wp-content\/uploads\/2019\/06\/Logo-API-e1560863497158.png","width":1772,"height":1890,"caption":"Suedzucker AG"},"image":{"@id":"https:\/\/www.beefeed.com\/pl\/#\/schema\/logo\/image\/"}}]}},"_links":{"self":[{"href":"https:\/\/www.beefeed.com\/pl\/wp-json\/wp\/v2\/pages\/4292","targetHints":{"allow":["GET"]}}],"collection":[{"href":"https:\/\/www.beefeed.com\/pl\/wp-json\/wp\/v2\/pages"}],"about":[{"href":"https:\/\/www.beefeed.com\/pl\/wp-json\/wp\/v2\/types\/page"}],"author":[{"embeddable":true,"href":"https:\/\/www.beefeed.com\/pl\/wp-json\/wp\/v2\/users\/1"}],"replies":[{"embeddable":true,"href":"https:\/\/www.beefeed.com\/pl\/wp-json\/wp\/v2\/comments?post=4292"}],"version-history":[{"count":0,"href":"https:\/\/www.beefeed.com\/pl\/wp-json\/wp\/v2\/pages\/4292\/revisions"}],"wp:attachment":[{"href":"https:\/\/www.beefeed.com\/pl\/wp-json\/wp\/v2\/media?parent=4292"}],"curies":[{"name":"wp","href":"https:\/\/api.w.org\/{rel}","templated":true}]}}