{"id":4455,"date":"2019-09-18T12:23:56","date_gmt":"2019-09-18T12:23:56","guid":{"rendered":"https:\/\/www.beefeed.com\/sklepy\/"},"modified":"2020-06-04T09:46:09","modified_gmt":"2020-06-04T07:46:09","slug":"sklepy","status":"publish","type":"page","link":"https:\/\/www.beefeed.com\/pl\/sklepy\/","title":{"rendered":"Sklepy"},"content":{"rendered":"\t\t<div data-elementor-type=\"wp-post\" data-elementor-id=\"4455\" class=\"elementor elementor-4455 elementor-575\" data-elementor-post-type=\"page\">\n\t\t\t\t\t\t<section class=\"elementor-section elementor-top-section elementor-element elementor-element-caa96e1 elementor-hidden-desktop elementor-section-boxed elementor-section-height-default elementor-section-height-default\" data-id=\"caa96e1\" data-element_type=\"section\" data-settings=\"{&quot;background_background&quot;:&quot;classic&quot;}\">\n\t\t\t\t\t\t<div class=\"elementor-container elementor-column-gap-default\">\n\t\t\t\t\t<div class=\"elementor-column elementor-col-100 elementor-top-column elementor-element elementor-element-81bdfd2\" data-id=\"81bdfd2\" data-element_type=\"column\">\n\t\t\t<div class=\"elementor-widget-wrap elementor-element-populated\">\n\t\t\t\t\t\t<div class=\"elementor-element elementor-element-9f44682 elementor-widget elementor-widget-image\" data-id=\"9f44682\" data-element_type=\"widget\" data-widget_type=\"image.default\">\n\t\t\t\t<div class=\"elementor-widget-container\">\n\t\t\t\t\t\t\t\t\t\t\t\t\t\t\t<img fetchpriority=\"high\" decoding=\"async\" width=\"812\" height=\"442\" src=\"https:\/\/www.beefeed.com\/wp-content\/uploads\/2019\/05\/Cropped_HEX_WhereToBuy-1024x558.jpg\" class=\"attachment-large size-large wp-image-4458\" alt=\"Bees centered on honeycomb\" srcset=\"https:\/\/www.beefeed.com\/wp-content\/uploads\/2019\/05\/Cropped_HEX_WhereToBuy-1024x558.jpg 1024w, https:\/\/www.beefeed.com\/wp-content\/uploads\/2019\/05\/Cropped_HEX_WhereToBuy-300x163.jpg 300w, https:\/\/www.beefeed.com\/wp-content\/uploads\/2019\/05\/Cropped_HEX_WhereToBuy-768x418.jpg 768w, https:\/\/www.beefeed.com\/wp-content\/uploads\/2019\/05\/Cropped_HEX_WhereToBuy.jpg 1440w\" sizes=\"(max-width: 812px) 100vw, 812px\" \/>\t\t\t\t\t\t\t\t\t\t\t\t\t\t\t<\/div>\n\t\t\t\t<\/div>\n\t\t\t\t\t<\/div>\n\t\t<\/div>\n\t\t\t\t\t<\/div>\n\t\t<\/section>\n\t\t\t\t<section class=\"elementor-section elementor-top-section elementor-element elementor-element-e9ca128 elementor-section-stretched elementor-section-content-top elementor-hidden-desktop elementor-section-boxed elementor-section-height-default elementor-section-height-default\" data-id=\"e9ca128\" data-element_type=\"section\" data-settings=\"{&quot;stretch_section&quot;:&quot;section-stretched&quot;,&quot;background_background&quot;:&quot;classic&quot;}\">\n\t\t\t\t\t\t<div class=\"elementor-container elementor-column-gap-default\">\n\t\t\t\t\t<div class=\"elementor-column elementor-col-50 elementor-top-column elementor-element elementor-element-36b4e14\" data-id=\"36b4e14\" data-element_type=\"column\">\n\t\t\t<div class=\"elementor-widget-wrap elementor-element-populated\">\n\t\t\t\t\t\t<div class=\"elementor-element elementor-element-9a5127c elementor-widget elementor-widget-spacer\" data-id=\"9a5127c\" data-element_type=\"widget\" data-widget_type=\"spacer.default\">\n\t\t\t\t<div class=\"elementor-widget-container\">\n\t\t\t\t\t\t\t<div class=\"elementor-spacer\">\n\t\t\t<div class=\"elementor-spacer-inner\"><\/div>\n\t\t<\/div>\n\t\t\t\t\t\t<\/div>\n\t\t\t\t<\/div>\n\t\t\t\t<div class=\"elementor-element elementor-element-844e146 elementor-widget elementor-widget-heading\" data-id=\"844e146\" data-element_type=\"widget\" data-widget_type=\"heading.default\">\n\t\t\t\t<div class=\"elementor-widget-container\">\n\t\t\t\t\t<h2 class=\"elementor-heading-title elementor-size-default\">Gdzie kupi\u0107 nasze produkty?<\/h2>\t\t\t\t<\/div>\n\t\t\t\t<\/div>\n\t\t\t\t<div class=\"elementor-element elementor-element-09555c6 elementor-widget elementor-widget-text-editor\" data-id=\"09555c6\" data-element_type=\"widget\" data-widget_type=\"text-editor.default\">\n\t\t\t\t<div class=\"elementor-widget-container\">\n\t\t\t\t\t\t\t\t\t<p>Produkty API mo\u017cna zam\u00f3wi\u0107 na r\u00f3\u017cne sposoby.<\/p>\n\t\t\t\t\t\t\t\t<\/div>\n\t\t\t\t<\/div>\n\t\t\t\t\t<\/div>\n\t\t<\/div>\n\t\t\t\t<div class=\"elementor-column elementor-col-50 elementor-top-column elementor-element elementor-element-41034ee\" data-id=\"41034ee\" data-element_type=\"column\">\n\t\t\t<div class=\"elementor-widget-wrap\">\n\t\t\t\t\t\t\t<\/div>\n\t\t<\/div>\n\t\t\t\t\t<\/div>\n\t\t<\/section>\n\t\t\t\t<section class=\"elementor-section elementor-top-section elementor-element elementor-element-7ea8754 elementor-section-stretched elementor-section-content-top elementor-hidden-tablet elementor-hidden-phone elementor-section-boxed elementor-section-height-default elementor-section-height-default\" data-id=\"7ea8754\" data-element_type=\"section\" data-settings=\"{&quot;stretch_section&quot;:&quot;section-stretched&quot;,&quot;background_background&quot;:&quot;classic&quot;}\">\n\t\t\t\t\t\t<div class=\"elementor-container elementor-column-gap-default\">\n\t\t\t\t\t<div class=\"elementor-column elementor-col-50 elementor-top-column elementor-element elementor-element-a12498d\" data-id=\"a12498d\" data-element_type=\"column\">\n\t\t\t<div class=\"elementor-widget-wrap elementor-element-populated\">\n\t\t\t\t\t\t<div class=\"elementor-element elementor-element-4062c97 elementor-widget elementor-widget-spacer\" data-id=\"4062c97\" data-element_type=\"widget\" data-widget_type=\"spacer.default\">\n\t\t\t\t<div class=\"elementor-widget-container\">\n\t\t\t\t\t\t\t<div class=\"elementor-spacer\">\n\t\t\t<div class=\"elementor-spacer-inner\"><\/div>\n\t\t<\/div>\n\t\t\t\t\t\t<\/div>\n\t\t\t\t<\/div>\n\t\t\t\t<div class=\"elementor-element elementor-element-383dc4d elementor-widget elementor-widget-heading\" data-id=\"383dc4d\" data-element_type=\"widget\" data-widget_type=\"heading.default\">\n\t\t\t\t<div class=\"elementor-widget-container\">\n\t\t\t\t\t<h2 class=\"elementor-heading-title elementor-size-default\">Gdzie kupi\u0107 nasze produkty?<\/h2>\t\t\t\t<\/div>\n\t\t\t\t<\/div>\n\t\t\t\t<div class=\"elementor-element elementor-element-bd96949 elementor-widget elementor-widget-text-editor\" data-id=\"bd96949\" data-element_type=\"widget\" data-widget_type=\"text-editor.default\">\n\t\t\t\t<div class=\"elementor-widget-container\">\n\t\t\t\t\t\t\t\t\t<p>Produkty API mo\u017cna zam\u00f3wi\u0107 na r\u00f3\u017cne sposoby.<\/p>\n\t\t\t\t\t\t\t\t<\/div>\n\t\t\t\t<\/div>\n\t\t\t\t\t<\/div>\n\t\t<\/div>\n\t\t\t\t<div class=\"elementor-column elementor-col-50 elementor-top-column elementor-element elementor-element-f2ea84d\" data-id=\"f2ea84d\" data-element_type=\"column\">\n\t\t\t<div class=\"elementor-widget-wrap elementor-element-populated\">\n\t\t\t\t\t\t<div class=\"elementor-element elementor-element-5b49614 elementor-widget elementor-widget-image\" data-id=\"5b49614\" data-element_type=\"widget\" data-widget_type=\"image.default\">\n\t\t\t\t<div class=\"elementor-widget-container\">\n\t\t\t\t\t\t\t\t\t\t\t\t\t\t\t<img fetchpriority=\"high\" decoding=\"async\" width=\"812\" height=\"442\" src=\"https:\/\/www.beefeed.com\/wp-content\/uploads\/2019\/05\/Cropped_HEX_WhereToBuy-1024x558.jpg\" class=\"attachment-large size-large wp-image-4458\" alt=\"Bees centered on honeycomb\" srcset=\"https:\/\/www.beefeed.com\/wp-content\/uploads\/2019\/05\/Cropped_HEX_WhereToBuy-1024x558.jpg 1024w, https:\/\/www.beefeed.com\/wp-content\/uploads\/2019\/05\/Cropped_HEX_WhereToBuy-300x163.jpg 300w, https:\/\/www.beefeed.com\/wp-content\/uploads\/2019\/05\/Cropped_HEX_WhereToBuy-768x418.jpg 768w, https:\/\/www.beefeed.com\/wp-content\/uploads\/2019\/05\/Cropped_HEX_WhereToBuy.jpg 1440w\" sizes=\"(max-width: 812px) 100vw, 812px\" \/>\t\t\t\t\t\t\t\t\t\t\t\t\t\t\t<\/div>\n\t\t\t\t<\/div>\n\t\t\t\t\t<\/div>\n\t\t<\/div>\n\t\t\t\t\t<\/div>\n\t\t<\/section>\n\t\t\t\t<section class=\"elementor-section elementor-top-section elementor-element elementor-element-a8d42d5 elementor-section-stretched elementor-section-content-top elementor-section-boxed elementor-section-height-default elementor-section-height-default\" data-id=\"a8d42d5\" data-element_type=\"section\" data-settings=\"{&quot;stretch_section&quot;:&quot;section-stretched&quot;,&quot;background_background&quot;:&quot;classic&quot;}\">\n\t\t\t\t\t\t<div class=\"elementor-container elementor-column-gap-default\">\n\t\t\t\t\t<div class=\"elementor-column elementor-col-50 elementor-top-column elementor-element elementor-element-6e55ec3\" data-id=\"6e55ec3\" data-element_type=\"column\">\n\t\t\t<div class=\"elementor-widget-wrap\">\n\t\t\t\t\t\t\t<\/div>\n\t\t<\/div>\n\t\t\t\t<div class=\"elementor-column elementor-col-50 elementor-top-column elementor-element elementor-element-1a65e5d\" data-id=\"1a65e5d\" data-element_type=\"column\">\n\t\t\t<div class=\"elementor-widget-wrap\">\n\t\t\t\t\t\t\t<\/div>\n\t\t<\/div>\n\t\t\t\t\t<\/div>\n\t\t<\/section>\n\t\t\t\t<section class=\"elementor-section elementor-top-section elementor-element elementor-element-6f293c6 elementor-section-stretched elementor-section-boxed elementor-section-height-default elementor-section-height-default\" data-id=\"6f293c6\" data-element_type=\"section\" data-settings=\"{&quot;stretch_section&quot;:&quot;section-stretched&quot;,&quot;background_background&quot;:&quot;classic&quot;}\">\n\t\t\t\t\t\t<div class=\"elementor-container elementor-column-gap-default\">\n\t\t\t\t\t<div class=\"elementor-column elementor-col-100 elementor-top-column elementor-element elementor-element-abfa6b3\" data-id=\"abfa6b3\" data-element_type=\"column\">\n\t\t\t<div class=\"elementor-widget-wrap elementor-element-populated\">\n\t\t\t\t\t\t<div class=\"elementor-element elementor-element-74dad56 elementor-widget elementor-widget-heading\" data-id=\"74dad56\" data-element_type=\"widget\" data-widget_type=\"heading.default\">\n\t\t\t\t<div class=\"elementor-widget-container\">\n\t\t\t\t\t<h2 class=\"elementor-heading-title elementor-size-default\">Sprzedawcy<\/h2>\t\t\t\t<\/div>\n\t\t\t\t<\/div>\n\t\t\t\t<div class=\"elementor-element elementor-element-aae42fb elementor-widget elementor-widget-shortcode\" data-id=\"aae42fb\" data-element_type=\"widget\" data-widget_type=\"shortcode.default\">\n\t\t\t\t<div class=\"elementor-widget-container\">\n\t\t\t\t\t\t\t<div class=\"elementor-shortcode\">\n<table id=\"tablepress-4\" class=\"tablepress tablepress-id-4\">\n<thead>\n<tr class=\"row-1\">\n\t<th class=\"column-1\">Dystrybutor<\/th><th class=\"column-2\">stronie internetowej<\/th>\n<\/tr>\n<\/thead>\n<tbody class=\"row-striping\">\n<tr class=\"row-2\">\n\t<td class=\"column-1\"><strong>Centrum Pszczelarskie \u0141ukasiewicz - Hurtownia pszczelarska<\/strong><br \/>\nSuchlica 5a<br \/>\n74-404 Cychry<br \/>\n<br \/>\n+48 723 710 100<br \/>\n+48 603 556 787<br \/>\n+48 95 737 99 52<\/td><td class=\"column-2\"><a href=\"https:\/\/pszczelnictwo.com.pl\/shop\/category\/pokarm-dla-pszczol\" rel=\"noopener noreferrer\" target=\"_blank\">https:\/\/pszczelnictwo.com.pl\/<\/a><\/td>\n<\/tr>\n<tr class=\"row-3\">\n\t<td class=\"column-1\"><strong>\u015awiat Pszcz\u00f3\u0142 Barbara Cyc<\/strong><br \/>\nBiszcza 358<br \/>\n23-425 Biszcza<br \/>\n<br \/>\n+48 84 685 60 77<\/td><td class=\"column-2\"><a href=\"https:\/\/phbarc.pl\/kategoria-produktu\/pokarmy-pszczol\/\" target=\"_blank\" rel=\"noopener noreferrer\">https:\/\/phbarc.pl\/<\/a><\/td>\n<\/tr>\n<tr class=\"row-4\">\n\t<td class=\"column-1\"><strong>Przedsi\u0119biorstwo Pszczelarskie Tomasz \u0141yso\u0144 Sp. z o.o. Sp. K<\/strong><br \/>\nBoles\u0142awa Komorowskiego 11a<br \/>\n30-106 Krak\u00f3w<br \/>\n<br \/>\n+48 12 633 14 79<\/td><td class=\"column-2\"><a href=\"https:\/\/lyson.com.pl\/496-pokarmy\" rel=\"noopener noreferrer\" target=\"_blank\">https:\/\/lyson.com.pl\/496-pokarmy<\/a><\/td>\n<\/tr>\n<tr class=\"row-5\">\n\t<td class=\"column-1\"><strong>Przedsi\u0119biorstwo Pszczelarskie Tomasz \u0141yso\u0144 Sp. z o.o. Sp. K<\/strong><br \/>\nKo\u015bciuszki 3<br \/>\n40-049 Katowice<br \/>\n<br \/>\n+48 508 513 721<\/td><td class=\"column-2\"><a href=\"https:\/\/lyson.com.pl\/496-pokarmy\" rel=\"noopener noreferrer\" target=\"_blank\">https:\/\/lyson.com.pl\/496-pokarmy<\/a><\/td>\n<\/tr>\n<tr class=\"row-6\">\n\t<td class=\"column-1\"><strong>Przedsi\u0119biorstwo Pszczelarskie Tomasz \u0141yso\u0144 Sp. z o.o. Sp. K<\/strong><br \/>\n25 Czerwca 5\/9A<br \/>\n26-600 Radom<br \/>\n<br \/>\n+48 519 447 431<\/td><td class=\"column-2\"><a href=\"https:\/\/lyson.com.pl\/496-pokarmy\" rel=\"noopener noreferrer\" target=\"_blank\">https:\/\/lyson.com.pl\/496-pokarmy<\/a><\/td>\n<\/tr>\n<tr class=\"row-7\">\n\t<td class=\"column-1\"><strong>Przedsi\u0119biorstwo Pszczelarskie Tomasz \u0141yso\u0144 Sp. z o.o. Sp. K<\/strong><br \/>\nKomorowicka 12<br \/>\n43-300 Bielsko-Bia\u0142a<br \/>\n<br \/>\n+48 504 207 103<\/td><td class=\"column-2\"><a href=\"https:\/\/lyson.com.pl\/496-pokarmy\" rel=\"noopener noreferrer\" target=\"_blank\">https:\/\/lyson.com.pl\/496-pokarmy<\/a><\/td>\n<\/tr>\n<tr class=\"row-8\">\n\t<td class=\"column-1\"><strong>Przedsi\u0119biorstwo Pszczelarskie Tomasz \u0141yso\u0144 Sp. z o.o. Sp. K<\/strong><br \/>\nKlecza Dolna 148<br \/>\n 34-124 Klecza G\u00f3rna<br \/>\n<br \/>\n+48 33 875 99 40<\/td><td class=\"column-2\"><a href=\"https:\/\/lyson.com.pl\/496-pokarmy\" rel=\"noopener noreferrer\" target=\"_blank\">https:\/\/lyson.com.pl\/496-pokarmy<\/a><\/td>\n<\/tr>\n<\/tbody>\n<\/table>\n<\/div>\n\t\t\t\t\t\t<\/div>\n\t\t\t\t<\/div>\n\t\t\t\t\t<\/div>\n\t\t<\/div>\n\t\t\t\t\t<\/div>\n\t\t<\/section>\n\t\t\t\t<\/div>\n\t\t","protected":false},"excerpt":{"rendered":"<p>Gdzie kupi\u0107 nasze produkty? Produkty API mo\u017cna zam\u00f3wi\u0107 na r\u00f3\u017cne sposoby. Gdzie kupi\u0107 nasze produkty? Produkty API mo\u017cna zam\u00f3wi\u0107 na r\u00f3\u017cne sposoby. Sprzedawcy<\/p>\n","protected":false},"author":1,"featured_media":0,"parent":0,"menu_order":0,"comment_status":"closed","ping_status":"closed","template":"elementor_header_footer","meta":{"_acf_changed":false,"_mc_calendar":[],"footnotes":"","_links_to":"","_links_to_target":"","_wp_rev_ctl_limit":""},"class_list":["post-4455","page","type-page","status-publish","hentry"],"acf":[],"yoast_head":"<!-- This site is optimized with the Yoast SEO Premium plugin v25.6 (Yoast SEO v25.6) - https:\/\/yoast.com\/wordpress\/plugins\/seo\/ -->\n<title>API - Sklepy<\/title>\n<meta name=\"robots\" content=\"index, follow, max-snippet:-1, max-image-preview:large, max-video-preview:-1\" \/>\n<link rel=\"canonical\" href=\"https:\/\/www.beefeed.com\/pl\/sklepy\/\" \/>\n<meta property=\"og:locale\" content=\"pl_PL\" \/>\n<meta property=\"og:type\" content=\"article\" \/>\n<meta property=\"og:title\" content=\"Sklepy\" \/>\n<meta property=\"og:description\" content=\"Gdzie kupi\u0107 nasze produkty? Produkty API mo\u017cna zam\u00f3wi\u0107 na r\u00f3\u017cne sposoby. Gdzie kupi\u0107 nasze produkty? Produkty API mo\u017cna zam\u00f3wi\u0107 na r\u00f3\u017cne sposoby. Sprzedawcy\" \/>\n<meta property=\"og:url\" content=\"https:\/\/www.beefeed.com\/pl\/sklepy\/\" \/>\n<meta property=\"og:site_name\" content=\"API\" \/>\n<meta property=\"article:modified_time\" content=\"2020-06-04T07:46:09+00:00\" \/>\n<meta property=\"og:image\" content=\"https:\/\/www.beefeed.com\/wp-content\/uploads\/2019\/05\/Cropped_HEX_WhereToBuy-1024x558.jpg\" \/>\n<meta name=\"twitter:card\" content=\"summary_large_image\" \/>\n<script type=\"application\/ld+json\" class=\"yoast-schema-graph\">{\"@context\":\"https:\/\/schema.org\",\"@graph\":[{\"@type\":\"WebPage\",\"@id\":\"https:\/\/www.beefeed.com\/pl\/sklepy\/\",\"url\":\"https:\/\/www.beefeed.com\/pl\/sklepy\/\",\"name\":\"API - Sklepy\",\"isPartOf\":{\"@id\":\"https:\/\/www.beefeed.com\/pl\/#website\"},\"primaryImageOfPage\":{\"@id\":\"https:\/\/www.beefeed.com\/pl\/sklepy\/#primaryimage\"},\"image\":{\"@id\":\"https:\/\/www.beefeed.com\/pl\/sklepy\/#primaryimage\"},\"thumbnailUrl\":\"https:\/\/www.beefeed.com\/wp-content\/uploads\/2019\/05\/Cropped_HEX_WhereToBuy-1024x558.jpg\",\"datePublished\":\"2019-09-18T12:23:56+00:00\",\"dateModified\":\"2020-06-04T07:46:09+00:00\",\"breadcrumb\":{\"@id\":\"https:\/\/www.beefeed.com\/pl\/sklepy\/#breadcrumb\"},\"inLanguage\":\"pl-PL\",\"potentialAction\":[{\"@type\":\"ReadAction\",\"target\":[\"https:\/\/www.beefeed.com\/pl\/sklepy\/\"]}]},{\"@type\":\"ImageObject\",\"inLanguage\":\"pl-PL\",\"@id\":\"https:\/\/www.beefeed.com\/pl\/sklepy\/#primaryimage\",\"url\":\"https:\/\/www.beefeed.com\/wp-content\/uploads\/2019\/05\/Cropped_HEX_WhereToBuy-1024x558.jpg\",\"contentUrl\":\"https:\/\/www.beefeed.com\/wp-content\/uploads\/2019\/05\/Cropped_HEX_WhereToBuy-1024x558.jpg\"},{\"@type\":\"BreadcrumbList\",\"@id\":\"https:\/\/www.beefeed.com\/pl\/sklepy\/#breadcrumb\",\"itemListElement\":[{\"@type\":\"ListItem\",\"position\":1,\"name\":\"Home\",\"item\":\"https:\/\/www.beefeed.com\/pl\/\"},{\"@type\":\"ListItem\",\"position\":2,\"name\":\"Sklepy\"}]},{\"@type\":\"WebSite\",\"@id\":\"https:\/\/www.beefeed.com\/pl\/#website\",\"url\":\"https:\/\/www.beefeed.com\/pl\/\",\"name\":\"API\",\"description\":\"\",\"publisher\":{\"@id\":\"https:\/\/www.beefeed.com\/pl\/#organization\"},\"potentialAction\":[{\"@type\":\"SearchAction\",\"target\":{\"@type\":\"EntryPoint\",\"urlTemplate\":\"https:\/\/www.beefeed.com\/pl\/?s={search_term_string}\"},\"query-input\":{\"@type\":\"PropertyValueSpecification\",\"valueRequired\":true,\"valueName\":\"search_term_string\"}}],\"inLanguage\":\"pl-PL\"},{\"@type\":\"Organization\",\"@id\":\"https:\/\/www.beefeed.com\/pl\/#organization\",\"name\":\"Suedzucker AG\",\"url\":\"https:\/\/www.beefeed.com\/pl\/\",\"logo\":{\"@type\":\"ImageObject\",\"inLanguage\":\"pl-PL\",\"@id\":\"https:\/\/www.beefeed.com\/pl\/#\/schema\/logo\/image\/\",\"url\":\"https:\/\/www.beefeed.com\/wp-content\/uploads\/2019\/06\/Logo-API-e1560863497158.png\",\"contentUrl\":\"https:\/\/www.beefeed.com\/wp-content\/uploads\/2019\/06\/Logo-API-e1560863497158.png\",\"width\":1772,\"height\":1890,\"caption\":\"Suedzucker AG\"},\"image\":{\"@id\":\"https:\/\/www.beefeed.com\/pl\/#\/schema\/logo\/image\/\"}}]}<\/script>\n<!-- \/ Yoast SEO Premium plugin. -->","yoast_head_json":{"title":"API - Sklepy","robots":{"index":"index","follow":"follow","max-snippet":"max-snippet:-1","max-image-preview":"max-image-preview:large","max-video-preview":"max-video-preview:-1"},"canonical":"https:\/\/www.beefeed.com\/pl\/sklepy\/","og_locale":"pl_PL","og_type":"article","og_title":"Sklepy","og_description":"Gdzie kupi\u0107 nasze produkty? Produkty API mo\u017cna zam\u00f3wi\u0107 na r\u00f3\u017cne sposoby. Gdzie kupi\u0107 nasze produkty? Produkty API mo\u017cna zam\u00f3wi\u0107 na r\u00f3\u017cne sposoby. Sprzedawcy","og_url":"https:\/\/www.beefeed.com\/pl\/sklepy\/","og_site_name":"API","article_modified_time":"2020-06-04T07:46:09+00:00","og_image":[{"url":"https:\/\/www.beefeed.com\/wp-content\/uploads\/2019\/05\/Cropped_HEX_WhereToBuy-1024x558.jpg","type":"","width":"","height":""}],"twitter_card":"summary_large_image","schema":{"@context":"https:\/\/schema.org","@graph":[{"@type":"WebPage","@id":"https:\/\/www.beefeed.com\/pl\/sklepy\/","url":"https:\/\/www.beefeed.com\/pl\/sklepy\/","name":"API - Sklepy","isPartOf":{"@id":"https:\/\/www.beefeed.com\/pl\/#website"},"primaryImageOfPage":{"@id":"https:\/\/www.beefeed.com\/pl\/sklepy\/#primaryimage"},"image":{"@id":"https:\/\/www.beefeed.com\/pl\/sklepy\/#primaryimage"},"thumbnailUrl":"https:\/\/www.beefeed.com\/wp-content\/uploads\/2019\/05\/Cropped_HEX_WhereToBuy-1024x558.jpg","datePublished":"2019-09-18T12:23:56+00:00","dateModified":"2020-06-04T07:46:09+00:00","breadcrumb":{"@id":"https:\/\/www.beefeed.com\/pl\/sklepy\/#breadcrumb"},"inLanguage":"pl-PL","potentialAction":[{"@type":"ReadAction","target":["https:\/\/www.beefeed.com\/pl\/sklepy\/"]}]},{"@type":"ImageObject","inLanguage":"pl-PL","@id":"https:\/\/www.beefeed.com\/pl\/sklepy\/#primaryimage","url":"https:\/\/www.beefeed.com\/wp-content\/uploads\/2019\/05\/Cropped_HEX_WhereToBuy-1024x558.jpg","contentUrl":"https:\/\/www.beefeed.com\/wp-content\/uploads\/2019\/05\/Cropped_HEX_WhereToBuy-1024x558.jpg"},{"@type":"BreadcrumbList","@id":"https:\/\/www.beefeed.com\/pl\/sklepy\/#breadcrumb","itemListElement":[{"@type":"ListItem","position":1,"name":"Home","item":"https:\/\/www.beefeed.com\/pl\/"},{"@type":"ListItem","position":2,"name":"Sklepy"}]},{"@type":"WebSite","@id":"https:\/\/www.beefeed.com\/pl\/#website","url":"https:\/\/www.beefeed.com\/pl\/","name":"API","description":"","publisher":{"@id":"https:\/\/www.beefeed.com\/pl\/#organization"},"potentialAction":[{"@type":"SearchAction","target":{"@type":"EntryPoint","urlTemplate":"https:\/\/www.beefeed.com\/pl\/?s={search_term_string}"},"query-input":{"@type":"PropertyValueSpecification","valueRequired":true,"valueName":"search_term_string"}}],"inLanguage":"pl-PL"},{"@type":"Organization","@id":"https:\/\/www.beefeed.com\/pl\/#organization","name":"Suedzucker AG","url":"https:\/\/www.beefeed.com\/pl\/","logo":{"@type":"ImageObject","inLanguage":"pl-PL","@id":"https:\/\/www.beefeed.com\/pl\/#\/schema\/logo\/image\/","url":"https:\/\/www.beefeed.com\/wp-content\/uploads\/2019\/06\/Logo-API-e1560863497158.png","contentUrl":"https:\/\/www.beefeed.com\/wp-content\/uploads\/2019\/06\/Logo-API-e1560863497158.png","width":1772,"height":1890,"caption":"Suedzucker AG"},"image":{"@id":"https:\/\/www.beefeed.com\/pl\/#\/schema\/logo\/image\/"}}]}},"_links":{"self":[{"href":"https:\/\/www.beefeed.com\/pl\/wp-json\/wp\/v2\/pages\/4455","targetHints":{"allow":["GET"]}}],"collection":[{"href":"https:\/\/www.beefeed.com\/pl\/wp-json\/wp\/v2\/pages"}],"about":[{"href":"https:\/\/www.beefeed.com\/pl\/wp-json\/wp\/v2\/types\/page"}],"author":[{"embeddable":true,"href":"https:\/\/www.beefeed.com\/pl\/wp-json\/wp\/v2\/users\/1"}],"replies":[{"embeddable":true,"href":"https:\/\/www.beefeed.com\/pl\/wp-json\/wp\/v2\/comments?post=4455"}],"version-history":[{"count":0,"href":"https:\/\/www.beefeed.com\/pl\/wp-json\/wp\/v2\/pages\/4455\/revisions"}],"wp:attachment":[{"href":"https:\/\/www.beefeed.com\/pl\/wp-json\/wp\/v2\/media?parent=4455"}],"curies":[{"name":"wp","href":"https:\/\/api.w.org\/{rel}","templated":true}]}}