{"id":4440,"date":"2019-09-18T12:00:47","date_gmt":"2019-09-18T12:00:47","guid":{"rendered":"https:\/\/www.beefeed.com\/importanta-hranei-adaptate-pentru-albine\/"},"modified":"2020-02-06T14:07:03","modified_gmt":"2020-02-06T13:07:03","slug":"importanta-hranei-adaptate-pentru-albine","status":"publish","type":"page","link":"https:\/\/www.beefeed.com\/ro\/importanta-hranei-adaptate-pentru-albine\/","title":{"rendered":"Importan\u021ba hranei adaptate pentru albine"},"content":{"rendered":"\t\t<div data-elementor-type=\"wp-post\" data-elementor-id=\"4440\" class=\"elementor elementor-4440 elementor-1270\" data-elementor-post-type=\"page\">\n\t\t\t\t\t\t<section class=\"elementor-section elementor-top-section elementor-element elementor-element-80a3c1c elementor-hidden-desktop elementor-section-boxed elementor-section-height-default elementor-section-height-default\" data-id=\"80a3c1c\" data-element_type=\"section\" data-settings=\"{&quot;background_background&quot;:&quot;classic&quot;}\">\n\t\t\t\t\t\t<div class=\"elementor-container elementor-column-gap-default\">\n\t\t\t\t\t<div class=\"elementor-column elementor-col-100 elementor-top-column elementor-element elementor-element-d270541\" data-id=\"d270541\" data-element_type=\"column\">\n\t\t\t<div class=\"elementor-widget-wrap elementor-element-populated\">\n\t\t\t\t\t\t<div class=\"elementor-element elementor-element-f27c711 elementor-widget elementor-widget-image\" data-id=\"f27c711\" data-element_type=\"widget\" data-widget_type=\"image.default\">\n\t\t\t\t<div class=\"elementor-widget-container\">\n\t\t\t\t\t\t\t\t\t\t\t\t\t\t\t<img fetchpriority=\"high\" decoding=\"async\" width=\"812\" height=\"442\" src=\"https:\/\/www.beefeed.com\/wp-content\/uploads\/2019\/05\/Cropped_HEX_shutterstock_363311150-1024x558.jpg\" class=\"attachment-large size-large wp-image-4038\" alt=\"Floarea-soarelui \u0219i albina\" srcset=\"https:\/\/www.beefeed.com\/wp-content\/uploads\/2019\/05\/Cropped_HEX_shutterstock_363311150-1024x558.jpg 1024w, https:\/\/www.beefeed.com\/wp-content\/uploads\/2019\/05\/Cropped_HEX_shutterstock_363311150-300x163.jpg 300w, https:\/\/www.beefeed.com\/wp-content\/uploads\/2019\/05\/Cropped_HEX_shutterstock_363311150-768x418.jpg 768w, https:\/\/www.beefeed.com\/wp-content\/uploads\/2019\/05\/Cropped_HEX_shutterstock_363311150.jpg 1440w\" sizes=\"(max-width: 812px) 100vw, 812px\" \/>\t\t\t\t\t\t\t\t\t\t\t\t\t\t\t<\/div>\n\t\t\t\t<\/div>\n\t\t\t\t\t<\/div>\n\t\t<\/div>\n\t\t\t\t\t<\/div>\n\t\t<\/section>\n\t\t\t\t<section class=\"elementor-section elementor-top-section elementor-element elementor-element-e9ca128 elementor-section-stretched elementor-section-content-top elementor-hidden-desktop elementor-section-boxed elementor-section-height-default elementor-section-height-default\" data-id=\"e9ca128\" data-element_type=\"section\" data-settings=\"{&quot;stretch_section&quot;:&quot;section-stretched&quot;,&quot;background_background&quot;:&quot;classic&quot;}\">\n\t\t\t\t\t\t<div class=\"elementor-container elementor-column-gap-default\">\n\t\t\t\t\t<div class=\"elementor-column elementor-col-50 elementor-top-column elementor-element elementor-element-36b4e14\" data-id=\"36b4e14\" data-element_type=\"column\">\n\t\t\t<div class=\"elementor-widget-wrap elementor-element-populated\">\n\t\t\t\t\t\t<div class=\"elementor-element elementor-element-9a5127c elementor-widget elementor-widget-spacer\" data-id=\"9a5127c\" data-element_type=\"widget\" data-widget_type=\"spacer.default\">\n\t\t\t\t<div class=\"elementor-widget-container\">\n\t\t\t\t\t\t\t<div class=\"elementor-spacer\">\n\t\t\t<div class=\"elementor-spacer-inner\"><\/div>\n\t\t<\/div>\n\t\t\t\t\t\t<\/div>\n\t\t\t\t<\/div>\n\t\t\t\t<div class=\"elementor-element elementor-element-844e146 elementor-widget elementor-widget-heading\" data-id=\"844e146\" data-element_type=\"widget\" data-widget_type=\"heading.default\">\n\t\t\t\t<div class=\"elementor-widget-container\">\n\t\t\t\t\t<h1 class=\"elementor-heading-title elementor-size-default\">Importan\u021ba hranei adaptate pentru albine<\/h1>\t\t\t\t<\/div>\n\t\t\t\t<\/div>\n\t\t\t\t<div class=\"elementor-element elementor-element-09555c6 elementor-widget elementor-widget-text-editor\" data-id=\"09555c6\" data-element_type=\"widget\" data-widget_type=\"text-editor.default\">\n\t\t\t\t<div class=\"elementor-widget-container\">\n\t\t\t\t\t\t\t\t\t<p>Supravie\u021buirea albinelor care produc miere depinde \u00eentr-o mare m\u0103sur\u0103 de stup, de starea lor de s\u0103n\u0103tate \u0219i, \u00een special, de hrana lor. De asemenea, fluxurile de nectar pot varia foarte mult de la o regiune la alta \u0219i \u00een func\u021bie de sezon, prin urmare hr\u0103nirea \u0219i alimenta\u021bia corespunz\u0103toare sunt necesare pentru a men\u021bine activit\u0103\u021bile de reproducere \u0219i pentru a satisface cerin\u021bele alimentare.<\/p>\n\t\t\t\t\t\t\t\t<\/div>\n\t\t\t\t<\/div>\n\t\t\t\t\t<\/div>\n\t\t<\/div>\n\t\t\t\t<div class=\"elementor-column elementor-col-50 elementor-top-column elementor-element elementor-element-41034ee\" data-id=\"41034ee\" data-element_type=\"column\">\n\t\t\t<div class=\"elementor-widget-wrap\">\n\t\t\t\t\t\t\t<\/div>\n\t\t<\/div>\n\t\t\t\t\t<\/div>\n\t\t<\/section>\n\t\t\t\t<section class=\"elementor-section elementor-top-section elementor-element elementor-element-7ea8754 elementor-section-stretched elementor-section-content-top elementor-hidden-tablet elementor-hidden-phone elementor-section-boxed elementor-section-height-default elementor-section-height-default\" data-id=\"7ea8754\" data-element_type=\"section\" data-settings=\"{&quot;stretch_section&quot;:&quot;section-stretched&quot;,&quot;background_background&quot;:&quot;classic&quot;}\">\n\t\t\t\t\t\t<div class=\"elementor-container elementor-column-gap-default\">\n\t\t\t\t\t<div class=\"elementor-column elementor-col-50 elementor-top-column elementor-element elementor-element-a12498d\" data-id=\"a12498d\" data-element_type=\"column\">\n\t\t\t<div class=\"elementor-widget-wrap elementor-element-populated\">\n\t\t\t\t\t\t<div class=\"elementor-element elementor-element-4062c97 elementor-widget elementor-widget-spacer\" data-id=\"4062c97\" data-element_type=\"widget\" data-widget_type=\"spacer.default\">\n\t\t\t\t<div class=\"elementor-widget-container\">\n\t\t\t\t\t\t\t<div class=\"elementor-spacer\">\n\t\t\t<div class=\"elementor-spacer-inner\"><\/div>\n\t\t<\/div>\n\t\t\t\t\t\t<\/div>\n\t\t\t\t<\/div>\n\t\t\t\t<div class=\"elementor-element elementor-element-3e5fd9c elementor-widget elementor-widget-heading\" data-id=\"3e5fd9c\" data-element_type=\"widget\" data-widget_type=\"heading.default\">\n\t\t\t\t<div class=\"elementor-widget-container\">\n\t\t\t\t\t<h1 class=\"elementor-heading-title elementor-size-default\">Importan\u021ba hranei adaptate pentru albine<\/h1>\t\t\t\t<\/div>\n\t\t\t\t<\/div>\n\t\t\t\t<div class=\"elementor-element elementor-element-7dce363 elementor-widget elementor-widget-text-editor\" data-id=\"7dce363\" data-element_type=\"widget\" data-widget_type=\"text-editor.default\">\n\t\t\t\t<div class=\"elementor-widget-container\">\n\t\t\t\t\t\t\t\t\t<p>Supravie\u021buirea albinelor care produc miere depinde \u00eentr-o mare m\u0103sur\u0103 de stup, de starea lor de s\u0103n\u0103tate \u0219i, \u00een special, de hrana lor. De asemenea, fluxurile de nectar pot varia foarte mult de la o regiune la alta \u0219i \u00een func\u021bie de sezon, prin urmare hr\u0103nirea \u0219i alimenta\u021bia corespunz\u0103toare sunt necesare pentru a men\u021bine activit\u0103\u021bile de reproducere \u0219i pentru a satisface cerin\u021bele alimentare.<\/p>\n\t\t\t\t\t\t\t\t<\/div>\n\t\t\t\t<\/div>\n\t\t\t\t\t<\/div>\n\t\t<\/div>\n\t\t\t\t<div class=\"elementor-column elementor-col-50 elementor-top-column elementor-element elementor-element-f2ea84d\" data-id=\"f2ea84d\" data-element_type=\"column\">\n\t\t\t<div class=\"elementor-widget-wrap elementor-element-populated\">\n\t\t\t\t\t\t<div class=\"elementor-element elementor-element-f7003f2 elementor-widget elementor-widget-image\" data-id=\"f7003f2\" data-element_type=\"widget\" data-widget_type=\"image.default\">\n\t\t\t\t<div class=\"elementor-widget-container\">\n\t\t\t\t\t\t\t\t\t\t\t\t\t\t\t<img fetchpriority=\"high\" decoding=\"async\" width=\"812\" height=\"442\" src=\"https:\/\/www.beefeed.com\/wp-content\/uploads\/2019\/05\/Cropped_HEX_shutterstock_363311150-1024x558.jpg\" class=\"attachment-large size-large wp-image-4038\" alt=\"Floarea-soarelui \u0219i albina\" srcset=\"https:\/\/www.beefeed.com\/wp-content\/uploads\/2019\/05\/Cropped_HEX_shutterstock_363311150-1024x558.jpg 1024w, https:\/\/www.beefeed.com\/wp-content\/uploads\/2019\/05\/Cropped_HEX_shutterstock_363311150-300x163.jpg 300w, https:\/\/www.beefeed.com\/wp-content\/uploads\/2019\/05\/Cropped_HEX_shutterstock_363311150-768x418.jpg 768w, https:\/\/www.beefeed.com\/wp-content\/uploads\/2019\/05\/Cropped_HEX_shutterstock_363311150.jpg 1440w\" sizes=\"(max-width: 812px) 100vw, 812px\" \/>\t\t\t\t\t\t\t\t\t\t\t\t\t\t\t<\/div>\n\t\t\t\t<\/div>\n\t\t\t\t\t<\/div>\n\t\t<\/div>\n\t\t\t\t\t<\/div>\n\t\t<\/section>\n\t\t\t\t<section class=\"elementor-section elementor-top-section elementor-element elementor-element-5ae1782 elementor-section-stretched elementor-section-content-top api-section elementor-section-boxed elementor-section-height-default elementor-section-height-default\" data-id=\"5ae1782\" data-element_type=\"section\" data-settings=\"{&quot;stretch_section&quot;:&quot;section-stretched&quot;,&quot;background_background&quot;:&quot;classic&quot;}\">\n\t\t\t\t\t\t<div class=\"elementor-container elementor-column-gap-default\">\n\t\t\t\t\t<div class=\"elementor-column elementor-col-66 elementor-top-column elementor-element elementor-element-8a907e1 api-section-column\" data-id=\"8a907e1\" data-element_type=\"column\">\n\t\t\t<div class=\"elementor-widget-wrap elementor-element-populated\">\n\t\t\t\t\t\t<div class=\"elementor-element elementor-element-47ec536 elementor-widget elementor-widget-text-editor\" data-id=\"47ec536\" data-element_type=\"widget\" data-widget_type=\"text-editor.default\">\n\t\t\t\t<div class=\"elementor-widget-container\">\n\t\t\t\t\t\t\t\t\t<p>Importan\u021ba deosebit\u0103 a hranei pentru albine poate fi ilustrat\u0103 prin luarea \u00een considerare a etapelor de dezvoltare a acestora: \u00een timpul dezvolt\u0103rii de la ou la insect\u0103, aportul de proteine reprezint\u0103 un factor-cheie; pentru albinele mature, prin contrast (tr\u00e2ntori, albine lucr\u0103toare \u0219i regine), are prioritate asigurarea de energie sub form\u0103 de carbohidra\u021bi.<\/p>\n\t\t\t\t\t\t\t\t<\/div>\n\t\t\t\t<\/div>\n\t\t\t\t\t<\/div>\n\t\t<\/div>\n\t\t\t\t<div class=\"elementor-column elementor-col-33 elementor-top-column elementor-element elementor-element-5e93ebb\" data-id=\"5e93ebb\" data-element_type=\"column\">\n\t\t\t<div class=\"elementor-widget-wrap\">\n\t\t\t\t\t\t\t<\/div>\n\t\t<\/div>\n\t\t\t\t\t<\/div>\n\t\t<\/section>\n\t\t\t\t<section class=\"elementor-section elementor-top-section elementor-element elementor-element-e2a8b0f elementor-section-stretched api-section elementor-section-boxed elementor-section-height-default elementor-section-height-default\" data-id=\"e2a8b0f\" data-element_type=\"section\" data-settings=\"{&quot;stretch_section&quot;:&quot;section-stretched&quot;,&quot;background_background&quot;:&quot;classic&quot;}\">\n\t\t\t\t\t\t<div class=\"elementor-container elementor-column-gap-default\">\n\t\t\t\t\t<div class=\"elementor-column elementor-col-66 elementor-top-column elementor-element elementor-element-5ca4c68 api-section-column\" data-id=\"5ca4c68\" data-element_type=\"column\" data-settings=\"{&quot;background_background&quot;:&quot;classic&quot;}\">\n\t\t\t<div class=\"elementor-widget-wrap elementor-element-populated\">\n\t\t\t\t\t\t<section class=\"elementor-section elementor-inner-section elementor-element elementor-element-71f4368 elementor-section-content-middle elementor-section-boxed elementor-section-height-default elementor-section-height-default\" data-id=\"71f4368\" data-element_type=\"section\">\n\t\t\t\t\t\t<div class=\"elementor-container elementor-column-gap-default\">\n\t\t\t\t\t<div class=\"elementor-column elementor-col-50 elementor-inner-column elementor-element elementor-element-20b4be4\" data-id=\"20b4be4\" data-element_type=\"column\">\n\t\t\t<div class=\"elementor-widget-wrap elementor-element-populated\">\n\t\t\t\t\t\t<div class=\"elementor-element elementor-element-25c03aa api-line-title elementor-widget elementor-widget-heading\" data-id=\"25c03aa\" data-element_type=\"widget\" data-widget_type=\"heading.default\">\n\t\t\t\t<div class=\"elementor-widget-container\">\n\t\t\t\t\t<h3 class=\"elementor-heading-title elementor-size-default\"><a href=\"https:\/\/www.beefeed.com\/en\/beefeeding-advantages-api\/\">\u00cen continuare: Avantajele API<\/a><\/h3>\t\t\t\t<\/div>\n\t\t\t\t<\/div>\n\t\t\t\t<div class=\"elementor-element elementor-element-063b5d0 elementor-widget elementor-widget-text-editor\" data-id=\"063b5d0\" data-element_type=\"widget\" data-widget_type=\"text-editor.default\">\n\t\t\t\t<div class=\"elementor-widget-container\">\n\t\t\t\t\t\t\t\t\t<p>Citi\u021bi totul despre hrana API gata de folosire<\/p>\n\t\t\t\t\t\t\t\t<\/div>\n\t\t\t\t<\/div>\n\t\t\t\t\t<\/div>\n\t\t<\/div>\n\t\t\t\t<div class=\"elementor-column elementor-col-50 elementor-inner-column elementor-element elementor-element-2712466\" data-id=\"2712466\" data-element_type=\"column\">\n\t\t\t<div class=\"elementor-widget-wrap elementor-element-populated\">\n\t\t\t\t\t\t<div class=\"elementor-element elementor-element-9460f57 elementor-widget elementor-widget-image\" data-id=\"9460f57\" data-element_type=\"widget\" data-widget_type=\"image.default\">\n\t\t\t\t<div class=\"elementor-widget-container\">\n\t\t\t\t\t\t\t\t\t\t\t\t\t\t\t\t<a href=\"https:\/\/www.beefeed.com\/en\/beefeeding-advantages-api\/\">\n\t\t\t\t\t\t\t<img decoding=\"async\" width=\"66\" height=\"61\" src=\"https:\/\/www.beefeed.com\/wp-content\/uploads\/2019\/04\/icon-arrow-temp.png\" class=\"attachment-full size-full wp-image-4041\" alt=\"Icon arrow\" \/>\t\t\t\t\t\t\t\t<\/a>\n\t\t\t\t\t\t\t\t\t\t\t\t\t\t\t<\/div>\n\t\t\t\t<\/div>\n\t\t\t\t\t<\/div>\n\t\t<\/div>\n\t\t\t\t\t<\/div>\n\t\t<\/section>\n\t\t\t\t\t<\/div>\n\t\t<\/div>\n\t\t\t\t<div class=\"elementor-column elementor-col-33 elementor-top-column elementor-element elementor-element-303708a\" data-id=\"303708a\" data-element_type=\"column\">\n\t\t\t<div class=\"elementor-widget-wrap\">\n\t\t\t\t\t\t\t<\/div>\n\t\t<\/div>\n\t\t\t\t\t<\/div>\n\t\t<\/section>\n\t\t\t\t<\/div>\n\t\t","protected":false},"excerpt":{"rendered":"<p>Importan\u021ba hranei adaptate pentru albine Supravie\u021buirea albinelor care produc miere depinde \u00eentr-o mare m\u0103sur\u0103 de stup, de starea lor de s\u0103n\u0103tate \u0219i, \u00een special, de hrana lor. De asemenea, fluxurile de nectar pot varia foarte mult de la o regiune la alta \u0219i \u00een func\u021bie de sezon, prin urmare hr\u0103nirea \u0219i alimenta\u021bia corespunz\u0103toare sunt necesare [&hellip;]<\/p>\n","protected":false},"author":1,"featured_media":4625,"parent":0,"menu_order":0,"comment_status":"closed","ping_status":"closed","template":"elementor_header_footer","meta":{"_acf_changed":false,"_mc_calendar":[],"footnotes":"","_links_to":"","_links_to_target":"","_wp_rev_ctl_limit":""},"class_list":["post-4440","page","type-page","status-publish","has-post-thumbnail","hentry"],"acf":[],"yoast_head":"<!-- This site is optimized with the Yoast SEO Premium plugin v25.6 (Yoast SEO v25.6) - https:\/\/yoast.com\/wordpress\/plugins\/seo\/ -->\n<title>API - Importan\u021ba hranei adaptate pentru albine<\/title>\n<meta name=\"robots\" content=\"index, follow, max-snippet:-1, max-image-preview:large, max-video-preview:-1\" \/>\n<link rel=\"canonical\" href=\"https:\/\/www.beefeed.com\/ro\/importanta-hranei-adaptate-pentru-albine\/\" \/>\n<meta property=\"og:locale\" content=\"ro_RO\" \/>\n<meta property=\"og:type\" content=\"article\" \/>\n<meta property=\"og:title\" content=\"Importan\u021ba hranei adaptate pentru albine\" \/>\n<meta property=\"og:description\" content=\"Importan\u021ba hranei adaptate pentru albine Supravie\u021buirea albinelor care produc miere depinde \u00eentr-o mare m\u0103sur\u0103 de stup, de starea lor de s\u0103n\u0103tate \u0219i, \u00een special, de hrana lor. De asemenea, fluxurile de nectar pot varia foarte mult de la o regiune la alta \u0219i \u00een func\u021bie de sezon, prin urmare hr\u0103nirea \u0219i alimenta\u021bia corespunz\u0103toare sunt necesare [&hellip;]\" \/>\n<meta property=\"og:url\" content=\"https:\/\/www.beefeed.com\/ro\/importanta-hranei-adaptate-pentru-albine\/\" \/>\n<meta property=\"og:site_name\" content=\"API\" \/>\n<meta property=\"article:modified_time\" content=\"2020-02-06T13:07:03+00:00\" \/>\n<meta property=\"og:image\" content=\"https:\/\/www.beefeed.com\/wp-content\/uploads\/2019\/10\/API-Full-Range-line-up-V2.png\" \/>\n\t<meta property=\"og:image:width\" content=\"640\" \/>\n\t<meta property=\"og:image:height\" content=\"371\" \/>\n\t<meta property=\"og:image:type\" content=\"image\/png\" \/>\n<meta name=\"twitter:card\" content=\"summary_large_image\" \/>\n<meta name=\"twitter:label1\" content=\"Timp estimat pentru citire\" \/>\n\t<meta name=\"twitter:data1\" content=\"1 minut\" \/>\n<script type=\"application\/ld+json\" class=\"yoast-schema-graph\">{\"@context\":\"https:\/\/schema.org\",\"@graph\":[{\"@type\":\"WebPage\",\"@id\":\"https:\/\/www.beefeed.com\/ro\/importanta-hranei-adaptate-pentru-albine\/\",\"url\":\"https:\/\/www.beefeed.com\/ro\/importanta-hranei-adaptate-pentru-albine\/\",\"name\":\"API - Importan\u021ba hranei adaptate pentru albine\",\"isPartOf\":{\"@id\":\"https:\/\/www.beefeed.com\/ro\/#website\"},\"primaryImageOfPage\":{\"@id\":\"https:\/\/www.beefeed.com\/ro\/importanta-hranei-adaptate-pentru-albine\/#primaryimage\"},\"image\":{\"@id\":\"https:\/\/www.beefeed.com\/ro\/importanta-hranei-adaptate-pentru-albine\/#primaryimage\"},\"thumbnailUrl\":\"https:\/\/www.beefeed.com\/wp-content\/uploads\/2019\/10\/API-Full-Range-line-up-V2.png\",\"datePublished\":\"2019-09-18T12:00:47+00:00\",\"dateModified\":\"2020-02-06T13:07:03+00:00\",\"breadcrumb\":{\"@id\":\"https:\/\/www.beefeed.com\/ro\/importanta-hranei-adaptate-pentru-albine\/#breadcrumb\"},\"inLanguage\":\"ro-RO\",\"potentialAction\":[{\"@type\":\"ReadAction\",\"target\":[\"https:\/\/www.beefeed.com\/ro\/importanta-hranei-adaptate-pentru-albine\/\"]}]},{\"@type\":\"ImageObject\",\"inLanguage\":\"ro-RO\",\"@id\":\"https:\/\/www.beefeed.com\/ro\/importanta-hranei-adaptate-pentru-albine\/#primaryimage\",\"url\":\"https:\/\/www.beefeed.com\/wp-content\/uploads\/2019\/10\/API-Full-Range-line-up-V2.png\",\"contentUrl\":\"https:\/\/www.beefeed.com\/wp-content\/uploads\/2019\/10\/API-Full-Range-line-up-V2.png\",\"width\":640,\"height\":371,\"caption\":\"Gama complet\u0103 de produse API\"},{\"@type\":\"BreadcrumbList\",\"@id\":\"https:\/\/www.beefeed.com\/ro\/importanta-hranei-adaptate-pentru-albine\/#breadcrumb\",\"itemListElement\":[{\"@type\":\"ListItem\",\"position\":1,\"name\":\"Home\",\"item\":\"https:\/\/www.beefeed.com\/ro\/\"},{\"@type\":\"ListItem\",\"position\":2,\"name\":\"Importan\u021ba hranei adaptate pentru albine\"}]},{\"@type\":\"WebSite\",\"@id\":\"https:\/\/www.beefeed.com\/ro\/#website\",\"url\":\"https:\/\/www.beefeed.com\/ro\/\",\"name\":\"API\",\"description\":\"\",\"publisher\":{\"@id\":\"https:\/\/www.beefeed.com\/ro\/#organization\"},\"potentialAction\":[{\"@type\":\"SearchAction\",\"target\":{\"@type\":\"EntryPoint\",\"urlTemplate\":\"https:\/\/www.beefeed.com\/ro\/?s={search_term_string}\"},\"query-input\":{\"@type\":\"PropertyValueSpecification\",\"valueRequired\":true,\"valueName\":\"search_term_string\"}}],\"inLanguage\":\"ro-RO\"},{\"@type\":\"Organization\",\"@id\":\"https:\/\/www.beefeed.com\/ro\/#organization\",\"name\":\"Suedzucker AG\",\"url\":\"https:\/\/www.beefeed.com\/ro\/\",\"logo\":{\"@type\":\"ImageObject\",\"inLanguage\":\"ro-RO\",\"@id\":\"https:\/\/www.beefeed.com\/ro\/#\/schema\/logo\/image\/\",\"url\":\"https:\/\/www.beefeed.com\/wp-content\/uploads\/2019\/06\/Logo-API-e1560863497158.png\",\"contentUrl\":\"https:\/\/www.beefeed.com\/wp-content\/uploads\/2019\/06\/Logo-API-e1560863497158.png\",\"width\":1772,\"height\":1890,\"caption\":\"Suedzucker AG\"},\"image\":{\"@id\":\"https:\/\/www.beefeed.com\/ro\/#\/schema\/logo\/image\/\"}}]}<\/script>\n<!-- \/ Yoast SEO Premium plugin. -->","yoast_head_json":{"title":"API - Importan\u021ba hranei adaptate pentru albine","robots":{"index":"index","follow":"follow","max-snippet":"max-snippet:-1","max-image-preview":"max-image-preview:large","max-video-preview":"max-video-preview:-1"},"canonical":"https:\/\/www.beefeed.com\/ro\/importanta-hranei-adaptate-pentru-albine\/","og_locale":"ro_RO","og_type":"article","og_title":"Importan\u021ba hranei adaptate pentru albine","og_description":"Importan\u021ba hranei adaptate pentru albine Supravie\u021buirea albinelor care produc miere depinde \u00eentr-o mare m\u0103sur\u0103 de stup, de starea lor de s\u0103n\u0103tate \u0219i, \u00een special, de hrana lor. De asemenea, fluxurile de nectar pot varia foarte mult de la o regiune la alta \u0219i \u00een func\u021bie de sezon, prin urmare hr\u0103nirea \u0219i alimenta\u021bia corespunz\u0103toare sunt necesare [&hellip;]","og_url":"https:\/\/www.beefeed.com\/ro\/importanta-hranei-adaptate-pentru-albine\/","og_site_name":"API","article_modified_time":"2020-02-06T13:07:03+00:00","og_image":[{"width":640,"height":371,"url":"https:\/\/www.beefeed.com\/wp-content\/uploads\/2019\/10\/API-Full-Range-line-up-V2.png","type":"image\/png"}],"twitter_card":"summary_large_image","twitter_misc":{"Timp estimat pentru citire":"1 minut"},"schema":{"@context":"https:\/\/schema.org","@graph":[{"@type":"WebPage","@id":"https:\/\/www.beefeed.com\/ro\/importanta-hranei-adaptate-pentru-albine\/","url":"https:\/\/www.beefeed.com\/ro\/importanta-hranei-adaptate-pentru-albine\/","name":"API - Importan\u021ba hranei adaptate pentru albine","isPartOf":{"@id":"https:\/\/www.beefeed.com\/ro\/#website"},"primaryImageOfPage":{"@id":"https:\/\/www.beefeed.com\/ro\/importanta-hranei-adaptate-pentru-albine\/#primaryimage"},"image":{"@id":"https:\/\/www.beefeed.com\/ro\/importanta-hranei-adaptate-pentru-albine\/#primaryimage"},"thumbnailUrl":"https:\/\/www.beefeed.com\/wp-content\/uploads\/2019\/10\/API-Full-Range-line-up-V2.png","datePublished":"2019-09-18T12:00:47+00:00","dateModified":"2020-02-06T13:07:03+00:00","breadcrumb":{"@id":"https:\/\/www.beefeed.com\/ro\/importanta-hranei-adaptate-pentru-albine\/#breadcrumb"},"inLanguage":"ro-RO","potentialAction":[{"@type":"ReadAction","target":["https:\/\/www.beefeed.com\/ro\/importanta-hranei-adaptate-pentru-albine\/"]}]},{"@type":"ImageObject","inLanguage":"ro-RO","@id":"https:\/\/www.beefeed.com\/ro\/importanta-hranei-adaptate-pentru-albine\/#primaryimage","url":"https:\/\/www.beefeed.com\/wp-content\/uploads\/2019\/10\/API-Full-Range-line-up-V2.png","contentUrl":"https:\/\/www.beefeed.com\/wp-content\/uploads\/2019\/10\/API-Full-Range-line-up-V2.png","width":640,"height":371,"caption":"Gama complet\u0103 de produse API"},{"@type":"BreadcrumbList","@id":"https:\/\/www.beefeed.com\/ro\/importanta-hranei-adaptate-pentru-albine\/#breadcrumb","itemListElement":[{"@type":"ListItem","position":1,"name":"Home","item":"https:\/\/www.beefeed.com\/ro\/"},{"@type":"ListItem","position":2,"name":"Importan\u021ba hranei adaptate pentru albine"}]},{"@type":"WebSite","@id":"https:\/\/www.beefeed.com\/ro\/#website","url":"https:\/\/www.beefeed.com\/ro\/","name":"API","description":"","publisher":{"@id":"https:\/\/www.beefeed.com\/ro\/#organization"},"potentialAction":[{"@type":"SearchAction","target":{"@type":"EntryPoint","urlTemplate":"https:\/\/www.beefeed.com\/ro\/?s={search_term_string}"},"query-input":{"@type":"PropertyValueSpecification","valueRequired":true,"valueName":"search_term_string"}}],"inLanguage":"ro-RO"},{"@type":"Organization","@id":"https:\/\/www.beefeed.com\/ro\/#organization","name":"Suedzucker AG","url":"https:\/\/www.beefeed.com\/ro\/","logo":{"@type":"ImageObject","inLanguage":"ro-RO","@id":"https:\/\/www.beefeed.com\/ro\/#\/schema\/logo\/image\/","url":"https:\/\/www.beefeed.com\/wp-content\/uploads\/2019\/06\/Logo-API-e1560863497158.png","contentUrl":"https:\/\/www.beefeed.com\/wp-content\/uploads\/2019\/06\/Logo-API-e1560863497158.png","width":1772,"height":1890,"caption":"Suedzucker AG"},"image":{"@id":"https:\/\/www.beefeed.com\/ro\/#\/schema\/logo\/image\/"}}]}},"_links":{"self":[{"href":"https:\/\/www.beefeed.com\/ro\/wp-json\/wp\/v2\/pages\/4440","targetHints":{"allow":["GET"]}}],"collection":[{"href":"https:\/\/www.beefeed.com\/ro\/wp-json\/wp\/v2\/pages"}],"about":[{"href":"https:\/\/www.beefeed.com\/ro\/wp-json\/wp\/v2\/types\/page"}],"author":[{"embeddable":true,"href":"https:\/\/www.beefeed.com\/ro\/wp-json\/wp\/v2\/users\/1"}],"replies":[{"embeddable":true,"href":"https:\/\/www.beefeed.com\/ro\/wp-json\/wp\/v2\/comments?post=4440"}],"version-history":[{"count":0,"href":"https:\/\/www.beefeed.com\/ro\/wp-json\/wp\/v2\/pages\/4440\/revisions"}],"wp:featuredmedia":[{"embeddable":true,"href":"https:\/\/www.beefeed.com\/ro\/wp-json\/wp\/v2\/media\/4625"}],"wp:attachment":[{"href":"https:\/\/www.beefeed.com\/ro\/wp-json\/wp\/v2\/media?parent=4440"}],"curies":[{"name":"wp","href":"https:\/\/api.w.org\/{rel}","templated":true}]}}